{"id":104,"date":"2015-06-30T20:37:37","date_gmt":"2015-06-30T20:37:37","guid":{"rendered":"http:\/\/dev.dart.is\/?page_id=104"},"modified":"2015-07-02T18:12:20","modified_gmt":"2015-07-02T18:12:20","slug":"ips","status":"publish","type":"page","link":"https:\/\/dart.is\/en\/ips\/","title":{"rendered":"\u00cdPS"},"content":{"rendered":"<p>Sambandi\u00f0 heitir \u00cdslenska P\u00edlukastsambandi\u00f0, skammstafa\u00f0 \u00cd.P.S<\/p>\n<p>\u00cdslenska p\u00edlukastsambandi\u00f0 er landssamband\u00a0p\u00edlukastara \u00e1 \u00cdslandi.<\/p>\n<p>Markmi\u00f0 Sambandsins eru:<\/p>\n<p>&#8211; \u00a0A\u00f0 gl\u00e6\u00f0a \u00e1huga \u00e1 p\u00edlukasti og gera sem flestum kleift a\u00f0 f\u00e1 noti\u00f0 \u00e1n\u00e6gju af p\u00edlukasti.<\/p>\n<p>&#8211; \u00a0A\u00f0 stu\u00f0la a\u00f0 \u00fev\u00ed a\u00f0 \u00e1 \u00cdslandi s\u00e9 jafnan fyrir hendi hin besta a\u00f0sta\u00f0a til i\u00f0kunar p\u00edlukasts.<\/p>\n<div class=\"page\" title=\"Page 1\">\n<div class=\"layoutArea\">\n<div class=\"column\">\n<p>&#8211; A\u00f0 halda uppi sem mestum og bestum tengslum milli \u00edslenskra og erlendra p\u00edlukastara.<\/p>\n<p>&nbsp;<\/p>\n<\/div>\n<\/div>\n<\/div>\n","protected":false},"excerpt":{"rendered":"<p>Sambandi\u00f0 heitir \u00cdslenska P\u00edlukastsambandi\u00f0, skammstafa\u00f0 \u00cd.P.S \u00cdslenska p\u00edlukastsambandi\u00f0 er landssamband\u00a0p\u00edlukastara \u00e1 \u00cdslandi. Markmi\u00f0 Sambandsins eru: &#8211; \u00a0A\u00f0 gl\u00e6\u00f0a<\/p>\n","protected":false},"author":1,"featured_media":0,"parent":0,"menu_order":0,"comment_status":"closed","ping_status":"closed","template":"","meta":{"footnotes":""},"class_list":["post-104","page","type-page","status-publish","hentry"],"yoast_head":"<!-- This site is optimized with the Yoast SEO plugin v27.1.1 - https:\/\/yoast.com\/product\/yoast-seo-wordpress\/ -->\n<title>\u00cdPS - \u00cdPS -\u00a0Dart.is<\/title>\n<meta name=\"robots\" content=\"index, follow, max-snippet:-1, max-image-preview:large, max-video-preview:-1\" \/>\n<link rel=\"canonical\" href=\"https:\/\/dart.is\/en\/ips\/\" \/>\n<meta property=\"og:locale\" content=\"en_GB\" \/>\n<meta property=\"og:locale:alternate\" content=\"is_IS\" \/>\n<meta property=\"og:type\" content=\"article\" \/>\n<meta property=\"og:title\" content=\"\u00cdPS - \u00cdPS -\u00a0Dart.is\" \/>\n<meta property=\"og:description\" content=\"Sambandi\u00f0 heitir \u00cdslenska P\u00edlukastsambandi\u00f0, skammstafa\u00f0 \u00cd.P.S \u00cdslenska p\u00edlukastsambandi\u00f0 er landssamband\u00a0p\u00edlukastara \u00e1 \u00cdslandi. Markmi\u00f0 Sambandsins eru: &#8211; \u00a0A\u00f0 gl\u00e6\u00f0a\" \/>\n<meta property=\"og:url\" content=\"https:\/\/dart.is\/en\/ips\/\" \/>\n<meta property=\"og:site_name\" content=\"\u00cdPS -\u00a0Dart.is\" \/>\n<meta property=\"article:publisher\" content=\"http:\/\/www.facebook.com\/ipsdart.is\" \/>\n<meta property=\"article:modified_time\" content=\"2015-07-02T18:12:20+00:00\" \/>\n<meta name=\"twitter:card\" content=\"summary_large_image\" \/>\n<meta name=\"twitter:site\" content=\"@livedarticeland\" \/>\n<script type=\"application\/ld+json\" class=\"yoast-schema-graph\">{\"@context\":\"https:\/\/schema.org\",\"@graph\":[{\"@type\":\"WebPage\",\"@id\":\"https:\/\/dart.is\/ips\/\",\"url\":\"https:\/\/dart.is\/ips\/\",\"name\":\"\u00cdPS - \u00cdPS -\u00a0Dart.is\",\"isPartOf\":{\"@id\":\"https:\/\/dart.is\/#website\"},\"datePublished\":\"2015-06-30T20:37:37+00:00\",\"dateModified\":\"2015-07-02T18:12:20+00:00\",\"breadcrumb\":{\"@id\":\"https:\/\/dart.is\/ips\/#breadcrumb\"},\"inLanguage\":\"en\",\"potentialAction\":[{\"@type\":\"ReadAction\",\"target\":[\"https:\/\/dart.is\/ips\/\"]}]},{\"@type\":\"BreadcrumbList\",\"@id\":\"https:\/\/dart.is\/ips\/#breadcrumb\",\"itemListElement\":[{\"@type\":\"ListItem\",\"position\":1,\"name\":\"Home\",\"item\":\"https:\/\/dart.is\/\"},{\"@type\":\"ListItem\",\"position\":2,\"name\":\"\u00cdPS\"}]},{\"@type\":\"WebSite\",\"@id\":\"https:\/\/dart.is\/#website\",\"url\":\"https:\/\/dart.is\/\",\"name\":\"\u00cdPS -\u00a0Dart.is\",\"description\":\"Full member of The World Darts Federation\",\"publisher\":{\"@id\":\"https:\/\/dart.is\/#organization\"},\"potentialAction\":[{\"@type\":\"SearchAction\",\"target\":{\"@type\":\"EntryPoint\",\"urlTemplate\":\"https:\/\/dart.is\/?s={search_term_string}\"},\"query-input\":{\"@type\":\"PropertyValueSpecification\",\"valueRequired\":true,\"valueName\":\"search_term_string\"}}],\"inLanguage\":\"en\"},{\"@type\":\"Organization\",\"@id\":\"https:\/\/dart.is\/#organization\",\"name\":\"\u00cdPS -\u00a0Dart.is\",\"url\":\"https:\/\/dart.is\/\",\"logo\":{\"@type\":\"ImageObject\",\"inLanguage\":\"en\",\"@id\":\"https:\/\/dart.is\/#\/schema\/logo\/image\/\",\"url\":\"https:\/\/i0.wp.com\/dart.is\/wp-content\/uploads\/2023\/05\/cropped-ips-new-header.png?fit=2200%2C250&ssl=1\",\"contentUrl\":\"https:\/\/i0.wp.com\/dart.is\/wp-content\/uploads\/2023\/05\/cropped-ips-new-header.png?fit=2200%2C250&ssl=1\",\"width\":2200,\"height\":250,\"caption\":\"\u00cdPS -\u00a0Dart.is\"},\"image\":{\"@id\":\"https:\/\/dart.is\/#\/schema\/logo\/image\/\"},\"sameAs\":[\"http:\/\/www.facebook.com\/ipsdart.is\",\"https:\/\/x.com\/livedarticeland\"]}]}<\/script>\n<!-- \/ Yoast SEO plugin. -->","yoast_head_json":{"title":"\u00cdPS - \u00cdPS -\u00a0Dart.is","robots":{"index":"index","follow":"follow","max-snippet":"max-snippet:-1","max-image-preview":"max-image-preview:large","max-video-preview":"max-video-preview:-1"},"canonical":"https:\/\/dart.is\/en\/ips\/","og_locale":"en_GB","og_type":"article","og_title":"\u00cdPS - \u00cdPS -\u00a0Dart.is","og_description":"Sambandi\u00f0 heitir \u00cdslenska P\u00edlukastsambandi\u00f0, skammstafa\u00f0 \u00cd.P.S \u00cdslenska p\u00edlukastsambandi\u00f0 er landssamband\u00a0p\u00edlukastara \u00e1 \u00cdslandi. Markmi\u00f0 Sambandsins eru: &#8211; \u00a0A\u00f0 gl\u00e6\u00f0a","og_url":"https:\/\/dart.is\/en\/ips\/","og_site_name":"\u00cdPS -\u00a0Dart.is","article_publisher":"http:\/\/www.facebook.com\/ipsdart.is","article_modified_time":"2015-07-02T18:12:20+00:00","twitter_card":"summary_large_image","twitter_site":"@livedarticeland","schema":{"@context":"https:\/\/schema.org","@graph":[{"@type":"WebPage","@id":"https:\/\/dart.is\/ips\/","url":"https:\/\/dart.is\/ips\/","name":"\u00cdPS - \u00cdPS -\u00a0Dart.is","isPartOf":{"@id":"https:\/\/dart.is\/#website"},"datePublished":"2015-06-30T20:37:37+00:00","dateModified":"2015-07-02T18:12:20+00:00","breadcrumb":{"@id":"https:\/\/dart.is\/ips\/#breadcrumb"},"inLanguage":"en","potentialAction":[{"@type":"ReadAction","target":["https:\/\/dart.is\/ips\/"]}]},{"@type":"BreadcrumbList","@id":"https:\/\/dart.is\/ips\/#breadcrumb","itemListElement":[{"@type":"ListItem","position":1,"name":"Home","item":"https:\/\/dart.is\/"},{"@type":"ListItem","position":2,"name":"\u00cdPS"}]},{"@type":"WebSite","@id":"https:\/\/dart.is\/#website","url":"https:\/\/dart.is\/","name":"\u00cdPS -\u00a0Dart.is","description":"Full member of The World Darts Federation","publisher":{"@id":"https:\/\/dart.is\/#organization"},"potentialAction":[{"@type":"SearchAction","target":{"@type":"EntryPoint","urlTemplate":"https:\/\/dart.is\/?s={search_term_string}"},"query-input":{"@type":"PropertyValueSpecification","valueRequired":true,"valueName":"search_term_string"}}],"inLanguage":"en"},{"@type":"Organization","@id":"https:\/\/dart.is\/#organization","name":"\u00cdPS -\u00a0Dart.is","url":"https:\/\/dart.is\/","logo":{"@type":"ImageObject","inLanguage":"en","@id":"https:\/\/dart.is\/#\/schema\/logo\/image\/","url":"https:\/\/i0.wp.com\/dart.is\/wp-content\/uploads\/2023\/05\/cropped-ips-new-header.png?fit=2200%2C250&ssl=1","contentUrl":"https:\/\/i0.wp.com\/dart.is\/wp-content\/uploads\/2023\/05\/cropped-ips-new-header.png?fit=2200%2C250&ssl=1","width":2200,"height":250,"caption":"\u00cdPS -\u00a0Dart.is"},"image":{"@id":"https:\/\/dart.is\/#\/schema\/logo\/image\/"},"sameAs":["http:\/\/www.facebook.com\/ipsdart.is","https:\/\/x.com\/livedarticeland"]}]}},"jetpack_likes_enabled":true,"jetpack_sharing_enabled":true,"_links":{"self":[{"href":"https:\/\/dart.is\/en\/wp-json\/wp\/v2\/pages\/104","targetHints":{"allow":["GET"]}}],"collection":[{"href":"https:\/\/dart.is\/en\/wp-json\/wp\/v2\/pages"}],"about":[{"href":"https:\/\/dart.is\/en\/wp-json\/wp\/v2\/types\/page"}],"author":[{"embeddable":true,"href":"https:\/\/dart.is\/en\/wp-json\/wp\/v2\/users\/1"}],"replies":[{"embeddable":true,"href":"https:\/\/dart.is\/en\/wp-json\/wp\/v2\/comments?post=104"}],"version-history":[{"count":3,"href":"https:\/\/dart.is\/en\/wp-json\/wp\/v2\/pages\/104\/revisions"}],"predecessor-version":[{"id":115,"href":"https:\/\/dart.is\/en\/wp-json\/wp\/v2\/pages\/104\/revisions\/115"}],"wp:attachment":[{"href":"https:\/\/dart.is\/en\/wp-json\/wp\/v2\/media?parent=104"}],"curies":[{"name":"wp","href":"https:\/\/api.w.org\/{rel}","templated":true}]}}