{"id":12852,"date":"2024-01-21T23:19:25","date_gmt":"2024-01-21T23:19:25","guid":{"rendered":"https:\/\/dart.is\/?page_id=12852"},"modified":"2025-01-31T07:57:48","modified_gmt":"2025-01-31T07:57:48","slug":"medaltol-2025","status":"publish","type":"page","link":"https:\/\/dart.is\/en\/medaltol-2025\/","title":{"rendered":"Floridana deildin &#8211; Me\u00f0alt\u00f6l 2025"},"content":{"rendered":"\n<div style=\"height:26px\" aria-hidden=\"true\" class=\"wp-block-spacer\"><\/div>\n\n\n\n<p>Gr\u00e1 sk\u00e1letru\u00f0 tala t\u00e1knar a\u00f0 vi\u00f0komandi leikma\u00f0ur m\u00e6tti ekki \u00ed umfer\u00f0 og n\u00fdjasta me\u00f0altal hans l\u00e6kkar \u00fev\u00ed um 5% \u00fe\u00e1 umfer\u00f0.<\/p>\n\n\n\n<p>Ef \u00fe\u00fa ert a\u00f0 sko\u00f0a \u00feessa s\u00ed\u00f0u \u00ed fars\u00edma e\u00f0a spjaldt\u00f6lvu \u00fe\u00e1 \u00fearftu a\u00f0 skruna til hli\u00f0ar til \u00feess a\u00f0 sko\u00f0a me\u00f0alt\u00f6l allra umfer\u00f0a.<\/p>\n\n\n\n<iframe loading=\"lazy\" src=\"https:\/\/docs.google.com\/spreadsheets\/d\/e\/2PACX-1vQI-yyBBJmmqHTboy7rM2Ib9CPYKYjSKFwHhZZtD3KWbdb1hFBKf15m6wDx_A3bmb2wvdl7kneADWw7\/pubhtml?gid=1996469346&#038;single=true&#038;widget=true&#038;headers=false&#038;range=A1:K500\" width=\"1000px\" height=\"9000px\" style=\"border: none; width: 1000px;\"><\/iframe>\n\n\n\n<p><\/p>\n","protected":false},"excerpt":{"rendered":"<p>Gr\u00e1 sk\u00e1letru\u00f0 tala t\u00e1knar a\u00f0 vi\u00f0komandi leikma\u00f0ur m\u00e6tti ekki \u00ed umfer\u00f0 og n\u00fdjasta me\u00f0altal hans l\u00e6kkar \u00fev\u00ed um<\/p>\n","protected":false},"author":7,"featured_media":0,"parent":0,"menu_order":0,"comment_status":"closed","ping_status":"closed","template":"","meta":{"footnotes":""},"class_list":["post-12852","page","type-page","status-publish","hentry"],"yoast_head":"<!-- This site is optimized with the Yoast SEO plugin v27.1.1 - https:\/\/yoast.com\/product\/yoast-seo-wordpress\/ -->\n<title>Floridana deildin - Me\u00f0alt\u00f6l 2025<\/title>\n<meta name=\"robots\" content=\"index, follow, max-snippet:-1, max-image-preview:large, max-video-preview:-1\" \/>\n<link rel=\"canonical\" href=\"https:\/\/dart.is\/en\/medaltol-2025\/\" \/>\n<meta property=\"og:locale\" content=\"en_GB\" \/>\n<meta property=\"og:locale:alternate\" content=\"is_IS\" \/>\n<meta property=\"og:type\" content=\"article\" \/>\n<meta property=\"og:title\" content=\"Floridana deildin - Me\u00f0alt\u00f6l 2025\" \/>\n<meta property=\"og:description\" content=\"Gr\u00e1 sk\u00e1letru\u00f0 tala t\u00e1knar a\u00f0 vi\u00f0komandi leikma\u00f0ur m\u00e6tti ekki \u00ed umfer\u00f0 og n\u00fdjasta me\u00f0altal hans l\u00e6kkar \u00fev\u00ed um\" \/>\n<meta property=\"og:url\" content=\"https:\/\/dart.is\/en\/medaltol-2025\/\" \/>\n<meta property=\"og:site_name\" content=\"\u00cdPS -\u00a0Dart.is\" \/>\n<meta property=\"article:publisher\" content=\"http:\/\/www.facebook.com\/ipsdart.is\" \/>\n<meta property=\"article:modified_time\" content=\"2025-01-31T07:57:48+00:00\" \/>\n<meta name=\"twitter:card\" content=\"summary_large_image\" \/>\n<meta name=\"twitter:site\" content=\"@livedarticeland\" \/>\n<meta name=\"twitter:label1\" content=\"Estimated reading time\" \/>\n\t<meta name=\"twitter:data1\" content=\"1 minute\" \/>\n<script type=\"application\/ld+json\" class=\"yoast-schema-graph\">{\"@context\":\"https:\/\/schema.org\",\"@graph\":[{\"@type\":\"WebPage\",\"@id\":\"https:\/\/dart.is\/medaltol-2025\/\",\"url\":\"https:\/\/dart.is\/medaltol-2025\/\",\"name\":\"Floridana deildin - Me\u00f0alt\u00f6l 2025\",\"isPartOf\":{\"@id\":\"https:\/\/dart.is\/#website\"},\"datePublished\":\"2024-01-21T23:19:25+00:00\",\"dateModified\":\"2025-01-31T07:57:48+00:00\",\"breadcrumb\":{\"@id\":\"https:\/\/dart.is\/medaltol-2025\/#breadcrumb\"},\"inLanguage\":\"en\",\"potentialAction\":[{\"@type\":\"ReadAction\",\"target\":[\"https:\/\/dart.is\/medaltol-2025\/\"]}]},{\"@type\":\"BreadcrumbList\",\"@id\":\"https:\/\/dart.is\/medaltol-2025\/#breadcrumb\",\"itemListElement\":[{\"@type\":\"ListItem\",\"position\":1,\"name\":\"Home\",\"item\":\"https:\/\/dart.is\/\"},{\"@type\":\"ListItem\",\"position\":2,\"name\":\"Floridana deildin &#8211; Me\u00f0alt\u00f6l 2025\"}]},{\"@type\":\"WebSite\",\"@id\":\"https:\/\/dart.is\/#website\",\"url\":\"https:\/\/dart.is\/\",\"name\":\"\u00cdPS -\u00a0Dart.is\",\"description\":\"Full member of The World Darts Federation\",\"publisher\":{\"@id\":\"https:\/\/dart.is\/#organization\"},\"potentialAction\":[{\"@type\":\"SearchAction\",\"target\":{\"@type\":\"EntryPoint\",\"urlTemplate\":\"https:\/\/dart.is\/?s={search_term_string}\"},\"query-input\":{\"@type\":\"PropertyValueSpecification\",\"valueRequired\":true,\"valueName\":\"search_term_string\"}}],\"inLanguage\":\"en\"},{\"@type\":\"Organization\",\"@id\":\"https:\/\/dart.is\/#organization\",\"name\":\"\u00cdPS -\u00a0Dart.is\",\"url\":\"https:\/\/dart.is\/\",\"logo\":{\"@type\":\"ImageObject\",\"inLanguage\":\"en\",\"@id\":\"https:\/\/dart.is\/#\/schema\/logo\/image\/\",\"url\":\"https:\/\/i0.wp.com\/dart.is\/wp-content\/uploads\/2023\/05\/cropped-ips-new-header.png?fit=2200%2C250&ssl=1\",\"contentUrl\":\"https:\/\/i0.wp.com\/dart.is\/wp-content\/uploads\/2023\/05\/cropped-ips-new-header.png?fit=2200%2C250&ssl=1\",\"width\":2200,\"height\":250,\"caption\":\"\u00cdPS -\u00a0Dart.is\"},\"image\":{\"@id\":\"https:\/\/dart.is\/#\/schema\/logo\/image\/\"},\"sameAs\":[\"http:\/\/www.facebook.com\/ipsdart.is\",\"https:\/\/x.com\/livedarticeland\"]}]}<\/script>\n<!-- \/ Yoast SEO plugin. -->","yoast_head_json":{"title":"Floridana deildin - Me\u00f0alt\u00f6l 2025","robots":{"index":"index","follow":"follow","max-snippet":"max-snippet:-1","max-image-preview":"max-image-preview:large","max-video-preview":"max-video-preview:-1"},"canonical":"https:\/\/dart.is\/en\/medaltol-2025\/","og_locale":"en_GB","og_type":"article","og_title":"[:is]Floridana deildin - Me\u00f0alt\u00f6l 2025[:] - \u00cdPS -\u00a0Dart.is","og_description":"Gr\u00e1 sk\u00e1letru\u00f0 tala t\u00e1knar a\u00f0 vi\u00f0komandi leikma\u00f0ur m\u00e6tti ekki \u00ed umfer\u00f0 og n\u00fdjasta me\u00f0altal hans l\u00e6kkar \u00fev\u00ed um","og_url":"https:\/\/dart.is\/en\/medaltol-2025\/","og_site_name":"\u00cdPS -\u00a0Dart.is","article_publisher":"http:\/\/www.facebook.com\/ipsdart.is","article_modified_time":"2025-01-31T07:57:48+00:00","twitter_card":"summary_large_image","twitter_site":"@livedarticeland","twitter_misc":{"Estimated reading time":"1 minute"},"schema":{"@context":"https:\/\/schema.org","@graph":[{"@type":"WebPage","@id":"https:\/\/dart.is\/medaltol-2025\/","url":"https:\/\/dart.is\/medaltol-2025\/","name":"Floridana deildin - Me\u00f0alt\u00f6l 2025","isPartOf":{"@id":"https:\/\/dart.is\/#website"},"datePublished":"2024-01-21T23:19:25+00:00","dateModified":"2025-01-31T07:57:48+00:00","breadcrumb":{"@id":"https:\/\/dart.is\/medaltol-2025\/#breadcrumb"},"inLanguage":"en","potentialAction":[{"@type":"ReadAction","target":["https:\/\/dart.is\/medaltol-2025\/"]}]},{"@type":"BreadcrumbList","@id":"https:\/\/dart.is\/medaltol-2025\/#breadcrumb","itemListElement":[{"@type":"ListItem","position":1,"name":"Home","item":"https:\/\/dart.is\/"},{"@type":"ListItem","position":2,"name":"Floridana deildin &#8211; Me\u00f0alt\u00f6l 2025"}]},{"@type":"WebSite","@id":"https:\/\/dart.is\/#website","url":"https:\/\/dart.is\/","name":"\u00cdPS -\u00a0Dart.is","description":"Full member of The World Darts Federation","publisher":{"@id":"https:\/\/dart.is\/#organization"},"potentialAction":[{"@type":"SearchAction","target":{"@type":"EntryPoint","urlTemplate":"https:\/\/dart.is\/?s={search_term_string}"},"query-input":{"@type":"PropertyValueSpecification","valueRequired":true,"valueName":"search_term_string"}}],"inLanguage":"en"},{"@type":"Organization","@id":"https:\/\/dart.is\/#organization","name":"\u00cdPS -\u00a0Dart.is","url":"https:\/\/dart.is\/","logo":{"@type":"ImageObject","inLanguage":"en","@id":"https:\/\/dart.is\/#\/schema\/logo\/image\/","url":"https:\/\/i0.wp.com\/dart.is\/wp-content\/uploads\/2023\/05\/cropped-ips-new-header.png?fit=2200%2C250&ssl=1","contentUrl":"https:\/\/i0.wp.com\/dart.is\/wp-content\/uploads\/2023\/05\/cropped-ips-new-header.png?fit=2200%2C250&ssl=1","width":2200,"height":250,"caption":"\u00cdPS -\u00a0Dart.is"},"image":{"@id":"https:\/\/dart.is\/#\/schema\/logo\/image\/"},"sameAs":["http:\/\/www.facebook.com\/ipsdart.is","https:\/\/x.com\/livedarticeland"]}]}},"jetpack_likes_enabled":true,"jetpack_sharing_enabled":true,"_links":{"self":[{"href":"https:\/\/dart.is\/en\/wp-json\/wp\/v2\/pages\/12852","targetHints":{"allow":["GET"]}}],"collection":[{"href":"https:\/\/dart.is\/en\/wp-json\/wp\/v2\/pages"}],"about":[{"href":"https:\/\/dart.is\/en\/wp-json\/wp\/v2\/types\/page"}],"author":[{"embeddable":true,"href":"https:\/\/dart.is\/en\/wp-json\/wp\/v2\/users\/7"}],"replies":[{"embeddable":true,"href":"https:\/\/dart.is\/en\/wp-json\/wp\/v2\/comments?post=12852"}],"version-history":[{"count":12,"href":"https:\/\/dart.is\/en\/wp-json\/wp\/v2\/pages\/12852\/revisions"}],"predecessor-version":[{"id":16906,"href":"https:\/\/dart.is\/en\/wp-json\/wp\/v2\/pages\/12852\/revisions\/16906"}],"wp:attachment":[{"href":"https:\/\/dart.is\/en\/wp-json\/wp\/v2\/media?parent=12852"}],"curies":[{"name":"wp","href":"https:\/\/api.w.org\/{rel}","templated":true}]}}