{"id":1569,"date":"2016-11-03T11:00:18","date_gmt":"2016-11-03T11:00:18","guid":{"rendered":"http:\/\/dart.is\/?page_id=1569"},"modified":"2018-09-23T09:19:22","modified_gmt":"2018-09-23T09:19:22","slug":"regluverk","status":"publish","type":"page","link":"https:\/\/dart.is\/en\/log-og-reglugerdir\/regluverk\/","title":{"rendered":"Keppnis- og m\u00f3tsreglur"},"content":{"rendered":"<p>\u00deetta regluverk var kynnt fyrst \u00e1 \u00cdslandsm\u00f3ti \u00ed 501 2016. Vi\u00f0 endursko\u00f0um \u00fea\u00f0 reglulega \u00ed samr\u00e6mi vi\u00f0 WDF l\u00f6g. Markmi\u00f0i\u00f0 er a\u00f0 sj\u00e1lfs\u00f6g\u00f0u a\u00f0 \u00cdslenska WDF reglur \u00ed heild sinni, og \u00feyggjum vi\u00f0 alla hj\u00e1lp vi\u00f0 \u00fea\u00f0 ef a\u00f0 f\u00f3lk \u00e1 sm\u00e1 aukat\u00edma til afl\u00f6gu.<\/p>\n<p>Allir \u00e1 m\u00f3tsta\u00f0 skulu fylgja \u00feessum reglum.<\/p>\n<p>Allar athugasemdir og betrumb\u00e6tur eru velkomnar \u00e1 dart@dart.is.<\/p>\n<p style=\"text-align: center;\"><a href=\"http:\/\/dart.is\/wp-content\/uploads\/2016\/11\/Regluverk\u00cdPS2017.pdf\" target=\"_blank\" rel=\"noopener\">Keppnis og m\u00f3tsreglur \u00cdPS<\/a><\/p>\n","protected":false},"excerpt":{"rendered":"<p>\u00deetta regluverk var kynnt fyrst \u00e1 \u00cdslandsm\u00f3ti \u00ed 501 2016. Vi\u00f0 endursko\u00f0um \u00fea\u00f0 reglulega \u00ed samr\u00e6mi vi\u00f0 WDF<\/p>\n","protected":false},"author":1,"featured_media":0,"parent":33,"menu_order":4,"comment_status":"closed","ping_status":"closed","template":"","meta":{"footnotes":""},"class_list":["post-1569","page","type-page","status-publish","hentry"],"yoast_head":"<!-- This site is optimized with the Yoast SEO plugin v27.1.1 - https:\/\/yoast.com\/product\/yoast-seo-wordpress\/ -->\n<title>Keppnis- og m\u00f3tsreglur - \u00cdPS -\u00a0Dart.is<\/title>\n<meta name=\"robots\" content=\"index, follow, max-snippet:-1, max-image-preview:large, max-video-preview:-1\" \/>\n<link rel=\"canonical\" href=\"https:\/\/dart.is\/en\/log-og-reglugerdir\/regluverk\/\" \/>\n<meta property=\"og:locale\" content=\"en_GB\" \/>\n<meta property=\"og:locale:alternate\" content=\"is_IS\" \/>\n<meta property=\"og:type\" content=\"article\" \/>\n<meta property=\"og:title\" content=\"Keppnis- og m\u00f3tsreglur - \u00cdPS -\u00a0Dart.is\" \/>\n<meta property=\"og:description\" content=\"\u00deetta regluverk var kynnt fyrst \u00e1 \u00cdslandsm\u00f3ti \u00ed 501 2016. Vi\u00f0 endursko\u00f0um \u00fea\u00f0 reglulega \u00ed samr\u00e6mi vi\u00f0 WDF\" \/>\n<meta property=\"og:url\" content=\"https:\/\/dart.is\/en\/log-og-reglugerdir\/regluverk\/\" \/>\n<meta property=\"og:site_name\" content=\"\u00cdPS -\u00a0Dart.is\" \/>\n<meta property=\"article:publisher\" content=\"http:\/\/www.facebook.com\/ipsdart.is\" \/>\n<meta property=\"article:modified_time\" content=\"2018-09-23T09:19:22+00:00\" \/>\n<meta name=\"twitter:card\" content=\"summary_large_image\" \/>\n<meta name=\"twitter:site\" content=\"@livedarticeland\" \/>\n<script type=\"application\/ld+json\" class=\"yoast-schema-graph\">{\"@context\":\"https:\/\/schema.org\",\"@graph\":[{\"@type\":\"WebPage\",\"@id\":\"https:\/\/dart.is\/log-og-reglugerdir\/regluverk\/\",\"url\":\"https:\/\/dart.is\/log-og-reglugerdir\/regluverk\/\",\"name\":\"Keppnis- og m\u00f3tsreglur - \u00cdPS -\u00a0Dart.is\",\"isPartOf\":{\"@id\":\"https:\/\/dart.is\/#website\"},\"datePublished\":\"2016-11-03T11:00:18+00:00\",\"dateModified\":\"2018-09-23T09:19:22+00:00\",\"breadcrumb\":{\"@id\":\"https:\/\/dart.is\/log-og-reglugerdir\/regluverk\/#breadcrumb\"},\"inLanguage\":\"en\",\"potentialAction\":[{\"@type\":\"ReadAction\",\"target\":[\"https:\/\/dart.is\/log-og-reglugerdir\/regluverk\/\"]}]},{\"@type\":\"BreadcrumbList\",\"@id\":\"https:\/\/dart.is\/log-og-reglugerdir\/regluverk\/#breadcrumb\",\"itemListElement\":[{\"@type\":\"ListItem\",\"position\":1,\"name\":\"Home\",\"item\":\"https:\/\/dart.is\/\"},{\"@type\":\"ListItem\",\"position\":2,\"name\":\"Reglur\",\"item\":\"https:\/\/dart.is\/log-og-reglugerdir\/\"},{\"@type\":\"ListItem\",\"position\":3,\"name\":\"Keppnis- og m\u00f3tsreglur\"}]},{\"@type\":\"WebSite\",\"@id\":\"https:\/\/dart.is\/#website\",\"url\":\"https:\/\/dart.is\/\",\"name\":\"\u00cdPS -\u00a0Dart.is\",\"description\":\"Full member of The World Darts Federation\",\"publisher\":{\"@id\":\"https:\/\/dart.is\/#organization\"},\"potentialAction\":[{\"@type\":\"SearchAction\",\"target\":{\"@type\":\"EntryPoint\",\"urlTemplate\":\"https:\/\/dart.is\/?s={search_term_string}\"},\"query-input\":{\"@type\":\"PropertyValueSpecification\",\"valueRequired\":true,\"valueName\":\"search_term_string\"}}],\"inLanguage\":\"en\"},{\"@type\":\"Organization\",\"@id\":\"https:\/\/dart.is\/#organization\",\"name\":\"\u00cdPS -\u00a0Dart.is\",\"url\":\"https:\/\/dart.is\/\",\"logo\":{\"@type\":\"ImageObject\",\"inLanguage\":\"en\",\"@id\":\"https:\/\/dart.is\/#\/schema\/logo\/image\/\",\"url\":\"https:\/\/i0.wp.com\/dart.is\/wp-content\/uploads\/2023\/05\/cropped-ips-new-header.png?fit=2200%2C250&ssl=1\",\"contentUrl\":\"https:\/\/i0.wp.com\/dart.is\/wp-content\/uploads\/2023\/05\/cropped-ips-new-header.png?fit=2200%2C250&ssl=1\",\"width\":2200,\"height\":250,\"caption\":\"\u00cdPS -\u00a0Dart.is\"},\"image\":{\"@id\":\"https:\/\/dart.is\/#\/schema\/logo\/image\/\"},\"sameAs\":[\"http:\/\/www.facebook.com\/ipsdart.is\",\"https:\/\/x.com\/livedarticeland\"]}]}<\/script>\n<!-- \/ Yoast SEO plugin. -->","yoast_head_json":{"title":"Keppnis- og m\u00f3tsreglur - \u00cdPS -\u00a0Dart.is","robots":{"index":"index","follow":"follow","max-snippet":"max-snippet:-1","max-image-preview":"max-image-preview:large","max-video-preview":"max-video-preview:-1"},"canonical":"https:\/\/dart.is\/en\/log-og-reglugerdir\/regluverk\/","og_locale":"en_GB","og_type":"article","og_title":"Keppnis- og m\u00f3tsreglur - \u00cdPS -\u00a0Dart.is","og_description":"\u00deetta regluverk var kynnt fyrst \u00e1 \u00cdslandsm\u00f3ti \u00ed 501 2016. Vi\u00f0 endursko\u00f0um \u00fea\u00f0 reglulega \u00ed samr\u00e6mi vi\u00f0 WDF","og_url":"https:\/\/dart.is\/en\/log-og-reglugerdir\/regluverk\/","og_site_name":"\u00cdPS -\u00a0Dart.is","article_publisher":"http:\/\/www.facebook.com\/ipsdart.is","article_modified_time":"2018-09-23T09:19:22+00:00","twitter_card":"summary_large_image","twitter_site":"@livedarticeland","schema":{"@context":"https:\/\/schema.org","@graph":[{"@type":"WebPage","@id":"https:\/\/dart.is\/log-og-reglugerdir\/regluverk\/","url":"https:\/\/dart.is\/log-og-reglugerdir\/regluverk\/","name":"Keppnis- og m\u00f3tsreglur - \u00cdPS -\u00a0Dart.is","isPartOf":{"@id":"https:\/\/dart.is\/#website"},"datePublished":"2016-11-03T11:00:18+00:00","dateModified":"2018-09-23T09:19:22+00:00","breadcrumb":{"@id":"https:\/\/dart.is\/log-og-reglugerdir\/regluverk\/#breadcrumb"},"inLanguage":"en","potentialAction":[{"@type":"ReadAction","target":["https:\/\/dart.is\/log-og-reglugerdir\/regluverk\/"]}]},{"@type":"BreadcrumbList","@id":"https:\/\/dart.is\/log-og-reglugerdir\/regluverk\/#breadcrumb","itemListElement":[{"@type":"ListItem","position":1,"name":"Home","item":"https:\/\/dart.is\/"},{"@type":"ListItem","position":2,"name":"Reglur","item":"https:\/\/dart.is\/log-og-reglugerdir\/"},{"@type":"ListItem","position":3,"name":"Keppnis- og m\u00f3tsreglur"}]},{"@type":"WebSite","@id":"https:\/\/dart.is\/#website","url":"https:\/\/dart.is\/","name":"\u00cdPS -\u00a0Dart.is","description":"Full member of The World Darts Federation","publisher":{"@id":"https:\/\/dart.is\/#organization"},"potentialAction":[{"@type":"SearchAction","target":{"@type":"EntryPoint","urlTemplate":"https:\/\/dart.is\/?s={search_term_string}"},"query-input":{"@type":"PropertyValueSpecification","valueRequired":true,"valueName":"search_term_string"}}],"inLanguage":"en"},{"@type":"Organization","@id":"https:\/\/dart.is\/#organization","name":"\u00cdPS -\u00a0Dart.is","url":"https:\/\/dart.is\/","logo":{"@type":"ImageObject","inLanguage":"en","@id":"https:\/\/dart.is\/#\/schema\/logo\/image\/","url":"https:\/\/i0.wp.com\/dart.is\/wp-content\/uploads\/2023\/05\/cropped-ips-new-header.png?fit=2200%2C250&ssl=1","contentUrl":"https:\/\/i0.wp.com\/dart.is\/wp-content\/uploads\/2023\/05\/cropped-ips-new-header.png?fit=2200%2C250&ssl=1","width":2200,"height":250,"caption":"\u00cdPS -\u00a0Dart.is"},"image":{"@id":"https:\/\/dart.is\/#\/schema\/logo\/image\/"},"sameAs":["http:\/\/www.facebook.com\/ipsdart.is","https:\/\/x.com\/livedarticeland"]}]}},"jetpack_likes_enabled":true,"jetpack_sharing_enabled":true,"_links":{"self":[{"href":"https:\/\/dart.is\/en\/wp-json\/wp\/v2\/pages\/1569","targetHints":{"allow":["GET"]}}],"collection":[{"href":"https:\/\/dart.is\/en\/wp-json\/wp\/v2\/pages"}],"about":[{"href":"https:\/\/dart.is\/en\/wp-json\/wp\/v2\/types\/page"}],"author":[{"embeddable":true,"href":"https:\/\/dart.is\/en\/wp-json\/wp\/v2\/users\/1"}],"replies":[{"embeddable":true,"href":"https:\/\/dart.is\/en\/wp-json\/wp\/v2\/comments?post=1569"}],"version-history":[{"count":6,"href":"https:\/\/dart.is\/en\/wp-json\/wp\/v2\/pages\/1569\/revisions"}],"predecessor-version":[{"id":2696,"href":"https:\/\/dart.is\/en\/wp-json\/wp\/v2\/pages\/1569\/revisions\/2696"}],"up":[{"embeddable":true,"href":"https:\/\/dart.is\/en\/wp-json\/wp\/v2\/pages\/33"}],"wp:attachment":[{"href":"https:\/\/dart.is\/en\/wp-json\/wp\/v2\/media?parent=1569"}],"curies":[{"name":"wp","href":"https:\/\/api.w.org\/{rel}","templated":true}]}}