{"id":16353,"date":"2024-12-10T12:48:33","date_gmt":"2024-12-10T12:48:33","guid":{"rendered":"https:\/\/dart.is\/?page_id=16353"},"modified":"2025-03-17T11:29:46","modified_gmt":"2025-03-17T11:29:46","slug":"dartung-meistarar","status":"publish","type":"page","link":"https:\/\/dart.is\/en\/dartung-meistarar\/","title":{"rendered":"DartUng stigameistarar"},"content":{"rendered":"\n<p><\/p>\n\n\n\n<p class=\"has-text-align-center\"><strong>2024<\/strong><\/p>\n\n\n\n<p class=\"has-text-align-center\"><strong>U18<\/strong> <strong>Drengir  <\/strong>&#8211;  <strong>\u00c6gir Eyfj\u00f6r\u00f0 Gunn\u00fe\u00f3rsson<\/strong><\/p>\n\n\n\n<p class=\"has-text-align-center\"><strong>U18<\/strong> <strong>St\u00falkur  &#8211;  Nad\u00eda \u00d3sk J\u00f3nsd\u00f3ttir<\/strong><\/p>\n\n\n\n<p class=\"has-text-align-center\"><strong>U 13 Drengir  <\/strong>&#8211; <strong>K\u00e1ri Vagn Birkisson<\/strong><\/p>\n\n\n\n<p class=\"has-text-align-center\"><strong>U13 St\u00falkur &#8211;  A\u00feena \u00d3sk \u00d3skarsd\u00f3ttir Tulinius<\/strong><\/p>\n\n\n\n<p class=\"has-text-align-center\">_______<\/p>\n\n\n\n<p class=\"has-text-align-center\"><strong>2023<\/strong><\/p>\n\n\n\n<p class=\"has-text-align-center\"><strong>U18 Drengir <\/strong>&#8211; <strong>Gunnar Gu\u00f0mundsson<\/strong><\/p>\n\n\n\n<p class=\"has-text-align-center\"><strong>U1<\/strong>8 <strong>St\u00falkur &#8211;  Emil\u00eda R\u00f3s Hafdal Kristinsd\u00f3ttir<\/strong><\/p>\n\n\n\n<p class=\"has-text-align-center\"><strong>U13<\/strong> <strong>Drengir &#8211; Axel James Wright<\/strong><\/p>\n\n\n\n<p class=\"has-text-align-center\"><strong>U13<\/strong> <strong>St\u00falkur<\/strong> &#8211; <strong>Linda Bj\u00f6rk Atlad\u00f3ttir<\/strong><\/p>\n\n\n\n<p class=\"has-text-align-center\">_______<\/p>\n\n\n\n<p class=\"has-text-align-center\"><strong>Unglingam\u00f3tar\u00f6\u00f0 \u00cdPS og Pingpong.is<\/strong><\/p>\n\n\n\n<p class=\"has-text-align-center\"><strong>U18 Drengir <\/strong><\/p>\n\n\n\n<p class=\"has-text-align-center\"><strong>Alexander Veigar \u00deorvaldsson<\/strong>,<\/p>\n\n\n\n<p class=\"has-text-align-center\"><strong>U1<\/strong>8 <strong>St\u00falkur <\/strong><\/p>\n\n\n\n<p class=\"has-text-align-center\"><strong>U13<\/strong> <strong>Drengir<\/strong><\/p>\n\n\n\n<p class=\"has-text-align-center\"><strong>U13<\/strong> <strong>St\u00falkur<\/strong> <\/p>\n\n\n\n<p><\/p>\n","protected":false},"excerpt":{"rendered":"<p>2024 U18 Drengir &#8211; \u00c6gir Eyfj\u00f6r\u00f0 Gunn\u00fe\u00f3rsson U18 St\u00falkur &#8211; Nad\u00eda \u00d3sk J\u00f3nsd\u00f3ttir U 13 Drengir &#8211; K\u00e1ri<\/p>\n","protected":false},"author":7,"featured_media":0,"parent":0,"menu_order":0,"comment_status":"closed","ping_status":"closed","template":"","meta":{"footnotes":""},"class_list":["post-16353","page","type-page","status-publish","hentry"],"yoast_head":"<!-- This site is optimized with the Yoast SEO plugin v27.1.1 - https:\/\/yoast.com\/product\/yoast-seo-wordpress\/ -->\n<title>DartUng stigameistarar<\/title>\n<meta name=\"robots\" content=\"index, follow, max-snippet:-1, max-image-preview:large, max-video-preview:-1\" \/>\n<link rel=\"canonical\" href=\"https:\/\/dart.is\/en\/dartung-meistarar\/\" \/>\n<meta property=\"og:locale\" content=\"en_GB\" \/>\n<meta property=\"og:locale:alternate\" content=\"is_IS\" \/>\n<meta property=\"og:type\" content=\"article\" \/>\n<meta property=\"og:title\" content=\"DartUng stigameistarar\" \/>\n<meta property=\"og:description\" content=\"2024 U18 Drengir &#8211; \u00c6gir Eyfj\u00f6r\u00f0 Gunn\u00fe\u00f3rsson U18 St\u00falkur &#8211; Nad\u00eda \u00d3sk J\u00f3nsd\u00f3ttir U 13 Drengir &#8211; K\u00e1ri\" \/>\n<meta property=\"og:url\" content=\"https:\/\/dart.is\/en\/dartung-meistarar\/\" \/>\n<meta property=\"og:site_name\" content=\"\u00cdPS -\u00a0Dart.is\" \/>\n<meta property=\"article:publisher\" content=\"http:\/\/www.facebook.com\/ipsdart.is\" \/>\n<meta property=\"article:modified_time\" content=\"2025-03-17T11:29:46+00:00\" \/>\n<meta name=\"twitter:card\" content=\"summary_large_image\" \/>\n<meta name=\"twitter:site\" content=\"@livedarticeland\" \/>\n<meta name=\"twitter:label1\" content=\"Estimated reading time\" \/>\n\t<meta name=\"twitter:data1\" content=\"1 minute\" \/>\n<script type=\"application\/ld+json\" class=\"yoast-schema-graph\">{\"@context\":\"https:\/\/schema.org\",\"@graph\":[{\"@type\":\"WebPage\",\"@id\":\"https:\/\/dart.is\/dartung-meistarar\/\",\"url\":\"https:\/\/dart.is\/dartung-meistarar\/\",\"name\":\"DartUng stigameistarar\",\"isPartOf\":{\"@id\":\"https:\/\/dart.is\/#website\"},\"datePublished\":\"2024-12-10T12:48:33+00:00\",\"dateModified\":\"2025-03-17T11:29:46+00:00\",\"breadcrumb\":{\"@id\":\"https:\/\/dart.is\/dartung-meistarar\/#breadcrumb\"},\"inLanguage\":\"en\",\"potentialAction\":[{\"@type\":\"ReadAction\",\"target\":[\"https:\/\/dart.is\/dartung-meistarar\/\"]}]},{\"@type\":\"BreadcrumbList\",\"@id\":\"https:\/\/dart.is\/dartung-meistarar\/#breadcrumb\",\"itemListElement\":[{\"@type\":\"ListItem\",\"position\":1,\"name\":\"Home\",\"item\":\"https:\/\/dart.is\/\"},{\"@type\":\"ListItem\",\"position\":2,\"name\":\"DartUng stigameistarar\"}]},{\"@type\":\"WebSite\",\"@id\":\"https:\/\/dart.is\/#website\",\"url\":\"https:\/\/dart.is\/\",\"name\":\"\u00cdPS -\u00a0Dart.is\",\"description\":\"Full member of The World Darts Federation\",\"publisher\":{\"@id\":\"https:\/\/dart.is\/#organization\"},\"potentialAction\":[{\"@type\":\"SearchAction\",\"target\":{\"@type\":\"EntryPoint\",\"urlTemplate\":\"https:\/\/dart.is\/?s={search_term_string}\"},\"query-input\":{\"@type\":\"PropertyValueSpecification\",\"valueRequired\":true,\"valueName\":\"search_term_string\"}}],\"inLanguage\":\"en\"},{\"@type\":\"Organization\",\"@id\":\"https:\/\/dart.is\/#organization\",\"name\":\"\u00cdPS -\u00a0Dart.is\",\"url\":\"https:\/\/dart.is\/\",\"logo\":{\"@type\":\"ImageObject\",\"inLanguage\":\"en\",\"@id\":\"https:\/\/dart.is\/#\/schema\/logo\/image\/\",\"url\":\"https:\/\/i0.wp.com\/dart.is\/wp-content\/uploads\/2023\/05\/cropped-ips-new-header.png?fit=2200%2C250&ssl=1\",\"contentUrl\":\"https:\/\/i0.wp.com\/dart.is\/wp-content\/uploads\/2023\/05\/cropped-ips-new-header.png?fit=2200%2C250&ssl=1\",\"width\":2200,\"height\":250,\"caption\":\"\u00cdPS -\u00a0Dart.is\"},\"image\":{\"@id\":\"https:\/\/dart.is\/#\/schema\/logo\/image\/\"},\"sameAs\":[\"http:\/\/www.facebook.com\/ipsdart.is\",\"https:\/\/x.com\/livedarticeland\"]}]}<\/script>\n<!-- \/ Yoast SEO plugin. -->","yoast_head_json":{"title":"DartUng stigameistarar","robots":{"index":"index","follow":"follow","max-snippet":"max-snippet:-1","max-image-preview":"max-image-preview:large","max-video-preview":"max-video-preview:-1"},"canonical":"https:\/\/dart.is\/en\/dartung-meistarar\/","og_locale":"en_GB","og_type":"article","og_title":"[:is]DartUng stigameistarar[:] - \u00cdPS -\u00a0Dart.is","og_description":"2024 U18 Drengir &#8211; \u00c6gir Eyfj\u00f6r\u00f0 Gunn\u00fe\u00f3rsson U18 St\u00falkur &#8211; Nad\u00eda \u00d3sk J\u00f3nsd\u00f3ttir U 13 Drengir &#8211; K\u00e1ri","og_url":"https:\/\/dart.is\/en\/dartung-meistarar\/","og_site_name":"\u00cdPS -\u00a0Dart.is","article_publisher":"http:\/\/www.facebook.com\/ipsdart.is","article_modified_time":"2025-03-17T11:29:46+00:00","twitter_card":"summary_large_image","twitter_site":"@livedarticeland","twitter_misc":{"Estimated reading time":"1 minute"},"schema":{"@context":"https:\/\/schema.org","@graph":[{"@type":"WebPage","@id":"https:\/\/dart.is\/dartung-meistarar\/","url":"https:\/\/dart.is\/dartung-meistarar\/","name":"DartUng stigameistarar","isPartOf":{"@id":"https:\/\/dart.is\/#website"},"datePublished":"2024-12-10T12:48:33+00:00","dateModified":"2025-03-17T11:29:46+00:00","breadcrumb":{"@id":"https:\/\/dart.is\/dartung-meistarar\/#breadcrumb"},"inLanguage":"en","potentialAction":[{"@type":"ReadAction","target":["https:\/\/dart.is\/dartung-meistarar\/"]}]},{"@type":"BreadcrumbList","@id":"https:\/\/dart.is\/dartung-meistarar\/#breadcrumb","itemListElement":[{"@type":"ListItem","position":1,"name":"Home","item":"https:\/\/dart.is\/"},{"@type":"ListItem","position":2,"name":"DartUng stigameistarar"}]},{"@type":"WebSite","@id":"https:\/\/dart.is\/#website","url":"https:\/\/dart.is\/","name":"\u00cdPS -\u00a0Dart.is","description":"Full member of The World Darts Federation","publisher":{"@id":"https:\/\/dart.is\/#organization"},"potentialAction":[{"@type":"SearchAction","target":{"@type":"EntryPoint","urlTemplate":"https:\/\/dart.is\/?s={search_term_string}"},"query-input":{"@type":"PropertyValueSpecification","valueRequired":true,"valueName":"search_term_string"}}],"inLanguage":"en"},{"@type":"Organization","@id":"https:\/\/dart.is\/#organization","name":"\u00cdPS -\u00a0Dart.is","url":"https:\/\/dart.is\/","logo":{"@type":"ImageObject","inLanguage":"en","@id":"https:\/\/dart.is\/#\/schema\/logo\/image\/","url":"https:\/\/i0.wp.com\/dart.is\/wp-content\/uploads\/2023\/05\/cropped-ips-new-header.png?fit=2200%2C250&ssl=1","contentUrl":"https:\/\/i0.wp.com\/dart.is\/wp-content\/uploads\/2023\/05\/cropped-ips-new-header.png?fit=2200%2C250&ssl=1","width":2200,"height":250,"caption":"\u00cdPS -\u00a0Dart.is"},"image":{"@id":"https:\/\/dart.is\/#\/schema\/logo\/image\/"},"sameAs":["http:\/\/www.facebook.com\/ipsdart.is","https:\/\/x.com\/livedarticeland"]}]}},"jetpack_likes_enabled":true,"jetpack_sharing_enabled":true,"_links":{"self":[{"href":"https:\/\/dart.is\/en\/wp-json\/wp\/v2\/pages\/16353","targetHints":{"allow":["GET"]}}],"collection":[{"href":"https:\/\/dart.is\/en\/wp-json\/wp\/v2\/pages"}],"about":[{"href":"https:\/\/dart.is\/en\/wp-json\/wp\/v2\/types\/page"}],"author":[{"embeddable":true,"href":"https:\/\/dart.is\/en\/wp-json\/wp\/v2\/users\/7"}],"replies":[{"embeddable":true,"href":"https:\/\/dart.is\/en\/wp-json\/wp\/v2\/comments?post=16353"}],"version-history":[{"count":4,"href":"https:\/\/dart.is\/en\/wp-json\/wp\/v2\/pages\/16353\/revisions"}],"predecessor-version":[{"id":17752,"href":"https:\/\/dart.is\/en\/wp-json\/wp\/v2\/pages\/16353\/revisions\/17752"}],"wp:attachment":[{"href":"https:\/\/dart.is\/en\/wp-json\/wp\/v2\/media?parent=16353"}],"curies":[{"name":"wp","href":"https:\/\/api.w.org\/{rel}","templated":true}]}}