{"id":19490,"date":"2025-10-26T11:24:36","date_gmt":"2025-10-26T11:24:36","guid":{"rendered":"https:\/\/dart.is\/?page_id=19490"},"modified":"2025-10-26T11:24:38","modified_gmt":"2025-10-26T11:24:38","slug":"arsreikningar-ips","status":"publish","type":"page","link":"https:\/\/dart.is\/en\/arsreikningar-ips\/","title":{"rendered":"\u00c1rsreikningar \u00cdPS"},"content":{"rendered":"\n<p>H\u00e9r m\u00e1 sj\u00e1 \u00e1rsreikninga fr\u00e1 \u00e1rinu 2018.<\/p>\n\n\n\n<p><a href=\"http:\/\/dart.is\/wp-content\/uploads\/2025\/10\/2025-Pilukastsambandid-arsreikningur.pdf\">\u00c1rsreikningur 2024<\/a><\/p>\n\n\n\n<p><a href=\"http:\/\/dart.is\/wp-content\/uploads\/2025\/10\/2023-Pilukastsambandid-arsreikningur.pdf\">\u00c1rsreikningur 2023<\/a><\/p>\n\n\n\n<p><a href=\"http:\/\/dart.is\/wp-content\/uploads\/2025\/10\/2022-Pilukastsambandid-arsreikningur.pdf\">\u00c1rsreikningur 2022<\/a><\/p>\n\n\n\n<p><a href=\"http:\/\/dart.is\/wp-content\/uploads\/2025\/10\/2021-Pilukastsambandid-arsreikningur.pdf\">\u00c1rsreikningur 2021<\/a><\/p>\n\n\n\n<p><a href=\"http:\/\/dart.is\/wp-content\/uploads\/2025\/10\/2020-Pilukastsambandid-arsreikningur.pdf\">\u00c1rsreikningur 2020<\/a><\/p>\n\n\n\n<p><a href=\"http:\/\/dart.is\/wp-content\/uploads\/2025\/10\/2019-Pilukastsambandid-arsreikningur.pdf\">\u00c1rsreikningur2019<\/a><\/p>\n\n\n\n<p><a href=\"http:\/\/dart.is\/wp-content\/uploads\/2025\/10\/2018-Pilukastsambandid-arsreikningur.pdf\">\u00c1rsreikningur2018<\/a><\/p>\n\n\n\n<p><\/p>\n","protected":false},"excerpt":{"rendered":"<p>H\u00e9r m\u00e1 sj\u00e1 \u00e1rsreikninga fr\u00e1 \u00e1rinu 2018. \u00c1rsreikningur 2024 \u00c1rsreikningur 2023 \u00c1rsreikningur 2022 \u00c1rsreikningur 2021 \u00c1rsreikningur 2020 \u00c1rsreikningur2019<\/p>\n","protected":false},"author":86,"featured_media":0,"parent":0,"menu_order":0,"comment_status":"closed","ping_status":"closed","template":"","meta":{"footnotes":""},"class_list":["post-19490","page","type-page","status-publish","hentry"],"yoast_head":"<!-- This site is optimized with the Yoast SEO plugin v27.1.1 - https:\/\/yoast.com\/product\/yoast-seo-wordpress\/ -->\n<title>\u00c1rsreikningar \u00cdPS<\/title>\n<meta name=\"robots\" content=\"index, follow, max-snippet:-1, max-image-preview:large, max-video-preview:-1\" \/>\n<link rel=\"canonical\" href=\"https:\/\/dart.is\/en\/arsreikningar-ips\/\" \/>\n<meta property=\"og:locale\" content=\"en_GB\" \/>\n<meta property=\"og:locale:alternate\" content=\"is_IS\" \/>\n<meta property=\"og:type\" content=\"article\" \/>\n<meta property=\"og:title\" content=\"\u00c1rsreikningar \u00cdPS\" \/>\n<meta property=\"og:description\" content=\"H\u00e9r m\u00e1 sj\u00e1 \u00e1rsreikninga fr\u00e1 \u00e1rinu 2018. \u00c1rsreikningur 2024 \u00c1rsreikningur 2023 \u00c1rsreikningur 2022 \u00c1rsreikningur 2021 \u00c1rsreikningur 2020 \u00c1rsreikningur2019\" \/>\n<meta property=\"og:url\" content=\"https:\/\/dart.is\/en\/arsreikningar-ips\/\" \/>\n<meta property=\"og:site_name\" content=\"\u00cdPS -\u00a0Dart.is\" \/>\n<meta property=\"article:publisher\" content=\"http:\/\/www.facebook.com\/ipsdart.is\" \/>\n<meta property=\"article:modified_time\" content=\"2025-10-26T11:24:38+00:00\" \/>\n<meta name=\"twitter:card\" content=\"summary_large_image\" \/>\n<meta name=\"twitter:site\" content=\"@livedarticeland\" \/>\n<meta name=\"twitter:label1\" content=\"Estimated reading time\" \/>\n\t<meta name=\"twitter:data1\" content=\"1 minute\" \/>\n<script type=\"application\/ld+json\" class=\"yoast-schema-graph\">{\"@context\":\"https:\/\/schema.org\",\"@graph\":[{\"@type\":\"WebPage\",\"@id\":\"https:\/\/dart.is\/arsreikningar-ips\/\",\"url\":\"https:\/\/dart.is\/arsreikningar-ips\/\",\"name\":\"\u00c1rsreikningar \u00cdPS\",\"isPartOf\":{\"@id\":\"https:\/\/dart.is\/#website\"},\"datePublished\":\"2025-10-26T11:24:36+00:00\",\"dateModified\":\"2025-10-26T11:24:38+00:00\",\"breadcrumb\":{\"@id\":\"https:\/\/dart.is\/arsreikningar-ips\/#breadcrumb\"},\"inLanguage\":\"en\",\"potentialAction\":[{\"@type\":\"ReadAction\",\"target\":[\"https:\/\/dart.is\/arsreikningar-ips\/\"]}]},{\"@type\":\"BreadcrumbList\",\"@id\":\"https:\/\/dart.is\/arsreikningar-ips\/#breadcrumb\",\"itemListElement\":[{\"@type\":\"ListItem\",\"position\":1,\"name\":\"Home\",\"item\":\"https:\/\/dart.is\/\"},{\"@type\":\"ListItem\",\"position\":2,\"name\":\"\u00c1rsreikningar \u00cdPS\"}]},{\"@type\":\"WebSite\",\"@id\":\"https:\/\/dart.is\/#website\",\"url\":\"https:\/\/dart.is\/\",\"name\":\"\u00cdPS -\u00a0Dart.is\",\"description\":\"Full member of The World Darts Federation\",\"publisher\":{\"@id\":\"https:\/\/dart.is\/#organization\"},\"potentialAction\":[{\"@type\":\"SearchAction\",\"target\":{\"@type\":\"EntryPoint\",\"urlTemplate\":\"https:\/\/dart.is\/?s={search_term_string}\"},\"query-input\":{\"@type\":\"PropertyValueSpecification\",\"valueRequired\":true,\"valueName\":\"search_term_string\"}}],\"inLanguage\":\"en\"},{\"@type\":\"Organization\",\"@id\":\"https:\/\/dart.is\/#organization\",\"name\":\"\u00cdPS -\u00a0Dart.is\",\"url\":\"https:\/\/dart.is\/\",\"logo\":{\"@type\":\"ImageObject\",\"inLanguage\":\"en\",\"@id\":\"https:\/\/dart.is\/#\/schema\/logo\/image\/\",\"url\":\"https:\/\/i0.wp.com\/dart.is\/wp-content\/uploads\/2023\/05\/cropped-ips-new-header.png?fit=2200%2C250&ssl=1\",\"contentUrl\":\"https:\/\/i0.wp.com\/dart.is\/wp-content\/uploads\/2023\/05\/cropped-ips-new-header.png?fit=2200%2C250&ssl=1\",\"width\":2200,\"height\":250,\"caption\":\"\u00cdPS -\u00a0Dart.is\"},\"image\":{\"@id\":\"https:\/\/dart.is\/#\/schema\/logo\/image\/\"},\"sameAs\":[\"http:\/\/www.facebook.com\/ipsdart.is\",\"https:\/\/x.com\/livedarticeland\"]}]}<\/script>\n<!-- \/ Yoast SEO plugin. -->","yoast_head_json":{"title":"\u00c1rsreikningar \u00cdPS","robots":{"index":"index","follow":"follow","max-snippet":"max-snippet:-1","max-image-preview":"max-image-preview:large","max-video-preview":"max-video-preview:-1"},"canonical":"https:\/\/dart.is\/en\/arsreikningar-ips\/","og_locale":"en_GB","og_type":"article","og_title":"[:is]\u00c1rsreikningar \u00cdPS[:] - \u00cdPS -\u00a0Dart.is","og_description":"H\u00e9r m\u00e1 sj\u00e1 \u00e1rsreikninga fr\u00e1 \u00e1rinu 2018. \u00c1rsreikningur 2024 \u00c1rsreikningur 2023 \u00c1rsreikningur 2022 \u00c1rsreikningur 2021 \u00c1rsreikningur 2020 \u00c1rsreikningur2019","og_url":"https:\/\/dart.is\/en\/arsreikningar-ips\/","og_site_name":"\u00cdPS -\u00a0Dart.is","article_publisher":"http:\/\/www.facebook.com\/ipsdart.is","article_modified_time":"2025-10-26T11:24:38+00:00","twitter_card":"summary_large_image","twitter_site":"@livedarticeland","twitter_misc":{"Estimated reading time":"1 minute"},"schema":{"@context":"https:\/\/schema.org","@graph":[{"@type":"WebPage","@id":"https:\/\/dart.is\/arsreikningar-ips\/","url":"https:\/\/dart.is\/arsreikningar-ips\/","name":"\u00c1rsreikningar \u00cdPS","isPartOf":{"@id":"https:\/\/dart.is\/#website"},"datePublished":"2025-10-26T11:24:36+00:00","dateModified":"2025-10-26T11:24:38+00:00","breadcrumb":{"@id":"https:\/\/dart.is\/arsreikningar-ips\/#breadcrumb"},"inLanguage":"en","potentialAction":[{"@type":"ReadAction","target":["https:\/\/dart.is\/arsreikningar-ips\/"]}]},{"@type":"BreadcrumbList","@id":"https:\/\/dart.is\/arsreikningar-ips\/#breadcrumb","itemListElement":[{"@type":"ListItem","position":1,"name":"Home","item":"https:\/\/dart.is\/"},{"@type":"ListItem","position":2,"name":"\u00c1rsreikningar \u00cdPS"}]},{"@type":"WebSite","@id":"https:\/\/dart.is\/#website","url":"https:\/\/dart.is\/","name":"\u00cdPS -\u00a0Dart.is","description":"Full member of The World Darts Federation","publisher":{"@id":"https:\/\/dart.is\/#organization"},"potentialAction":[{"@type":"SearchAction","target":{"@type":"EntryPoint","urlTemplate":"https:\/\/dart.is\/?s={search_term_string}"},"query-input":{"@type":"PropertyValueSpecification","valueRequired":true,"valueName":"search_term_string"}}],"inLanguage":"en"},{"@type":"Organization","@id":"https:\/\/dart.is\/#organization","name":"\u00cdPS -\u00a0Dart.is","url":"https:\/\/dart.is\/","logo":{"@type":"ImageObject","inLanguage":"en","@id":"https:\/\/dart.is\/#\/schema\/logo\/image\/","url":"https:\/\/i0.wp.com\/dart.is\/wp-content\/uploads\/2023\/05\/cropped-ips-new-header.png?fit=2200%2C250&ssl=1","contentUrl":"https:\/\/i0.wp.com\/dart.is\/wp-content\/uploads\/2023\/05\/cropped-ips-new-header.png?fit=2200%2C250&ssl=1","width":2200,"height":250,"caption":"\u00cdPS -\u00a0Dart.is"},"image":{"@id":"https:\/\/dart.is\/#\/schema\/logo\/image\/"},"sameAs":["http:\/\/www.facebook.com\/ipsdart.is","https:\/\/x.com\/livedarticeland"]}]}},"jetpack_likes_enabled":true,"jetpack_sharing_enabled":true,"_links":{"self":[{"href":"https:\/\/dart.is\/en\/wp-json\/wp\/v2\/pages\/19490","targetHints":{"allow":["GET"]}}],"collection":[{"href":"https:\/\/dart.is\/en\/wp-json\/wp\/v2\/pages"}],"about":[{"href":"https:\/\/dart.is\/en\/wp-json\/wp\/v2\/types\/page"}],"author":[{"embeddable":true,"href":"https:\/\/dart.is\/en\/wp-json\/wp\/v2\/users\/86"}],"replies":[{"embeddable":true,"href":"https:\/\/dart.is\/en\/wp-json\/wp\/v2\/comments?post=19490"}],"version-history":[{"count":2,"href":"https:\/\/dart.is\/en\/wp-json\/wp\/v2\/pages\/19490\/revisions"}],"predecessor-version":[{"id":19498,"href":"https:\/\/dart.is\/en\/wp-json\/wp\/v2\/pages\/19490\/revisions\/19498"}],"wp:attachment":[{"href":"https:\/\/dart.is\/en\/wp-json\/wp\/v2\/media?parent=19490"}],"curies":[{"name":"wp","href":"https:\/\/api.w.org\/{rel}","templated":true}]}}