{"id":19506,"date":"2025-10-26T14:38:44","date_gmt":"2025-10-26T14:38:44","guid":{"rendered":"https:\/\/dart.is\/?page_id=19506"},"modified":"2025-11-01T01:04:35","modified_gmt":"2025-11-01T01:04:35","slug":"pilukastfelagskagafjardar","status":"publish","type":"page","link":"https:\/\/dart.is\/en\/pilukastfelagskagafjardar\/","title":{"rendered":"P\u00edlukastf\u00e9lag Skagafjar\u00f0ar"},"content":{"rendered":"\n<p><strong>P\u00edlukastf\u00e9lag Skagafjar\u00f0ar<\/strong><br>Borgarteig 7, Sau\u00f0\u00e1rkr\u00f3ki<\/p>\n\n\n\n<p><strong>\u00c6fingar fyrir b\u00f6rn og unglinga:<\/strong><\/p>\n\n\n\n<p>\u00deri\u00f0judaga: 3-5 bekkur (H1) kl. 17:00-18:00<br>Mi\u00f0vikudaga: 3-5 bekkur (H2) kl. 17:00-18:00<br>Mi\u00f0vikudaga: 6-8 bekkur kl 18:00-19:00<br>Fimmtudaga: \u00c1rg. 2008-2011 kl 17:00-18:00<\/p>\n\n\n\n<p>\u00c1hugas\u00f6m b\u00f6rn og unglingar velkomin a\u00f0 k\u00edkja vi\u00f0 og prufa.<br>Skr\u00e1ningar \u00e1 n\u00e1mskei\u00f0 fara fram \u00e1&nbsp;<a href=\"https:\/\/www.abler.io\/shop\/pilukastfelag\">Sportabler<\/a>.<br>L\u00e1nsp\u00edlur \u00e1 sta\u00f0num og foreldrar velkomnir a\u00f0 k\u00edkja me\u00f0 b\u00f6rnunum.<\/p>\n\n\n\n<p>F\u00e9lagsgjald fullor\u00f0inna: 17.000.-kr<br>F\u00e9lagsgjald barna:<\/p>\n\n\n\n<iframe src=\"https:\/\/www.google.com\/maps\/embed?pb=!1m18!1m12!1m3!1d974.6886668890369!2d-19.630075157617227!3d65.74163933564755!2m3!1f0!2f0!3f0!3m2!1i1024!2i768!4f13.1!3m3!1m2!1s0x48d32278f9cc087d%3A0x8664a81d7e8feb3!2zQm9yZ2FydGVpZ3VyIDcsIDU1MCBTYXXDsMOhcmtyw7NrdXI!5e0!3m2!1sis!2sis!4v1761489289979!5m2!1sis!2sis\" width=\"600\" height=\"450\" style=\"border:0;\" allowfullscreen=\"\" loading=\"lazy\" referrerpolicy=\"no-referrer-when-downgrade\"><\/iframe>\n\n\n\n<ul class=\"wp-block-social-links is-style-pill-shape is-content-justification-center is-layout-flex wp-container-core-social-links-is-layout-70de2ef9 wp-block-social-links-is-layout-flex\" style=\"margin-top:0;margin-bottom:0\"><li class=\"wp-social-link wp-social-link-facebook  wp-block-social-link\"><a rel=\"noopener nofollow\" target=\"_blank\" href=\"https:\/\/www.facebook.com\/groups\/688754206031696\/\" class=\"wp-block-social-link-anchor\"><svg width=\"24\" height=\"24\" viewBox=\"0 0 24 24\" version=\"1.1\" xmlns=\"http:\/\/www.w3.org\/2000\/svg\" aria-hidden=\"true\" focusable=\"false\"><path d=\"M12 2C6.5 2 2 6.5 2 12c0 5 3.7 9.1 8.4 9.9v-7H7.9V12h2.5V9.8c0-2.5 1.5-3.9 3.8-3.9 1.1 0 2.2.2 2.2.2v2.5h-1.3c-1.2 0-1.6.8-1.6 1.6V12h2.8l-.4 2.9h-2.3v7C18.3 21.1 22 17 22 12c0-5.5-4.5-10-10-10z\"><\/path><\/svg><span class=\"wp-block-social-link-label screen-reader-text\">Facebook<\/span><\/a><\/li>\n\n<li class=\"wp-social-link wp-social-link-mail  wp-block-social-link\"><a rel=\"noopener nofollow\" target=\"_blank\" href=\"mailto:p&#105;l&#117;&#107;&#097;st&#102;e&#108;&#097;&#103;&#115;k&#097;g&#097;f&#106;a&#114;dar&#064;g&#109;a&#105;l&#046;com\" class=\"wp-block-social-link-anchor\"><svg width=\"24\" height=\"24\" viewBox=\"0 0 24 24\" version=\"1.1\" xmlns=\"http:\/\/www.w3.org\/2000\/svg\" aria-hidden=\"true\" focusable=\"false\"><path d=\"M19,5H5c-1.1,0-2,.9-2,2v10c0,1.1.9,2,2,2h14c1.1,0,2-.9,2-2V7c0-1.1-.9-2-2-2zm.5,12c0,.3-.2.5-.5.5H5c-.3,0-.5-.2-.5-.5V9.8l7.5,5.6,7.5-5.6V17zm0-9.1L12,13.6,4.5,7.9V7c0-.3.2-.5.5-.5h14c.3,0,.5.2.5.5v.9z\"><\/path><\/svg><span class=\"wp-block-social-link-label screen-reader-text\">Mail<\/span><\/a><\/li><\/ul>\n","protected":false},"excerpt":{"rendered":"<p>P\u00edlukastf\u00e9lag Skagafjar\u00f0arBorgarteig 7, Sau\u00f0\u00e1rkr\u00f3ki \u00c6fingar fyrir b\u00f6rn og unglinga: \u00deri\u00f0judaga: 3-5 bekkur (H1) kl. 17:00-18:00Mi\u00f0vikudaga: 3-5 bekkur (H2)<\/p>\n","protected":false},"author":86,"featured_media":19341,"parent":0,"menu_order":0,"comment_status":"closed","ping_status":"closed","template":"","meta":{"footnotes":""},"class_list":["post-19506","page","type-page","status-publish","has-post-thumbnail","hentry"],"yoast_head":"<!-- This site is optimized with the Yoast SEO plugin v27.1.1 - https:\/\/yoast.com\/product\/yoast-seo-wordpress\/ -->\n<title>P\u00edlukastf\u00e9lag Skagafjar\u00f0ar<\/title>\n<meta name=\"robots\" content=\"index, follow, max-snippet:-1, max-image-preview:large, max-video-preview:-1\" \/>\n<link rel=\"canonical\" href=\"https:\/\/dart.is\/en\/pilukastfelagskagafjardar\/\" \/>\n<meta property=\"og:locale\" content=\"en_GB\" \/>\n<meta property=\"og:locale:alternate\" content=\"is_IS\" \/>\n<meta property=\"og:type\" content=\"article\" \/>\n<meta property=\"og:title\" content=\"P\u00edlukastf\u00e9lag Skagafjar\u00f0ar\" \/>\n<meta property=\"og:description\" content=\"P\u00edlukastf\u00e9lag Skagafjar\u00f0arBorgarteig 7, Sau\u00f0\u00e1rkr\u00f3ki \u00c6fingar fyrir b\u00f6rn og unglinga: \u00deri\u00f0judaga: 3-5 bekkur (H1) kl. 17:00-18:00Mi\u00f0vikudaga: 3-5 bekkur (H2)\" \/>\n<meta property=\"og:url\" content=\"https:\/\/dart.is\/en\/pilukastfelagskagafjardar\/\" \/>\n<meta property=\"og:site_name\" content=\"\u00cdPS -\u00a0Dart.is\" \/>\n<meta property=\"article:publisher\" content=\"http:\/\/www.facebook.com\/ipsdart.is\" \/>\n<meta property=\"article:modified_time\" content=\"2025-11-01T01:04:35+00:00\" \/>\n<meta property=\"og:image\" content=\"http:\/\/dart.is\/wp-content\/uploads\/2025\/10\/325547242_1572133659894854_4534665976671116440_n.jpg\" \/>\n\t<meta property=\"og:image:width\" content=\"720\" \/>\n\t<meta property=\"og:image:height\" content=\"401\" \/>\n\t<meta property=\"og:image:type\" content=\"image\/jpeg\" \/>\n<meta name=\"twitter:card\" content=\"summary_large_image\" \/>\n<meta name=\"twitter:site\" content=\"@livedarticeland\" \/>\n<meta name=\"twitter:label1\" content=\"Estimated reading time\" \/>\n\t<meta name=\"twitter:data1\" content=\"1 minute\" \/>\n<script type=\"application\/ld+json\" class=\"yoast-schema-graph\">{\"@context\":\"https:\/\/schema.org\",\"@graph\":[{\"@type\":\"WebPage\",\"@id\":\"https:\/\/dart.is\/pilukastfelagskagafjardar\/\",\"url\":\"https:\/\/dart.is\/pilukastfelagskagafjardar\/\",\"name\":\"P\u00edlukastf\u00e9lag Skagafjar\u00f0ar\",\"isPartOf\":{\"@id\":\"https:\/\/dart.is\/#website\"},\"primaryImageOfPage\":{\"@id\":\"https:\/\/dart.is\/pilukastfelagskagafjardar\/#primaryimage\"},\"image\":{\"@id\":\"https:\/\/dart.is\/pilukastfelagskagafjardar\/#primaryimage\"},\"thumbnailUrl\":\"https:\/\/i0.wp.com\/dart.is\/wp-content\/uploads\/2025\/10\/325547242_1572133659894854_4534665976671116440_n.jpg?fit=720%2C401&ssl=1\",\"datePublished\":\"2025-10-26T14:38:44+00:00\",\"dateModified\":\"2025-11-01T01:04:35+00:00\",\"breadcrumb\":{\"@id\":\"https:\/\/dart.is\/pilukastfelagskagafjardar\/#breadcrumb\"},\"inLanguage\":\"en\",\"potentialAction\":[{\"@type\":\"ReadAction\",\"target\":[\"https:\/\/dart.is\/pilukastfelagskagafjardar\/\"]}]},{\"@type\":\"ImageObject\",\"inLanguage\":\"en\",\"@id\":\"https:\/\/dart.is\/pilukastfelagskagafjardar\/#primaryimage\",\"url\":\"https:\/\/i0.wp.com\/dart.is\/wp-content\/uploads\/2025\/10\/325547242_1572133659894854_4534665976671116440_n.jpg?fit=720%2C401&ssl=1\",\"contentUrl\":\"https:\/\/i0.wp.com\/dart.is\/wp-content\/uploads\/2025\/10\/325547242_1572133659894854_4534665976671116440_n.jpg?fit=720%2C401&ssl=1\",\"width\":720,\"height\":401},{\"@type\":\"BreadcrumbList\",\"@id\":\"https:\/\/dart.is\/pilukastfelagskagafjardar\/#breadcrumb\",\"itemListElement\":[{\"@type\":\"ListItem\",\"position\":1,\"name\":\"Home\",\"item\":\"https:\/\/dart.is\/\"},{\"@type\":\"ListItem\",\"position\":2,\"name\":\"P\u00edlukastf\u00e9lag Skagafjar\u00f0ar\"}]},{\"@type\":\"WebSite\",\"@id\":\"https:\/\/dart.is\/#website\",\"url\":\"https:\/\/dart.is\/\",\"name\":\"\u00cdPS -\u00a0Dart.is\",\"description\":\"Full member of The World Darts Federation\",\"publisher\":{\"@id\":\"https:\/\/dart.is\/#organization\"},\"potentialAction\":[{\"@type\":\"SearchAction\",\"target\":{\"@type\":\"EntryPoint\",\"urlTemplate\":\"https:\/\/dart.is\/?s={search_term_string}\"},\"query-input\":{\"@type\":\"PropertyValueSpecification\",\"valueRequired\":true,\"valueName\":\"search_term_string\"}}],\"inLanguage\":\"en\"},{\"@type\":\"Organization\",\"@id\":\"https:\/\/dart.is\/#organization\",\"name\":\"\u00cdPS -\u00a0Dart.is\",\"url\":\"https:\/\/dart.is\/\",\"logo\":{\"@type\":\"ImageObject\",\"inLanguage\":\"en\",\"@id\":\"https:\/\/dart.is\/#\/schema\/logo\/image\/\",\"url\":\"https:\/\/i0.wp.com\/dart.is\/wp-content\/uploads\/2023\/05\/cropped-ips-new-header.png?fit=2200%2C250&ssl=1\",\"contentUrl\":\"https:\/\/i0.wp.com\/dart.is\/wp-content\/uploads\/2023\/05\/cropped-ips-new-header.png?fit=2200%2C250&ssl=1\",\"width\":2200,\"height\":250,\"caption\":\"\u00cdPS -\u00a0Dart.is\"},\"image\":{\"@id\":\"https:\/\/dart.is\/#\/schema\/logo\/image\/\"},\"sameAs\":[\"http:\/\/www.facebook.com\/ipsdart.is\",\"https:\/\/x.com\/livedarticeland\"]}]}<\/script>\n<!-- \/ Yoast SEO plugin. -->","yoast_head_json":{"title":"P\u00edlukastf\u00e9lag Skagafjar\u00f0ar","robots":{"index":"index","follow":"follow","max-snippet":"max-snippet:-1","max-image-preview":"max-image-preview:large","max-video-preview":"max-video-preview:-1"},"canonical":"https:\/\/dart.is\/en\/pilukastfelagskagafjardar\/","og_locale":"en_GB","og_type":"article","og_title":"[:is]P\u00edlukastf\u00e9lag Skagafjar\u00f0ar[:] - \u00cdPS -\u00a0Dart.is","og_description":"P\u00edlukastf\u00e9lag Skagafjar\u00f0arBorgarteig 7, Sau\u00f0\u00e1rkr\u00f3ki \u00c6fingar fyrir b\u00f6rn og unglinga: \u00deri\u00f0judaga: 3-5 bekkur (H1) kl. 17:00-18:00Mi\u00f0vikudaga: 3-5 bekkur (H2)","og_url":"https:\/\/dart.is\/en\/pilukastfelagskagafjardar\/","og_site_name":"\u00cdPS -\u00a0Dart.is","article_publisher":"http:\/\/www.facebook.com\/ipsdart.is","article_modified_time":"2025-11-01T01:04:35+00:00","og_image":[{"width":720,"height":401,"url":"http:\/\/dart.is\/wp-content\/uploads\/2025\/10\/325547242_1572133659894854_4534665976671116440_n.jpg","type":"image\/jpeg"}],"twitter_card":"summary_large_image","twitter_site":"@livedarticeland","twitter_misc":{"Estimated reading time":"1 minute"},"schema":{"@context":"https:\/\/schema.org","@graph":[{"@type":"WebPage","@id":"https:\/\/dart.is\/pilukastfelagskagafjardar\/","url":"https:\/\/dart.is\/pilukastfelagskagafjardar\/","name":"P\u00edlukastf\u00e9lag Skagafjar\u00f0ar","isPartOf":{"@id":"https:\/\/dart.is\/#website"},"primaryImageOfPage":{"@id":"https:\/\/dart.is\/pilukastfelagskagafjardar\/#primaryimage"},"image":{"@id":"https:\/\/dart.is\/pilukastfelagskagafjardar\/#primaryimage"},"thumbnailUrl":"https:\/\/i0.wp.com\/dart.is\/wp-content\/uploads\/2025\/10\/325547242_1572133659894854_4534665976671116440_n.jpg?fit=720%2C401&ssl=1","datePublished":"2025-10-26T14:38:44+00:00","dateModified":"2025-11-01T01:04:35+00:00","breadcrumb":{"@id":"https:\/\/dart.is\/pilukastfelagskagafjardar\/#breadcrumb"},"inLanguage":"en","potentialAction":[{"@type":"ReadAction","target":["https:\/\/dart.is\/pilukastfelagskagafjardar\/"]}]},{"@type":"ImageObject","inLanguage":"en","@id":"https:\/\/dart.is\/pilukastfelagskagafjardar\/#primaryimage","url":"https:\/\/i0.wp.com\/dart.is\/wp-content\/uploads\/2025\/10\/325547242_1572133659894854_4534665976671116440_n.jpg?fit=720%2C401&ssl=1","contentUrl":"https:\/\/i0.wp.com\/dart.is\/wp-content\/uploads\/2025\/10\/325547242_1572133659894854_4534665976671116440_n.jpg?fit=720%2C401&ssl=1","width":720,"height":401},{"@type":"BreadcrumbList","@id":"https:\/\/dart.is\/pilukastfelagskagafjardar\/#breadcrumb","itemListElement":[{"@type":"ListItem","position":1,"name":"Home","item":"https:\/\/dart.is\/"},{"@type":"ListItem","position":2,"name":"P\u00edlukastf\u00e9lag Skagafjar\u00f0ar"}]},{"@type":"WebSite","@id":"https:\/\/dart.is\/#website","url":"https:\/\/dart.is\/","name":"\u00cdPS -\u00a0Dart.is","description":"Full member of The World Darts Federation","publisher":{"@id":"https:\/\/dart.is\/#organization"},"potentialAction":[{"@type":"SearchAction","target":{"@type":"EntryPoint","urlTemplate":"https:\/\/dart.is\/?s={search_term_string}"},"query-input":{"@type":"PropertyValueSpecification","valueRequired":true,"valueName":"search_term_string"}}],"inLanguage":"en"},{"@type":"Organization","@id":"https:\/\/dart.is\/#organization","name":"\u00cdPS -\u00a0Dart.is","url":"https:\/\/dart.is\/","logo":{"@type":"ImageObject","inLanguage":"en","@id":"https:\/\/dart.is\/#\/schema\/logo\/image\/","url":"https:\/\/i0.wp.com\/dart.is\/wp-content\/uploads\/2023\/05\/cropped-ips-new-header.png?fit=2200%2C250&ssl=1","contentUrl":"https:\/\/i0.wp.com\/dart.is\/wp-content\/uploads\/2023\/05\/cropped-ips-new-header.png?fit=2200%2C250&ssl=1","width":2200,"height":250,"caption":"\u00cdPS -\u00a0Dart.is"},"image":{"@id":"https:\/\/dart.is\/#\/schema\/logo\/image\/"},"sameAs":["http:\/\/www.facebook.com\/ipsdart.is","https:\/\/x.com\/livedarticeland"]}]}},"jetpack_likes_enabled":true,"jetpack_sharing_enabled":true,"_links":{"self":[{"href":"https:\/\/dart.is\/en\/wp-json\/wp\/v2\/pages\/19506","targetHints":{"allow":["GET"]}}],"collection":[{"href":"https:\/\/dart.is\/en\/wp-json\/wp\/v2\/pages"}],"about":[{"href":"https:\/\/dart.is\/en\/wp-json\/wp\/v2\/types\/page"}],"author":[{"embeddable":true,"href":"https:\/\/dart.is\/en\/wp-json\/wp\/v2\/users\/86"}],"replies":[{"embeddable":true,"href":"https:\/\/dart.is\/en\/wp-json\/wp\/v2\/comments?post=19506"}],"version-history":[{"count":3,"href":"https:\/\/dart.is\/en\/wp-json\/wp\/v2\/pages\/19506\/revisions"}],"predecessor-version":[{"id":19537,"href":"https:\/\/dart.is\/en\/wp-json\/wp\/v2\/pages\/19506\/revisions\/19537"}],"wp:featuredmedia":[{"embeddable":true,"href":"https:\/\/dart.is\/en\/wp-json\/wp\/v2\/media\/19341"}],"wp:attachment":[{"href":"https:\/\/dart.is\/en\/wp-json\/wp\/v2\/media?parent=19506"}],"curies":[{"name":"wp","href":"https:\/\/api.w.org\/{rel}","templated":true}]}}