{"id":19514,"date":"2025-10-26T14:52:48","date_gmt":"2025-10-26T14:52:48","guid":{"rendered":"https:\/\/dart.is\/?page_id=19514"},"modified":"2025-11-01T01:35:07","modified_gmt":"2025-11-01T01:35:07","slug":"pilufelag-akraness","status":"publish","type":"page","link":"https:\/\/dart.is\/en\/pilufelag-akraness\/","title":{"rendered":"P\u00edluf\u00e9lag Akraness"},"content":{"rendered":"\n<p><strong>P\u00edluf\u00e9lag Akraness<\/strong><br>Vesturgata 130, Akranes<\/p>\n\n\n\n<p><strong>\u00c6fingar fyrir b\u00f6rn og unglinga:<\/strong><\/p>\n\n\n\n<p>\u00deri\u00f0judagar kl. 17:10-18:00<br>Mi\u00f0vikudagar kl 17:10-18:00<\/p>\n\n\n\n<p>L\u00e1nsp\u00edlur \u00e1 sta\u00f0num og allir velkomnir a\u00f0 koma og pr\u00f3fa<br>Skr\u00e1ningar \u00e1 n\u00e1mskei\u00f0 fara fram \u00e1\u00a0<a href=\"https:\/\/www.abler.io\/shop\/ia\">Sportabler<\/a>.<\/p>\n\n\n\n<p><strong>\u00dej\u00e1lfarar:<\/strong><br>Gunni H\u00f3<br>Siggi Tomm<\/p>\n\n\n\n<iframe src=\"https:\/\/www.google.com\/maps\/embed?pb=!1m18!1m12!1m3!1d1728.8749428328933!2d-22.08388102244233!3d64.32144960192471!2m3!1f0!2f0!3f0!3m2!1i1024!2i768!4f13.1!3m3!1m2!1s0x48d5dd90f26b0449%3A0xd3d9754526975ba5!2zw43DvnLDs3R0YWjDunNpw7AgdmnDsCBWZXN0dXJnw7Z0dSwgVmVzdHVyZ2F0YSAxMzAsIDMwMCBBa3JhbmVz!5e0!3m2!1sis!2sis!4v1761490257662!5m2!1sis!2sis\" width=\"600\" height=\"450\" style=\"border:0;\" allowfullscreen=\"\" loading=\"lazy\" referrerpolicy=\"no-referrer-when-downgrade\"><\/iframe>\n\n\n\n<ul class=\"wp-block-social-links has-visible-labels has-icon-color has-icon-background-color is-style-pill-shape is-content-justification-center is-layout-flex wp-container-core-social-links-is-layout-a89b3969 wp-block-social-links-is-layout-flex\"><li style=\"color:#ffffff;background-color:#0693e3;\" class=\"wp-social-link wp-social-link-facebook has-white-color has-vivid-cyan-blue-background-color wp-block-social-link\"><a rel=\"noopener nofollow\" target=\"_blank\" href=\"https:\/\/www.facebook.com\/p\/P%C3%ADluf%C3%A9lag-Akraness-100057251516603\/?locale=is_IS\" class=\"wp-block-social-link-anchor\"><svg width=\"24\" height=\"24\" viewBox=\"0 0 24 24\" version=\"1.1\" xmlns=\"http:\/\/www.w3.org\/2000\/svg\" aria-hidden=\"true\" focusable=\"false\"><path d=\"M12 2C6.5 2 2 6.5 2 12c0 5 3.7 9.1 8.4 9.9v-7H7.9V12h2.5V9.8c0-2.5 1.5-3.9 3.8-3.9 1.1 0 2.2.2 2.2.2v2.5h-1.3c-1.2 0-1.6.8-1.6 1.6V12h2.8l-.4 2.9h-2.3v7C18.3 21.1 22 17 22 12c0-5.5-4.5-10-10-10z\"><\/path><\/svg><span class=\"wp-block-social-link-label\">Facebook<\/span><\/a><\/li>\n\n<li style=\"color:#ffffff;background-color:#0693e3;\" class=\"wp-social-link wp-social-link-mail has-white-color has-vivid-cyan-blue-background-color wp-block-social-link\"><a rel=\"noopener nofollow\" target=\"_blank\" href=\"mailto:&#112;ilu&#102;&#101;&#108;agakran&#101;s&#115;&#064;g&#109;&#097;il&#046;&#099;o&#109;\" class=\"wp-block-social-link-anchor\"><svg width=\"24\" height=\"24\" viewBox=\"0 0 24 24\" version=\"1.1\" xmlns=\"http:\/\/www.w3.org\/2000\/svg\" aria-hidden=\"true\" focusable=\"false\"><path d=\"M19,5H5c-1.1,0-2,.9-2,2v10c0,1.1.9,2,2,2h14c1.1,0,2-.9,2-2V7c0-1.1-.9-2-2-2zm.5,12c0,.3-.2.5-.5.5H5c-.3,0-.5-.2-.5-.5V9.8l7.5,5.6,7.5-5.6V17zm0-9.1L12,13.6,4.5,7.9V7c0-.3.2-.5.5-.5h14c.3,0,.5.2.5.5v.9z\"><\/path><\/svg><span class=\"wp-block-social-link-label\">Netfang<\/span><\/a><\/li><\/ul>\n","protected":false},"excerpt":{"rendered":"<p>P\u00edluf\u00e9lag AkranessVesturgata 130, Akranes \u00c6fingar fyrir b\u00f6rn og unglinga: \u00deri\u00f0judagar kl. 17:10-18:00Mi\u00f0vikudagar kl 17:10-18:00 L\u00e1nsp\u00edlur \u00e1 sta\u00f0num og<\/p>\n","protected":false},"author":86,"featured_media":19377,"parent":0,"menu_order":0,"comment_status":"closed","ping_status":"closed","template":"","meta":{"footnotes":""},"class_list":["post-19514","page","type-page","status-publish","has-post-thumbnail","hentry"],"yoast_head":"<!-- This site is optimized with the Yoast SEO plugin v27.1.1 - https:\/\/yoast.com\/product\/yoast-seo-wordpress\/ -->\n<title>P\u00edluf\u00e9lag Akraness<\/title>\n<meta name=\"robots\" content=\"index, follow, max-snippet:-1, max-image-preview:large, max-video-preview:-1\" \/>\n<link rel=\"canonical\" href=\"https:\/\/dart.is\/en\/pilufelag-akraness\/\" \/>\n<meta property=\"og:locale\" content=\"en_GB\" \/>\n<meta property=\"og:locale:alternate\" content=\"is_IS\" \/>\n<meta property=\"og:type\" content=\"article\" \/>\n<meta property=\"og:title\" content=\"P\u00edluf\u00e9lag Akraness\" \/>\n<meta property=\"og:description\" content=\"P\u00edluf\u00e9lag AkranessVesturgata 130, Akranes \u00c6fingar fyrir b\u00f6rn og unglinga: \u00deri\u00f0judagar kl. 17:10-18:00Mi\u00f0vikudagar kl 17:10-18:00 L\u00e1nsp\u00edlur \u00e1 sta\u00f0num og\" \/>\n<meta property=\"og:url\" content=\"https:\/\/dart.is\/en\/pilufelag-akraness\/\" \/>\n<meta property=\"og:site_name\" content=\"\u00cdPS -\u00a0Dart.is\" \/>\n<meta property=\"article:publisher\" content=\"http:\/\/www.facebook.com\/ipsdart.is\" \/>\n<meta property=\"article:modified_time\" content=\"2025-11-01T01:35:07+00:00\" \/>\n<meta property=\"og:image\" content=\"http:\/\/dart.is\/wp-content\/uploads\/2025\/10\/Akranes-Logo.jpg\" \/>\n\t<meta property=\"og:image:width\" content=\"792\" \/>\n\t<meta property=\"og:image:height\" content=\"698\" \/>\n\t<meta property=\"og:image:type\" content=\"image\/jpeg\" \/>\n<meta name=\"twitter:card\" content=\"summary_large_image\" \/>\n<meta name=\"twitter:site\" content=\"@livedarticeland\" \/>\n<meta name=\"twitter:label1\" content=\"Estimated reading time\" \/>\n\t<meta name=\"twitter:data1\" content=\"1 minute\" \/>\n<script type=\"application\/ld+json\" class=\"yoast-schema-graph\">{\"@context\":\"https:\/\/schema.org\",\"@graph\":[{\"@type\":\"WebPage\",\"@id\":\"https:\/\/dart.is\/pilufelag-akraness\/\",\"url\":\"https:\/\/dart.is\/pilufelag-akraness\/\",\"name\":\"P\u00edluf\u00e9lag Akraness\",\"isPartOf\":{\"@id\":\"https:\/\/dart.is\/#website\"},\"primaryImageOfPage\":{\"@id\":\"https:\/\/dart.is\/pilufelag-akraness\/#primaryimage\"},\"image\":{\"@id\":\"https:\/\/dart.is\/pilufelag-akraness\/#primaryimage\"},\"thumbnailUrl\":\"https:\/\/i0.wp.com\/dart.is\/wp-content\/uploads\/2025\/10\/Akranes-Logo.jpg?fit=792%2C698&ssl=1\",\"datePublished\":\"2025-10-26T14:52:48+00:00\",\"dateModified\":\"2025-11-01T01:35:07+00:00\",\"breadcrumb\":{\"@id\":\"https:\/\/dart.is\/pilufelag-akraness\/#breadcrumb\"},\"inLanguage\":\"en\",\"potentialAction\":[{\"@type\":\"ReadAction\",\"target\":[\"https:\/\/dart.is\/pilufelag-akraness\/\"]}]},{\"@type\":\"ImageObject\",\"inLanguage\":\"en\",\"@id\":\"https:\/\/dart.is\/pilufelag-akraness\/#primaryimage\",\"url\":\"https:\/\/i0.wp.com\/dart.is\/wp-content\/uploads\/2025\/10\/Akranes-Logo.jpg?fit=792%2C698&ssl=1\",\"contentUrl\":\"https:\/\/i0.wp.com\/dart.is\/wp-content\/uploads\/2025\/10\/Akranes-Logo.jpg?fit=792%2C698&ssl=1\",\"width\":792,\"height\":698},{\"@type\":\"BreadcrumbList\",\"@id\":\"https:\/\/dart.is\/pilufelag-akraness\/#breadcrumb\",\"itemListElement\":[{\"@type\":\"ListItem\",\"position\":1,\"name\":\"Home\",\"item\":\"https:\/\/dart.is\/\"},{\"@type\":\"ListItem\",\"position\":2,\"name\":\"P\u00edluf\u00e9lag Akraness\"}]},{\"@type\":\"WebSite\",\"@id\":\"https:\/\/dart.is\/#website\",\"url\":\"https:\/\/dart.is\/\",\"name\":\"\u00cdPS -\u00a0Dart.is\",\"description\":\"Full member of The World Darts Federation\",\"publisher\":{\"@id\":\"https:\/\/dart.is\/#organization\"},\"potentialAction\":[{\"@type\":\"SearchAction\",\"target\":{\"@type\":\"EntryPoint\",\"urlTemplate\":\"https:\/\/dart.is\/?s={search_term_string}\"},\"query-input\":{\"@type\":\"PropertyValueSpecification\",\"valueRequired\":true,\"valueName\":\"search_term_string\"}}],\"inLanguage\":\"en\"},{\"@type\":\"Organization\",\"@id\":\"https:\/\/dart.is\/#organization\",\"name\":\"\u00cdPS -\u00a0Dart.is\",\"url\":\"https:\/\/dart.is\/\",\"logo\":{\"@type\":\"ImageObject\",\"inLanguage\":\"en\",\"@id\":\"https:\/\/dart.is\/#\/schema\/logo\/image\/\",\"url\":\"https:\/\/i0.wp.com\/dart.is\/wp-content\/uploads\/2023\/05\/cropped-ips-new-header.png?fit=2200%2C250&ssl=1\",\"contentUrl\":\"https:\/\/i0.wp.com\/dart.is\/wp-content\/uploads\/2023\/05\/cropped-ips-new-header.png?fit=2200%2C250&ssl=1\",\"width\":2200,\"height\":250,\"caption\":\"\u00cdPS -\u00a0Dart.is\"},\"image\":{\"@id\":\"https:\/\/dart.is\/#\/schema\/logo\/image\/\"},\"sameAs\":[\"http:\/\/www.facebook.com\/ipsdart.is\",\"https:\/\/x.com\/livedarticeland\"]}]}<\/script>\n<!-- \/ Yoast SEO plugin. -->","yoast_head_json":{"title":"P\u00edluf\u00e9lag Akraness","robots":{"index":"index","follow":"follow","max-snippet":"max-snippet:-1","max-image-preview":"max-image-preview:large","max-video-preview":"max-video-preview:-1"},"canonical":"https:\/\/dart.is\/en\/pilufelag-akraness\/","og_locale":"en_GB","og_type":"article","og_title":"[:is]P\u00edluf\u00e9lag Akraness[:] - \u00cdPS -\u00a0Dart.is","og_description":"P\u00edluf\u00e9lag AkranessVesturgata 130, Akranes \u00c6fingar fyrir b\u00f6rn og unglinga: \u00deri\u00f0judagar kl. 17:10-18:00Mi\u00f0vikudagar kl 17:10-18:00 L\u00e1nsp\u00edlur \u00e1 sta\u00f0num og","og_url":"https:\/\/dart.is\/en\/pilufelag-akraness\/","og_site_name":"\u00cdPS -\u00a0Dart.is","article_publisher":"http:\/\/www.facebook.com\/ipsdart.is","article_modified_time":"2025-11-01T01:35:07+00:00","og_image":[{"width":792,"height":698,"url":"http:\/\/dart.is\/wp-content\/uploads\/2025\/10\/Akranes-Logo.jpg","type":"image\/jpeg"}],"twitter_card":"summary_large_image","twitter_site":"@livedarticeland","twitter_misc":{"Estimated reading time":"1 minute"},"schema":{"@context":"https:\/\/schema.org","@graph":[{"@type":"WebPage","@id":"https:\/\/dart.is\/pilufelag-akraness\/","url":"https:\/\/dart.is\/pilufelag-akraness\/","name":"P\u00edluf\u00e9lag Akraness","isPartOf":{"@id":"https:\/\/dart.is\/#website"},"primaryImageOfPage":{"@id":"https:\/\/dart.is\/pilufelag-akraness\/#primaryimage"},"image":{"@id":"https:\/\/dart.is\/pilufelag-akraness\/#primaryimage"},"thumbnailUrl":"https:\/\/i0.wp.com\/dart.is\/wp-content\/uploads\/2025\/10\/Akranes-Logo.jpg?fit=792%2C698&ssl=1","datePublished":"2025-10-26T14:52:48+00:00","dateModified":"2025-11-01T01:35:07+00:00","breadcrumb":{"@id":"https:\/\/dart.is\/pilufelag-akraness\/#breadcrumb"},"inLanguage":"en","potentialAction":[{"@type":"ReadAction","target":["https:\/\/dart.is\/pilufelag-akraness\/"]}]},{"@type":"ImageObject","inLanguage":"en","@id":"https:\/\/dart.is\/pilufelag-akraness\/#primaryimage","url":"https:\/\/i0.wp.com\/dart.is\/wp-content\/uploads\/2025\/10\/Akranes-Logo.jpg?fit=792%2C698&ssl=1","contentUrl":"https:\/\/i0.wp.com\/dart.is\/wp-content\/uploads\/2025\/10\/Akranes-Logo.jpg?fit=792%2C698&ssl=1","width":792,"height":698},{"@type":"BreadcrumbList","@id":"https:\/\/dart.is\/pilufelag-akraness\/#breadcrumb","itemListElement":[{"@type":"ListItem","position":1,"name":"Home","item":"https:\/\/dart.is\/"},{"@type":"ListItem","position":2,"name":"P\u00edluf\u00e9lag Akraness"}]},{"@type":"WebSite","@id":"https:\/\/dart.is\/#website","url":"https:\/\/dart.is\/","name":"\u00cdPS -\u00a0Dart.is","description":"Full member of The World Darts Federation","publisher":{"@id":"https:\/\/dart.is\/#organization"},"potentialAction":[{"@type":"SearchAction","target":{"@type":"EntryPoint","urlTemplate":"https:\/\/dart.is\/?s={search_term_string}"},"query-input":{"@type":"PropertyValueSpecification","valueRequired":true,"valueName":"search_term_string"}}],"inLanguage":"en"},{"@type":"Organization","@id":"https:\/\/dart.is\/#organization","name":"\u00cdPS -\u00a0Dart.is","url":"https:\/\/dart.is\/","logo":{"@type":"ImageObject","inLanguage":"en","@id":"https:\/\/dart.is\/#\/schema\/logo\/image\/","url":"https:\/\/i0.wp.com\/dart.is\/wp-content\/uploads\/2023\/05\/cropped-ips-new-header.png?fit=2200%2C250&ssl=1","contentUrl":"https:\/\/i0.wp.com\/dart.is\/wp-content\/uploads\/2023\/05\/cropped-ips-new-header.png?fit=2200%2C250&ssl=1","width":2200,"height":250,"caption":"\u00cdPS -\u00a0Dart.is"},"image":{"@id":"https:\/\/dart.is\/#\/schema\/logo\/image\/"},"sameAs":["http:\/\/www.facebook.com\/ipsdart.is","https:\/\/x.com\/livedarticeland"]}]}},"jetpack_likes_enabled":true,"jetpack_sharing_enabled":true,"_links":{"self":[{"href":"https:\/\/dart.is\/en\/wp-json\/wp\/v2\/pages\/19514","targetHints":{"allow":["GET"]}}],"collection":[{"href":"https:\/\/dart.is\/en\/wp-json\/wp\/v2\/pages"}],"about":[{"href":"https:\/\/dart.is\/en\/wp-json\/wp\/v2\/types\/page"}],"author":[{"embeddable":true,"href":"https:\/\/dart.is\/en\/wp-json\/wp\/v2\/users\/86"}],"replies":[{"embeddable":true,"href":"https:\/\/dart.is\/en\/wp-json\/wp\/v2\/comments?post=19514"}],"version-history":[{"count":2,"href":"https:\/\/dart.is\/en\/wp-json\/wp\/v2\/pages\/19514\/revisions"}],"predecessor-version":[{"id":19546,"href":"https:\/\/dart.is\/en\/wp-json\/wp\/v2\/pages\/19514\/revisions\/19546"}],"wp:featuredmedia":[{"embeddable":true,"href":"https:\/\/dart.is\/en\/wp-json\/wp\/v2\/media\/19377"}],"wp:attachment":[{"href":"https:\/\/dart.is\/en\/wp-json\/wp\/v2\/media?parent=19514"}],"curies":[{"name":"wp","href":"https:\/\/api.w.org\/{rel}","templated":true}]}}