{"id":19517,"date":"2025-10-26T14:59:44","date_gmt":"2025-10-26T14:59:44","guid":{"rendered":"https:\/\/dart.is\/?page_id=19517"},"modified":"2025-11-09T12:40:42","modified_gmt":"2025-11-09T12:40:42","slug":"pilufelag-dalvikur","status":"publish","type":"page","link":"https:\/\/dart.is\/en\/adild-ad-ips\/adildarfelog\/pilufelag-dalvikur\/","title":{"rendered":"P\u00edluf\u00e9lag Dalv\u00edkur"},"content":{"rendered":"\n<p><strong>P\u00edluf\u00e9lag Dalv\u00edkur<\/strong><br>Hafnarbraut 1, Dalv\u00edk<\/p>\n\n\n\n<p><strong>Eru me\u00f0 a\u00f0st\u00f6\u00f0u P\u00edlusmi\u00f0ju fyrir sk\u00f3lann tvisvar \u00ed viku og er \u00feetta val \u00ed sk\u00f3lanum.<\/strong><\/p>\n\n\n\n<p>\u00dea\u00f0 er hinsvegar opi\u00f0 fyrir krakkana \u00e1 kv\u00f6ldin og eru margir a\u00f0 taka \u00fe\u00e1tt \u00ed okkar m\u00f3tum me\u00f0 fullor\u00f0na f\u00f3lkinu og eru \u00feeir nokkrir sem eru t.d. a\u00f0 keppa \u00ed deildarkeppninni okkar.<\/p>\n\n\n\n<iframe src=\"https:\/\/www.google.com\/maps\/embed?pb=!1m18!1m12!1m3!1d1624.4590632727602!2d-18.532861322350207!3d65.9740011626137!2m3!1f0!2f0!3f0!3m2!1i1024!2i768!4f13.1!3m3!1m2!1s0x48d2beb6a9ca5d8b%3A0x7c53702211ae21bd!2sHafnarbraut%201%2C%20620%20Dalv%C3%ADk!5e0!3m2!1sis!2sis!4v1761490734678!5m2!1sis!2sis\" width=\"600\" height=\"450\" style=\"border:0;\" allowfullscreen=\"\" loading=\"lazy\" referrerpolicy=\"no-referrer-when-downgrade\"><\/iframe>\n\n\n\n<ul class=\"wp-block-social-links has-visible-labels has-icon-color has-icon-background-color is-style-pill-shape is-content-justification-center is-layout-flex wp-container-core-social-links-is-layout-a89b3969 wp-block-social-links-is-layout-flex\"><li style=\"color:#ffffff;background-color:#0693e3;\" class=\"wp-social-link wp-social-link-facebook has-white-color has-vivid-cyan-blue-background-color wp-block-social-link\"><a rel=\"noopener nofollow\" target=\"_blank\" href=\"https:\/\/www.facebook.com\/p\/P%C3%ADluf%C3%A9lag-Dalv%C3%ADkur-100090302801509\/\" class=\"wp-block-social-link-anchor\"><svg width=\"24\" height=\"24\" viewBox=\"0 0 24 24\" version=\"1.1\" xmlns=\"http:\/\/www.w3.org\/2000\/svg\" aria-hidden=\"true\" focusable=\"false\"><path d=\"M12 2C6.5 2 2 6.5 2 12c0 5 3.7 9.1 8.4 9.9v-7H7.9V12h2.5V9.8c0-2.5 1.5-3.9 3.8-3.9 1.1 0 2.2.2 2.2.2v2.5h-1.3c-1.2 0-1.6.8-1.6 1.6V12h2.8l-.4 2.9h-2.3v7C18.3 21.1 22 17 22 12c0-5.5-4.5-10-10-10z\"><\/path><\/svg><span class=\"wp-block-social-link-label\">Facebook<\/span><\/a><\/li>\n\n<li style=\"color:#ffffff;background-color:#0693e3;\" class=\"wp-social-link wp-social-link-mail has-white-color has-vivid-cyan-blue-background-color wp-block-social-link\"><a rel=\"noopener nofollow\" target=\"_blank\" href=\"mailto:pil&#117;f&#101;&#108;a&#103;&#100;&#097;&#108;v&#105;&#107;&#117;&#114;&#064;g&#109;a&#105;&#108;&#046;&#099;om\" class=\"wp-block-social-link-anchor\"><svg width=\"24\" height=\"24\" viewBox=\"0 0 24 24\" version=\"1.1\" xmlns=\"http:\/\/www.w3.org\/2000\/svg\" aria-hidden=\"true\" focusable=\"false\"><path d=\"M19,5H5c-1.1,0-2,.9-2,2v10c0,1.1.9,2,2,2h14c1.1,0,2-.9,2-2V7c0-1.1-.9-2-2-2zm.5,12c0,.3-.2.5-.5.5H5c-.3,0-.5-.2-.5-.5V9.8l7.5,5.6,7.5-5.6V17zm0-9.1L12,13.6,4.5,7.9V7c0-.3.2-.5.5-.5h14c.3,0,.5.2.5.5v.9z\"><\/path><\/svg><span class=\"wp-block-social-link-label\">Netfang<\/span><\/a><\/li><\/ul>\n\n\n\n<p><\/p>\n","protected":false},"excerpt":{"rendered":"<p>P\u00edluf\u00e9lag Dalv\u00edkurHafnarbraut 1, Dalv\u00edk Eru me\u00f0 a\u00f0st\u00f6\u00f0u P\u00edlusmi\u00f0ju fyrir sk\u00f3lann tvisvar \u00ed viku og er \u00feetta val \u00ed<\/p>\n","protected":false},"author":86,"featured_media":19397,"parent":10218,"menu_order":0,"comment_status":"closed","ping_status":"closed","template":"","meta":{"footnotes":""},"class_list":["post-19517","page","type-page","status-publish","has-post-thumbnail","hentry"],"yoast_head":"<!-- This site is optimized with the Yoast SEO plugin v27.1.1 - https:\/\/yoast.com\/product\/yoast-seo-wordpress\/ -->\n<title>P\u00edluf\u00e9lag Dalv\u00edkur<\/title>\n<meta name=\"robots\" content=\"index, follow, max-snippet:-1, max-image-preview:large, max-video-preview:-1\" \/>\n<link rel=\"canonical\" href=\"https:\/\/dart.is\/en\/adild-ad-ips\/adildarfelog\/pilufelag-dalvikur\/\" \/>\n<meta property=\"og:locale\" content=\"en_GB\" \/>\n<meta property=\"og:locale:alternate\" content=\"is_IS\" \/>\n<meta property=\"og:type\" content=\"article\" \/>\n<meta property=\"og:title\" content=\"P\u00edluf\u00e9lag Dalv\u00edkur\" \/>\n<meta property=\"og:description\" content=\"P\u00edluf\u00e9lag Dalv\u00edkurHafnarbraut 1, Dalv\u00edk Eru me\u00f0 a\u00f0st\u00f6\u00f0u P\u00edlusmi\u00f0ju fyrir sk\u00f3lann tvisvar \u00ed viku og er \u00feetta val \u00ed\" \/>\n<meta property=\"og:url\" content=\"https:\/\/dart.is\/en\/adild-ad-ips\/adildarfelog\/pilufelag-dalvikur\/\" \/>\n<meta property=\"og:site_name\" content=\"\u00cdPS -\u00a0Dart.is\" \/>\n<meta property=\"article:publisher\" content=\"http:\/\/www.facebook.com\/ipsdart.is\" \/>\n<meta property=\"article:modified_time\" content=\"2025-11-09T12:40:42+00:00\" \/>\n<meta property=\"og:image\" content=\"http:\/\/dart.is\/wp-content\/uploads\/2025\/10\/Screenshot-2025-10-14-090458.jpg\" \/>\n\t<meta property=\"og:image:width\" content=\"843\" \/>\n\t<meta property=\"og:image:height\" content=\"750\" \/>\n\t<meta property=\"og:image:type\" content=\"image\/jpeg\" \/>\n<meta name=\"twitter:card\" content=\"summary_large_image\" \/>\n<meta name=\"twitter:site\" content=\"@livedarticeland\" \/>\n<meta name=\"twitter:label1\" content=\"Estimated reading time\" \/>\n\t<meta name=\"twitter:data1\" content=\"1 minute\" \/>\n<script type=\"application\/ld+json\" class=\"yoast-schema-graph\">{\"@context\":\"https:\/\/schema.org\",\"@graph\":[{\"@type\":\"WebPage\",\"@id\":\"https:\/\/dart.is\/adild-ad-ips\/adildarfelog\/pilufelag-dalvikur\/\",\"url\":\"https:\/\/dart.is\/adild-ad-ips\/adildarfelog\/pilufelag-dalvikur\/\",\"name\":\"P\u00edluf\u00e9lag Dalv\u00edkur\",\"isPartOf\":{\"@id\":\"https:\/\/dart.is\/#website\"},\"primaryImageOfPage\":{\"@id\":\"https:\/\/dart.is\/adild-ad-ips\/adildarfelog\/pilufelag-dalvikur\/#primaryimage\"},\"image\":{\"@id\":\"https:\/\/dart.is\/adild-ad-ips\/adildarfelog\/pilufelag-dalvikur\/#primaryimage\"},\"thumbnailUrl\":\"https:\/\/i0.wp.com\/dart.is\/wp-content\/uploads\/2025\/10\/Screenshot-2025-10-14-090458.jpg?fit=843%2C750&ssl=1\",\"datePublished\":\"2025-10-26T14:59:44+00:00\",\"dateModified\":\"2025-11-09T12:40:42+00:00\",\"breadcrumb\":{\"@id\":\"https:\/\/dart.is\/adild-ad-ips\/adildarfelog\/pilufelag-dalvikur\/#breadcrumb\"},\"inLanguage\":\"en\",\"potentialAction\":[{\"@type\":\"ReadAction\",\"target\":[\"https:\/\/dart.is\/adild-ad-ips\/adildarfelog\/pilufelag-dalvikur\/\"]}]},{\"@type\":\"ImageObject\",\"inLanguage\":\"en\",\"@id\":\"https:\/\/dart.is\/adild-ad-ips\/adildarfelog\/pilufelag-dalvikur\/#primaryimage\",\"url\":\"https:\/\/i0.wp.com\/dart.is\/wp-content\/uploads\/2025\/10\/Screenshot-2025-10-14-090458.jpg?fit=843%2C750&ssl=1\",\"contentUrl\":\"https:\/\/i0.wp.com\/dart.is\/wp-content\/uploads\/2025\/10\/Screenshot-2025-10-14-090458.jpg?fit=843%2C750&ssl=1\",\"width\":843,\"height\":750},{\"@type\":\"BreadcrumbList\",\"@id\":\"https:\/\/dart.is\/adild-ad-ips\/adildarfelog\/pilufelag-dalvikur\/#breadcrumb\",\"itemListElement\":[{\"@type\":\"ListItem\",\"position\":1,\"name\":\"Home\",\"item\":\"https:\/\/dart.is\/\"},{\"@type\":\"ListItem\",\"position\":2,\"name\":\"A\u00f0ild a\u00f0 \u00cdPS\",\"item\":\"https:\/\/dart.is\/adild-ad-ips\/\"},{\"@type\":\"ListItem\",\"position\":3,\"name\":\"A\u00f0ildarf\u00e9l\u00f6g\",\"item\":\"https:\/\/dart.is\/adild-ad-ips\/adildarfelog\/\"},{\"@type\":\"ListItem\",\"position\":4,\"name\":\"P\u00edluf\u00e9lag Dalv\u00edkur\"}]},{\"@type\":\"WebSite\",\"@id\":\"https:\/\/dart.is\/#website\",\"url\":\"https:\/\/dart.is\/\",\"name\":\"\u00cdPS -\u00a0Dart.is\",\"description\":\"Full member of The World Darts Federation\",\"publisher\":{\"@id\":\"https:\/\/dart.is\/#organization\"},\"potentialAction\":[{\"@type\":\"SearchAction\",\"target\":{\"@type\":\"EntryPoint\",\"urlTemplate\":\"https:\/\/dart.is\/?s={search_term_string}\"},\"query-input\":{\"@type\":\"PropertyValueSpecification\",\"valueRequired\":true,\"valueName\":\"search_term_string\"}}],\"inLanguage\":\"en\"},{\"@type\":\"Organization\",\"@id\":\"https:\/\/dart.is\/#organization\",\"name\":\"\u00cdPS -\u00a0Dart.is\",\"url\":\"https:\/\/dart.is\/\",\"logo\":{\"@type\":\"ImageObject\",\"inLanguage\":\"en\",\"@id\":\"https:\/\/dart.is\/#\/schema\/logo\/image\/\",\"url\":\"https:\/\/i0.wp.com\/dart.is\/wp-content\/uploads\/2023\/05\/cropped-ips-new-header.png?fit=2200%2C250&ssl=1\",\"contentUrl\":\"https:\/\/i0.wp.com\/dart.is\/wp-content\/uploads\/2023\/05\/cropped-ips-new-header.png?fit=2200%2C250&ssl=1\",\"width\":2200,\"height\":250,\"caption\":\"\u00cdPS -\u00a0Dart.is\"},\"image\":{\"@id\":\"https:\/\/dart.is\/#\/schema\/logo\/image\/\"},\"sameAs\":[\"http:\/\/www.facebook.com\/ipsdart.is\",\"https:\/\/x.com\/livedarticeland\"]}]}<\/script>\n<!-- \/ Yoast SEO plugin. -->","yoast_head_json":{"title":"P\u00edluf\u00e9lag Dalv\u00edkur","robots":{"index":"index","follow":"follow","max-snippet":"max-snippet:-1","max-image-preview":"max-image-preview:large","max-video-preview":"max-video-preview:-1"},"canonical":"https:\/\/dart.is\/en\/adild-ad-ips\/adildarfelog\/pilufelag-dalvikur\/","og_locale":"en_GB","og_type":"article","og_title":"[:is]P\u00edluf\u00e9lag Dalv\u00edkur[:] - \u00cdPS -\u00a0Dart.is","og_description":"P\u00edluf\u00e9lag Dalv\u00edkurHafnarbraut 1, Dalv\u00edk Eru me\u00f0 a\u00f0st\u00f6\u00f0u P\u00edlusmi\u00f0ju fyrir sk\u00f3lann tvisvar \u00ed viku og er \u00feetta val \u00ed","og_url":"https:\/\/dart.is\/en\/adild-ad-ips\/adildarfelog\/pilufelag-dalvikur\/","og_site_name":"\u00cdPS -\u00a0Dart.is","article_publisher":"http:\/\/www.facebook.com\/ipsdart.is","article_modified_time":"2025-11-09T12:40:42+00:00","og_image":[{"width":843,"height":750,"url":"http:\/\/dart.is\/wp-content\/uploads\/2025\/10\/Screenshot-2025-10-14-090458.jpg","type":"image\/jpeg"}],"twitter_card":"summary_large_image","twitter_site":"@livedarticeland","twitter_misc":{"Estimated reading time":"1 minute"},"schema":{"@context":"https:\/\/schema.org","@graph":[{"@type":"WebPage","@id":"https:\/\/dart.is\/adild-ad-ips\/adildarfelog\/pilufelag-dalvikur\/","url":"https:\/\/dart.is\/adild-ad-ips\/adildarfelog\/pilufelag-dalvikur\/","name":"P\u00edluf\u00e9lag Dalv\u00edkur","isPartOf":{"@id":"https:\/\/dart.is\/#website"},"primaryImageOfPage":{"@id":"https:\/\/dart.is\/adild-ad-ips\/adildarfelog\/pilufelag-dalvikur\/#primaryimage"},"image":{"@id":"https:\/\/dart.is\/adild-ad-ips\/adildarfelog\/pilufelag-dalvikur\/#primaryimage"},"thumbnailUrl":"https:\/\/i0.wp.com\/dart.is\/wp-content\/uploads\/2025\/10\/Screenshot-2025-10-14-090458.jpg?fit=843%2C750&ssl=1","datePublished":"2025-10-26T14:59:44+00:00","dateModified":"2025-11-09T12:40:42+00:00","breadcrumb":{"@id":"https:\/\/dart.is\/adild-ad-ips\/adildarfelog\/pilufelag-dalvikur\/#breadcrumb"},"inLanguage":"en","potentialAction":[{"@type":"ReadAction","target":["https:\/\/dart.is\/adild-ad-ips\/adildarfelog\/pilufelag-dalvikur\/"]}]},{"@type":"ImageObject","inLanguage":"en","@id":"https:\/\/dart.is\/adild-ad-ips\/adildarfelog\/pilufelag-dalvikur\/#primaryimage","url":"https:\/\/i0.wp.com\/dart.is\/wp-content\/uploads\/2025\/10\/Screenshot-2025-10-14-090458.jpg?fit=843%2C750&ssl=1","contentUrl":"https:\/\/i0.wp.com\/dart.is\/wp-content\/uploads\/2025\/10\/Screenshot-2025-10-14-090458.jpg?fit=843%2C750&ssl=1","width":843,"height":750},{"@type":"BreadcrumbList","@id":"https:\/\/dart.is\/adild-ad-ips\/adildarfelog\/pilufelag-dalvikur\/#breadcrumb","itemListElement":[{"@type":"ListItem","position":1,"name":"Home","item":"https:\/\/dart.is\/"},{"@type":"ListItem","position":2,"name":"A\u00f0ild a\u00f0 \u00cdPS","item":"https:\/\/dart.is\/adild-ad-ips\/"},{"@type":"ListItem","position":3,"name":"A\u00f0ildarf\u00e9l\u00f6g","item":"https:\/\/dart.is\/adild-ad-ips\/adildarfelog\/"},{"@type":"ListItem","position":4,"name":"P\u00edluf\u00e9lag Dalv\u00edkur"}]},{"@type":"WebSite","@id":"https:\/\/dart.is\/#website","url":"https:\/\/dart.is\/","name":"\u00cdPS -\u00a0Dart.is","description":"Full member of The World Darts Federation","publisher":{"@id":"https:\/\/dart.is\/#organization"},"potentialAction":[{"@type":"SearchAction","target":{"@type":"EntryPoint","urlTemplate":"https:\/\/dart.is\/?s={search_term_string}"},"query-input":{"@type":"PropertyValueSpecification","valueRequired":true,"valueName":"search_term_string"}}],"inLanguage":"en"},{"@type":"Organization","@id":"https:\/\/dart.is\/#organization","name":"\u00cdPS -\u00a0Dart.is","url":"https:\/\/dart.is\/","logo":{"@type":"ImageObject","inLanguage":"en","@id":"https:\/\/dart.is\/#\/schema\/logo\/image\/","url":"https:\/\/i0.wp.com\/dart.is\/wp-content\/uploads\/2023\/05\/cropped-ips-new-header.png?fit=2200%2C250&ssl=1","contentUrl":"https:\/\/i0.wp.com\/dart.is\/wp-content\/uploads\/2023\/05\/cropped-ips-new-header.png?fit=2200%2C250&ssl=1","width":2200,"height":250,"caption":"\u00cdPS -\u00a0Dart.is"},"image":{"@id":"https:\/\/dart.is\/#\/schema\/logo\/image\/"},"sameAs":["http:\/\/www.facebook.com\/ipsdart.is","https:\/\/x.com\/livedarticeland"]}]}},"jetpack_likes_enabled":true,"jetpack_sharing_enabled":true,"_links":{"self":[{"href":"https:\/\/dart.is\/en\/wp-json\/wp\/v2\/pages\/19517","targetHints":{"allow":["GET"]}}],"collection":[{"href":"https:\/\/dart.is\/en\/wp-json\/wp\/v2\/pages"}],"about":[{"href":"https:\/\/dart.is\/en\/wp-json\/wp\/v2\/types\/page"}],"author":[{"embeddable":true,"href":"https:\/\/dart.is\/en\/wp-json\/wp\/v2\/users\/86"}],"replies":[{"embeddable":true,"href":"https:\/\/dart.is\/en\/wp-json\/wp\/v2\/comments?post=19517"}],"version-history":[{"count":3,"href":"https:\/\/dart.is\/en\/wp-json\/wp\/v2\/pages\/19517\/revisions"}],"predecessor-version":[{"id":19702,"href":"https:\/\/dart.is\/en\/wp-json\/wp\/v2\/pages\/19517\/revisions\/19702"}],"up":[{"embeddable":true,"href":"https:\/\/dart.is\/en\/wp-json\/wp\/v2\/pages\/10218"}],"wp:featuredmedia":[{"embeddable":true,"href":"https:\/\/dart.is\/en\/wp-json\/wp\/v2\/media\/19397"}],"wp:attachment":[{"href":"https:\/\/dart.is\/en\/wp-json\/wp\/v2\/media?parent=19517"}],"curies":[{"name":"wp","href":"https:\/\/api.w.org\/{rel}","templated":true}]}}