{"id":19525,"date":"2025-11-01T01:32:21","date_gmt":"2025-11-01T01:32:21","guid":{"rendered":"https:\/\/dart.is\/?page_id=19525"},"modified":"2025-11-09T12:37:12","modified_gmt":"2025-11-09T12:37:12","slug":"pilukastfelag-reykjavikur","status":"publish","type":"page","link":"https:\/\/dart.is\/en\/adild-ad-ips\/adildarfelog\/pilukastfelag-reykjavikur\/","title":{"rendered":"P\u00edlukastf\u00e9lag Reykjav\u00edkur"},"content":{"rendered":"\n<p><strong>P\u00edlukastf\u00e9lag Reykjav\u00edkur<\/strong><br>Tangarh\u00f6f\u00f0i 2, efri h\u00e6\u00f0, 110 Reykjav\u00edk<\/p>\n\n\n\n<p><strong>Barnastarfi\u00f0:<\/strong><\/p>\n\n\n\n<p>Mi\u00f0vikudaga: kl 16:30-18:30 &#8211; Skr\u00e1ning \u00e1 FB s\u00ed\u00f0u f\u00e9lagsins<\/p>\n\n\n\n<p><strong>Li\u00f0am\u00f3t:<\/strong><\/p>\n\n\n\n<p>1 deild &#8211; M\u00e1nudaga<\/p>\n\n\n\n<p>2 deild &#8211; \u00deri\u00f0judaga<\/p>\n\n\n\n<p>3 deild &#8211; Mi\u00f0vikudaga <br>Skr\u00e1ning fer fram \u00e1 Facebook s\u00ed\u00f0u f\u00e9lagsins<\/p>\n\n\n\n<p><strong>Opin m\u00f3t \u00e1 fimmtud\u00f6gum &#8211; Allir velkomnir<\/strong><\/p>\n\n\n\n<p>F\u00e9lagsgjald fullor\u00f0inna: 20.000.-kr<br>F\u00e9lagsgjald barna:<\/p>\n\n\n\n<ul class=\"wp-block-social-links aligncenter has-visible-labels has-icon-color has-icon-background-color is-style-pill-shape is-content-justification-center is-layout-flex wp-container-core-social-links-is-layout-a89b3969 wp-block-social-links-is-layout-flex\"><li style=\"color:#ffffff;background-color:#0693e3;\" class=\"wp-social-link wp-social-link-facebook has-white-color has-vivid-cyan-blue-background-color wp-block-social-link\"><a rel=\"noopener nofollow\" target=\"_blank\" href=\"https:\/\/www.facebook.com\/pilaPFR\/\" class=\"wp-block-social-link-anchor\"><svg width=\"24\" height=\"24\" viewBox=\"0 0 24 24\" version=\"1.1\" xmlns=\"http:\/\/www.w3.org\/2000\/svg\" aria-hidden=\"true\" focusable=\"false\"><path d=\"M12 2C6.5 2 2 6.5 2 12c0 5 3.7 9.1 8.4 9.9v-7H7.9V12h2.5V9.8c0-2.5 1.5-3.9 3.8-3.9 1.1 0 2.2.2 2.2.2v2.5h-1.3c-1.2 0-1.6.8-1.6 1.6V12h2.8l-.4 2.9h-2.3v7C18.3 21.1 22 17 22 12c0-5.5-4.5-10-10-10z\"><\/path><\/svg><span class=\"wp-block-social-link-label\">Facebook<\/span><\/a><\/li>\n\n<li style=\"color:#ffffff;background-color:#0693e3;\" class=\"wp-social-link wp-social-link-mail has-white-color has-vivid-cyan-blue-background-color wp-block-social-link\"><a rel=\"noopener nofollow\" target=\"_blank\" href=\"mailto:p&#105;&#108;&#097;p&#102;r&#064;&#103;&#109;&#097;i&#108;&#046;co&#109;\" class=\"wp-block-social-link-anchor\"><svg width=\"24\" height=\"24\" viewBox=\"0 0 24 24\" version=\"1.1\" xmlns=\"http:\/\/www.w3.org\/2000\/svg\" aria-hidden=\"true\" focusable=\"false\"><path d=\"M19,5H5c-1.1,0-2,.9-2,2v10c0,1.1.9,2,2,2h14c1.1,0,2-.9,2-2V7c0-1.1-.9-2-2-2zm.5,12c0,.3-.2.5-.5.5H5c-.3,0-.5-.2-.5-.5V9.8l7.5,5.6,7.5-5.6V17zm0-9.1L12,13.6,4.5,7.9V7c0-.3.2-.5.5-.5h14c.3,0,.5.2.5.5v.9z\"><\/path><\/svg><span class=\"wp-block-social-link-label\">Netfang<\/span><\/a><\/li>\n\n<li style=\"color:#ffffff;background-color:#0693e3;\" class=\"wp-social-link wp-social-link-chain has-white-color has-vivid-cyan-blue-background-color wp-block-social-link\"><a rel=\"noopener nofollow\" target=\"_blank\" href=\"https:\/\/pfr.is\/\" class=\"wp-block-social-link-anchor\"><svg width=\"24\" height=\"24\" viewBox=\"0 0 24 24\" version=\"1.1\" xmlns=\"http:\/\/www.w3.org\/2000\/svg\" aria-hidden=\"true\" focusable=\"false\"><path d=\"M15.6,7.2H14v1.5h1.6c2,0,3.7,1.7,3.7,3.7s-1.7,3.7-3.7,3.7H14v1.5h1.6c2.8,0,5.2-2.3,5.2-5.2,0-2.9-2.3-5.2-5.2-5.2zM4.7,12.4c0-2,1.7-3.7,3.7-3.7H10V7.2H8.4c-2.9,0-5.2,2.3-5.2,5.2,0,2.9,2.3,5.2,5.2,5.2H10v-1.5H8.4c-2,0-3.7-1.7-3.7-3.7zm4.6.9h5.3v-1.5H9.3v1.5z\"><\/path><\/svg><span class=\"wp-block-social-link-label\">Heimas\u00ed\u00f0a<\/span><\/a><\/li><\/ul>\n\n\n\n<iframe src=\"https:\/\/www.google.com\/maps\/embed?pb=!1m18!1m12!1m3!1d1741.1438660326492!2d-21.820181122453143!3d64.12579351829783!2m3!1f0!2f0!3f0!3m2!1i1024!2i768!4f13.1!3m3!1m2!1s0x48d6737e4eaa0017%3A0x6c953d006f90b44b!2zVGFuZ2FyaMO2ZsOwaSAyLCAxMTAgUmV5a2phdsOtaw!5e0!3m2!1sen!2sis!4v1761960614390!5m2!1sen!2sis\" width=\"600\" height=\"450\" style=\"border:0;\" allowfullscreen=\"\" loading=\"lazy\" referrerpolicy=\"no-referrer-when-downgrade\"><\/iframe>\n","protected":false},"excerpt":{"rendered":"<p>P\u00edlukastf\u00e9lag Reykjav\u00edkurTangarh\u00f6f\u00f0i 2, efri h\u00e6\u00f0, 110 Reykjav\u00edk Barnastarfi\u00f0: Mi\u00f0vikudaga: kl 16:30-18:30 &#8211; Skr\u00e1ning \u00e1 FB s\u00ed\u00f0u f\u00e9lagsins Li\u00f0am\u00f3t:<\/p>\n","protected":false},"author":86,"featured_media":19542,"parent":10218,"menu_order":0,"comment_status":"closed","ping_status":"closed","template":"","meta":{"footnotes":""},"class_list":["post-19525","page","type-page","status-publish","has-post-thumbnail","hentry"],"yoast_head":"<!-- This site is optimized with the Yoast SEO plugin v27.1.1 - https:\/\/yoast.com\/product\/yoast-seo-wordpress\/ -->\n<title>P\u00edlukastf\u00e9lag Reykjav\u00edkur<\/title>\n<meta name=\"robots\" content=\"index, follow, max-snippet:-1, max-image-preview:large, max-video-preview:-1\" \/>\n<link rel=\"canonical\" href=\"https:\/\/dart.is\/en\/adild-ad-ips\/adildarfelog\/pilukastfelag-reykjavikur\/\" \/>\n<meta property=\"og:locale\" content=\"en_GB\" \/>\n<meta property=\"og:locale:alternate\" content=\"is_IS\" \/>\n<meta property=\"og:type\" content=\"article\" \/>\n<meta property=\"og:title\" content=\"P\u00edlukastf\u00e9lag Reykjav\u00edkur\" \/>\n<meta property=\"og:description\" content=\"P\u00edlukastf\u00e9lag Reykjav\u00edkurTangarh\u00f6f\u00f0i 2, efri h\u00e6\u00f0, 110 Reykjav\u00edk Barnastarfi\u00f0: Mi\u00f0vikudaga: kl 16:30-18:30 &#8211; Skr\u00e1ning \u00e1 FB s\u00ed\u00f0u f\u00e9lagsins Li\u00f0am\u00f3t:\" \/>\n<meta property=\"og:url\" content=\"https:\/\/dart.is\/en\/adild-ad-ips\/adildarfelog\/pilukastfelag-reykjavikur\/\" \/>\n<meta property=\"og:site_name\" content=\"\u00cdPS -\u00a0Dart.is\" \/>\n<meta property=\"article:publisher\" content=\"http:\/\/www.facebook.com\/ipsdart.is\" \/>\n<meta property=\"article:modified_time\" content=\"2025-11-09T12:37:12+00:00\" \/>\n<meta property=\"og:image\" content=\"http:\/\/dart.is\/wp-content\/uploads\/2025\/11\/436816839_122103105302282960_7832511697756053543_n.jpg\" \/>\n\t<meta property=\"og:image:width\" content=\"960\" \/>\n\t<meta property=\"og:image:height\" content=\"955\" \/>\n\t<meta property=\"og:image:type\" content=\"image\/jpeg\" \/>\n<meta name=\"twitter:card\" content=\"summary_large_image\" \/>\n<meta name=\"twitter:site\" content=\"@livedarticeland\" \/>\n<meta name=\"twitter:label1\" content=\"Estimated reading time\" \/>\n\t<meta name=\"twitter:data1\" content=\"1 minute\" \/>\n<script type=\"application\/ld+json\" class=\"yoast-schema-graph\">{\"@context\":\"https:\/\/schema.org\",\"@graph\":[{\"@type\":\"WebPage\",\"@id\":\"https:\/\/dart.is\/adild-ad-ips\/adildarfelog\/pilukastfelag-reykjavikur\/\",\"url\":\"https:\/\/dart.is\/adild-ad-ips\/adildarfelog\/pilukastfelag-reykjavikur\/\",\"name\":\"P\u00edlukastf\u00e9lag Reykjav\u00edkur\",\"isPartOf\":{\"@id\":\"https:\/\/dart.is\/#website\"},\"primaryImageOfPage\":{\"@id\":\"https:\/\/dart.is\/adild-ad-ips\/adildarfelog\/pilukastfelag-reykjavikur\/#primaryimage\"},\"image\":{\"@id\":\"https:\/\/dart.is\/adild-ad-ips\/adildarfelog\/pilukastfelag-reykjavikur\/#primaryimage\"},\"thumbnailUrl\":\"https:\/\/i0.wp.com\/dart.is\/wp-content\/uploads\/2025\/11\/436816839_122103105302282960_7832511697756053543_n.jpg?fit=960%2C955&ssl=1\",\"datePublished\":\"2025-11-01T01:32:21+00:00\",\"dateModified\":\"2025-11-09T12:37:12+00:00\",\"breadcrumb\":{\"@id\":\"https:\/\/dart.is\/adild-ad-ips\/adildarfelog\/pilukastfelag-reykjavikur\/#breadcrumb\"},\"inLanguage\":\"en\",\"potentialAction\":[{\"@type\":\"ReadAction\",\"target\":[\"https:\/\/dart.is\/adild-ad-ips\/adildarfelog\/pilukastfelag-reykjavikur\/\"]}]},{\"@type\":\"ImageObject\",\"inLanguage\":\"en\",\"@id\":\"https:\/\/dart.is\/adild-ad-ips\/adildarfelog\/pilukastfelag-reykjavikur\/#primaryimage\",\"url\":\"https:\/\/i0.wp.com\/dart.is\/wp-content\/uploads\/2025\/11\/436816839_122103105302282960_7832511697756053543_n.jpg?fit=960%2C955&ssl=1\",\"contentUrl\":\"https:\/\/i0.wp.com\/dart.is\/wp-content\/uploads\/2025\/11\/436816839_122103105302282960_7832511697756053543_n.jpg?fit=960%2C955&ssl=1\",\"width\":960,\"height\":955},{\"@type\":\"BreadcrumbList\",\"@id\":\"https:\/\/dart.is\/adild-ad-ips\/adildarfelog\/pilukastfelag-reykjavikur\/#breadcrumb\",\"itemListElement\":[{\"@type\":\"ListItem\",\"position\":1,\"name\":\"Home\",\"item\":\"https:\/\/dart.is\/\"},{\"@type\":\"ListItem\",\"position\":2,\"name\":\"A\u00f0ild a\u00f0 \u00cdPS\",\"item\":\"https:\/\/dart.is\/adild-ad-ips\/\"},{\"@type\":\"ListItem\",\"position\":3,\"name\":\"A\u00f0ildarf\u00e9l\u00f6g\",\"item\":\"https:\/\/dart.is\/adild-ad-ips\/adildarfelog\/\"},{\"@type\":\"ListItem\",\"position\":4,\"name\":\"P\u00edlukastf\u00e9lag Reykjav\u00edkur\"}]},{\"@type\":\"WebSite\",\"@id\":\"https:\/\/dart.is\/#website\",\"url\":\"https:\/\/dart.is\/\",\"name\":\"\u00cdPS -\u00a0Dart.is\",\"description\":\"Full member of The World Darts Federation\",\"publisher\":{\"@id\":\"https:\/\/dart.is\/#organization\"},\"potentialAction\":[{\"@type\":\"SearchAction\",\"target\":{\"@type\":\"EntryPoint\",\"urlTemplate\":\"https:\/\/dart.is\/?s={search_term_string}\"},\"query-input\":{\"@type\":\"PropertyValueSpecification\",\"valueRequired\":true,\"valueName\":\"search_term_string\"}}],\"inLanguage\":\"en\"},{\"@type\":\"Organization\",\"@id\":\"https:\/\/dart.is\/#organization\",\"name\":\"\u00cdPS -\u00a0Dart.is\",\"url\":\"https:\/\/dart.is\/\",\"logo\":{\"@type\":\"ImageObject\",\"inLanguage\":\"en\",\"@id\":\"https:\/\/dart.is\/#\/schema\/logo\/image\/\",\"url\":\"https:\/\/i0.wp.com\/dart.is\/wp-content\/uploads\/2023\/05\/cropped-ips-new-header.png?fit=2200%2C250&ssl=1\",\"contentUrl\":\"https:\/\/i0.wp.com\/dart.is\/wp-content\/uploads\/2023\/05\/cropped-ips-new-header.png?fit=2200%2C250&ssl=1\",\"width\":2200,\"height\":250,\"caption\":\"\u00cdPS -\u00a0Dart.is\"},\"image\":{\"@id\":\"https:\/\/dart.is\/#\/schema\/logo\/image\/\"},\"sameAs\":[\"http:\/\/www.facebook.com\/ipsdart.is\",\"https:\/\/x.com\/livedarticeland\"]}]}<\/script>\n<!-- \/ Yoast SEO plugin. -->","yoast_head_json":{"title":"P\u00edlukastf\u00e9lag Reykjav\u00edkur","robots":{"index":"index","follow":"follow","max-snippet":"max-snippet:-1","max-image-preview":"max-image-preview:large","max-video-preview":"max-video-preview:-1"},"canonical":"https:\/\/dart.is\/en\/adild-ad-ips\/adildarfelog\/pilukastfelag-reykjavikur\/","og_locale":"en_GB","og_type":"article","og_title":"[:is]P\u00edlukastf\u00e9lag Reykjav\u00edkur[:] - \u00cdPS -\u00a0Dart.is","og_description":"P\u00edlukastf\u00e9lag Reykjav\u00edkurTangarh\u00f6f\u00f0i 2, efri h\u00e6\u00f0, 110 Reykjav\u00edk Barnastarfi\u00f0: Mi\u00f0vikudaga: kl 16:30-18:30 &#8211; Skr\u00e1ning \u00e1 FB s\u00ed\u00f0u f\u00e9lagsins Li\u00f0am\u00f3t:","og_url":"https:\/\/dart.is\/en\/adild-ad-ips\/adildarfelog\/pilukastfelag-reykjavikur\/","og_site_name":"\u00cdPS -\u00a0Dart.is","article_publisher":"http:\/\/www.facebook.com\/ipsdart.is","article_modified_time":"2025-11-09T12:37:12+00:00","og_image":[{"width":960,"height":955,"url":"http:\/\/dart.is\/wp-content\/uploads\/2025\/11\/436816839_122103105302282960_7832511697756053543_n.jpg","type":"image\/jpeg"}],"twitter_card":"summary_large_image","twitter_site":"@livedarticeland","twitter_misc":{"Estimated reading time":"1 minute"},"schema":{"@context":"https:\/\/schema.org","@graph":[{"@type":"WebPage","@id":"https:\/\/dart.is\/adild-ad-ips\/adildarfelog\/pilukastfelag-reykjavikur\/","url":"https:\/\/dart.is\/adild-ad-ips\/adildarfelog\/pilukastfelag-reykjavikur\/","name":"P\u00edlukastf\u00e9lag Reykjav\u00edkur","isPartOf":{"@id":"https:\/\/dart.is\/#website"},"primaryImageOfPage":{"@id":"https:\/\/dart.is\/adild-ad-ips\/adildarfelog\/pilukastfelag-reykjavikur\/#primaryimage"},"image":{"@id":"https:\/\/dart.is\/adild-ad-ips\/adildarfelog\/pilukastfelag-reykjavikur\/#primaryimage"},"thumbnailUrl":"https:\/\/i0.wp.com\/dart.is\/wp-content\/uploads\/2025\/11\/436816839_122103105302282960_7832511697756053543_n.jpg?fit=960%2C955&ssl=1","datePublished":"2025-11-01T01:32:21+00:00","dateModified":"2025-11-09T12:37:12+00:00","breadcrumb":{"@id":"https:\/\/dart.is\/adild-ad-ips\/adildarfelog\/pilukastfelag-reykjavikur\/#breadcrumb"},"inLanguage":"en","potentialAction":[{"@type":"ReadAction","target":["https:\/\/dart.is\/adild-ad-ips\/adildarfelog\/pilukastfelag-reykjavikur\/"]}]},{"@type":"ImageObject","inLanguage":"en","@id":"https:\/\/dart.is\/adild-ad-ips\/adildarfelog\/pilukastfelag-reykjavikur\/#primaryimage","url":"https:\/\/i0.wp.com\/dart.is\/wp-content\/uploads\/2025\/11\/436816839_122103105302282960_7832511697756053543_n.jpg?fit=960%2C955&ssl=1","contentUrl":"https:\/\/i0.wp.com\/dart.is\/wp-content\/uploads\/2025\/11\/436816839_122103105302282960_7832511697756053543_n.jpg?fit=960%2C955&ssl=1","width":960,"height":955},{"@type":"BreadcrumbList","@id":"https:\/\/dart.is\/adild-ad-ips\/adildarfelog\/pilukastfelag-reykjavikur\/#breadcrumb","itemListElement":[{"@type":"ListItem","position":1,"name":"Home","item":"https:\/\/dart.is\/"},{"@type":"ListItem","position":2,"name":"A\u00f0ild a\u00f0 \u00cdPS","item":"https:\/\/dart.is\/adild-ad-ips\/"},{"@type":"ListItem","position":3,"name":"A\u00f0ildarf\u00e9l\u00f6g","item":"https:\/\/dart.is\/adild-ad-ips\/adildarfelog\/"},{"@type":"ListItem","position":4,"name":"P\u00edlukastf\u00e9lag Reykjav\u00edkur"}]},{"@type":"WebSite","@id":"https:\/\/dart.is\/#website","url":"https:\/\/dart.is\/","name":"\u00cdPS -\u00a0Dart.is","description":"Full member of The World Darts Federation","publisher":{"@id":"https:\/\/dart.is\/#organization"},"potentialAction":[{"@type":"SearchAction","target":{"@type":"EntryPoint","urlTemplate":"https:\/\/dart.is\/?s={search_term_string}"},"query-input":{"@type":"PropertyValueSpecification","valueRequired":true,"valueName":"search_term_string"}}],"inLanguage":"en"},{"@type":"Organization","@id":"https:\/\/dart.is\/#organization","name":"\u00cdPS -\u00a0Dart.is","url":"https:\/\/dart.is\/","logo":{"@type":"ImageObject","inLanguage":"en","@id":"https:\/\/dart.is\/#\/schema\/logo\/image\/","url":"https:\/\/i0.wp.com\/dart.is\/wp-content\/uploads\/2023\/05\/cropped-ips-new-header.png?fit=2200%2C250&ssl=1","contentUrl":"https:\/\/i0.wp.com\/dart.is\/wp-content\/uploads\/2023\/05\/cropped-ips-new-header.png?fit=2200%2C250&ssl=1","width":2200,"height":250,"caption":"\u00cdPS -\u00a0Dart.is"},"image":{"@id":"https:\/\/dart.is\/#\/schema\/logo\/image\/"},"sameAs":["http:\/\/www.facebook.com\/ipsdart.is","https:\/\/x.com\/livedarticeland"]}]}},"jetpack_likes_enabled":true,"jetpack_sharing_enabled":true,"_links":{"self":[{"href":"https:\/\/dart.is\/en\/wp-json\/wp\/v2\/pages\/19525","targetHints":{"allow":["GET"]}}],"collection":[{"href":"https:\/\/dart.is\/en\/wp-json\/wp\/v2\/pages"}],"about":[{"href":"https:\/\/dart.is\/en\/wp-json\/wp\/v2\/types\/page"}],"author":[{"embeddable":true,"href":"https:\/\/dart.is\/en\/wp-json\/wp\/v2\/users\/86"}],"replies":[{"embeddable":true,"href":"https:\/\/dart.is\/en\/wp-json\/wp\/v2\/comments?post=19525"}],"version-history":[{"count":2,"href":"https:\/\/dart.is\/en\/wp-json\/wp\/v2\/pages\/19525\/revisions"}],"predecessor-version":[{"id":19699,"href":"https:\/\/dart.is\/en\/wp-json\/wp\/v2\/pages\/19525\/revisions\/19699"}],"up":[{"embeddable":true,"href":"https:\/\/dart.is\/en\/wp-json\/wp\/v2\/pages\/10218"}],"wp:featuredmedia":[{"embeddable":true,"href":"https:\/\/dart.is\/en\/wp-json\/wp\/v2\/media\/19542"}],"wp:attachment":[{"href":"https:\/\/dart.is\/en\/wp-json\/wp\/v2\/media?parent=19525"}],"curies":[{"name":"wp","href":"https:\/\/api.w.org\/{rel}","templated":true}]}}