{"id":19547,"date":"2025-11-01T01:50:36","date_gmt":"2025-11-01T01:50:36","guid":{"rendered":"https:\/\/dart.is\/?page_id=19547"},"modified":"2025-11-09T12:41:30","modified_gmt":"2025-11-09T12:41:30","slug":"pilufelag-kopavogs","status":"publish","type":"page","link":"https:\/\/dart.is\/en\/adild-ad-ips\/adildarfelog\/pilufelag-kopavogs\/","title":{"rendered":"P\u00edluf\u00e9lag K\u00f3pavogs"},"content":{"rendered":"\n<p><strong>P\u00edluf\u00e9lag K\u00f3pavogs<\/strong><br>Sk\u00e1lahei\u00f0i 2, 200 K\u00f3pavogur<\/p>\n\n\n\n<p><strong>\u00c6fingar fyrir b\u00f6rn og unglinga (6-16 \u00e1ra)<\/strong><br>\u00deri\u00f0judagar kl 18:00-19:00<br>Fimmtudagar kl 18:00-19:00<br>Laugardagar kl 13:00-14:00 (annan hvern laugardag)<\/p>\n\n\n\n<p>P\u00edlur \u00e1 sta\u00f0num<br>Skr\u00e1ning fer fram \u00e1&nbsp;<a href=\"https:\/\/www.abler.io\/shop\/pfk\">Sportabler<\/a><\/p>\n\n\n\n<p><strong>M\u00f3t, \u00e6fingar og a\u00f0ra vi\u00f0bur\u00f0i m\u00e1 sj\u00e1 \u00e1 heimas\u00ed\u00f0u\u00a0f\u00e9lagsins:<\/strong><br><a href=\"https:\/\/www.pfk.is\/vidburdir\">Vi\u00f0bur\u00f0ir PFK<\/a><\/p>\n\n\n\n<p><strong>\u00dej\u00e1lfarar:<\/strong><br>\u00c1sgr\u00edmur Har\u00f0arson \u2013&nbsp;<a href=\"mailto:pkk@pkk.is\"><\/a><a href=\"mailto:pfk@pfk.is\" target=\"_blank\" rel=\"noreferrer noopener\">pfk@pfk.is<\/a>&nbsp;\u2013 690 6696<br>Kristj\u00e1n Sigur\u00f0sson<br>S\u00e6var \u00de\u00f3r S\u00e6varsson<\/p>\n\n\n\n<p><br><a href=\"https:\/\/www.pfk.is\/frettir\">Fr\u00e9ttir PFK<\/a><\/p>\n\n\n\n<p><a href=\"https:\/\/www.pfk.is\/skraning-i-pfk\">Skr\u00e1ning \u00ed PFK<\/a><br><\/p>\n\n\n\n<ul class=\"wp-block-social-links aligncenter is-style-pill-shape is-layout-flex wp-block-social-links-is-layout-flex\"><li class=\"wp-social-link wp-social-link-facebook  wp-block-social-link\"><a rel=\"noopener nofollow\" target=\"_blank\" href=\"https:\/\/www.facebook.com\/pilufelagkopavogs\" class=\"wp-block-social-link-anchor\"><svg width=\"24\" height=\"24\" viewBox=\"0 0 24 24\" version=\"1.1\" xmlns=\"http:\/\/www.w3.org\/2000\/svg\" aria-hidden=\"true\" focusable=\"false\"><path d=\"M12 2C6.5 2 2 6.5 2 12c0 5 3.7 9.1 8.4 9.9v-7H7.9V12h2.5V9.8c0-2.5 1.5-3.9 3.8-3.9 1.1 0 2.2.2 2.2.2v2.5h-1.3c-1.2 0-1.6.8-1.6 1.6V12h2.8l-.4 2.9h-2.3v7C18.3 21.1 22 17 22 12c0-5.5-4.5-10-10-10z\"><\/path><\/svg><span class=\"wp-block-social-link-label screen-reader-text\">Facebook<\/span><\/a><\/li>\n\n<li class=\"wp-social-link wp-social-link-instagram  wp-block-social-link\"><a rel=\"noopener nofollow\" target=\"_blank\" href=\"https:\/\/www.instagram.com\/pilufelag_kopavogs\/\" class=\"wp-block-social-link-anchor\"><svg width=\"24\" height=\"24\" viewBox=\"0 0 24 24\" version=\"1.1\" xmlns=\"http:\/\/www.w3.org\/2000\/svg\" aria-hidden=\"true\" focusable=\"false\"><path d=\"M12,4.622c2.403,0,2.688,0.009,3.637,0.052c0.877,0.04,1.354,0.187,1.671,0.31c0.42,0.163,0.72,0.358,1.035,0.673 c0.315,0.315,0.51,0.615,0.673,1.035c0.123,0.317,0.27,0.794,0.31,1.671c0.043,0.949,0.052,1.234,0.052,3.637 s-0.009,2.688-0.052,3.637c-0.04,0.877-0.187,1.354-0.31,1.671c-0.163,0.42-0.358,0.72-0.673,1.035 c-0.315,0.315-0.615,0.51-1.035,0.673c-0.317,0.123-0.794,0.27-1.671,0.31c-0.949,0.043-1.233,0.052-3.637,0.052 s-2.688-0.009-3.637-0.052c-0.877-0.04-1.354-0.187-1.671-0.31c-0.42-0.163-0.72-0.358-1.035-0.673 c-0.315-0.315-0.51-0.615-0.673-1.035c-0.123-0.317-0.27-0.794-0.31-1.671C4.631,14.688,4.622,14.403,4.622,12 s0.009-2.688,0.052-3.637c0.04-0.877,0.187-1.354,0.31-1.671c0.163-0.42,0.358-0.72,0.673-1.035 c0.315-0.315,0.615-0.51,1.035-0.673c0.317-0.123,0.794-0.27,1.671-0.31C9.312,4.631,9.597,4.622,12,4.622 M12,3 C9.556,3,9.249,3.01,8.289,3.054C7.331,3.098,6.677,3.25,6.105,3.472C5.513,3.702,5.011,4.01,4.511,4.511 c-0.5,0.5-0.808,1.002-1.038,1.594C3.25,6.677,3.098,7.331,3.054,8.289C3.01,9.249,3,9.556,3,12c0,2.444,0.01,2.751,0.054,3.711 c0.044,0.958,0.196,1.612,0.418,2.185c0.23,0.592,0.538,1.094,1.038,1.594c0.5,0.5,1.002,0.808,1.594,1.038 c0.572,0.222,1.227,0.375,2.185,0.418C9.249,20.99,9.556,21,12,21s2.751-0.01,3.711-0.054c0.958-0.044,1.612-0.196,2.185-0.418 c0.592-0.23,1.094-0.538,1.594-1.038c0.5-0.5,0.808-1.002,1.038-1.594c0.222-0.572,0.375-1.227,0.418-2.185 C20.99,14.751,21,14.444,21,12s-0.01-2.751-0.054-3.711c-0.044-0.958-0.196-1.612-0.418-2.185c-0.23-0.592-0.538-1.094-1.038-1.594 c-0.5-0.5-1.002-0.808-1.594-1.038c-0.572-0.222-1.227-0.375-2.185-0.418C14.751,3.01,14.444,3,12,3L12,3z M12,7.378 c-2.552,0-4.622,2.069-4.622,4.622S9.448,16.622,12,16.622s4.622-2.069,4.622-4.622S14.552,7.378,12,7.378z M12,15 c-1.657,0-3-1.343-3-3s1.343-3,3-3s3,1.343,3,3S13.657,15,12,15z M16.804,6.116c-0.596,0-1.08,0.484-1.08,1.08 s0.484,1.08,1.08,1.08c0.596,0,1.08-0.484,1.08-1.08S17.401,6.116,16.804,6.116z\"><\/path><\/svg><span class=\"wp-block-social-link-label screen-reader-text\">Instagram<\/span><\/a><\/li>\n\n<li class=\"wp-social-link wp-social-link-tiktok  wp-block-social-link\"><a rel=\"noopener nofollow\" target=\"_blank\" href=\"https:\/\/www.tiktok.com\/search?q=P%C3%ADluf%C3%A9lag%20K%C3%B3pavogs&#038;t=1760603090331\" class=\"wp-block-social-link-anchor\"><svg width=\"24\" height=\"24\" viewBox=\"0 0 32 32\" version=\"1.1\" xmlns=\"http:\/\/www.w3.org\/2000\/svg\" aria-hidden=\"true\" focusable=\"false\"><path d=\"M16.708 0.027c1.745-0.027 3.48-0.011 5.213-0.027 0.105 2.041 0.839 4.12 2.333 5.563 1.491 1.479 3.6 2.156 5.652 2.385v5.369c-1.923-0.063-3.855-0.463-5.6-1.291-0.76-0.344-1.468-0.787-2.161-1.24-0.009 3.896 0.016 7.787-0.025 11.667-0.104 1.864-0.719 3.719-1.803 5.255-1.744 2.557-4.771 4.224-7.88 4.276-1.907 0.109-3.812-0.411-5.437-1.369-2.693-1.588-4.588-4.495-4.864-7.615-0.032-0.667-0.043-1.333-0.016-1.984 0.24-2.537 1.495-4.964 3.443-6.615 2.208-1.923 5.301-2.839 8.197-2.297 0.027 1.975-0.052 3.948-0.052 5.923-1.323-0.428-2.869-0.308-4.025 0.495-0.844 0.547-1.485 1.385-1.819 2.333-0.276 0.676-0.197 1.427-0.181 2.145 0.317 2.188 2.421 4.027 4.667 3.828 1.489-0.016 2.916-0.88 3.692-2.145 0.251-0.443 0.532-0.896 0.547-1.417 0.131-2.385 0.079-4.76 0.095-7.145 0.011-5.375-0.016-10.735 0.025-16.093z\" \/><\/svg><span class=\"wp-block-social-link-label screen-reader-text\">TikTok<\/span><\/a><\/li>\n\n<li class=\"wp-social-link wp-social-link-mail  wp-block-social-link\"><a rel=\"noopener nofollow\" target=\"_blank\" href=\"mailto:&#112;f&#107;&#064;p&#102;&#107;&#046;i&#115;\" class=\"wp-block-social-link-anchor\"><svg width=\"24\" height=\"24\" viewBox=\"0 0 24 24\" version=\"1.1\" xmlns=\"http:\/\/www.w3.org\/2000\/svg\" aria-hidden=\"true\" focusable=\"false\"><path d=\"M19,5H5c-1.1,0-2,.9-2,2v10c0,1.1.9,2,2,2h14c1.1,0,2-.9,2-2V7c0-1.1-.9-2-2-2zm.5,12c0,.3-.2.5-.5.5H5c-.3,0-.5-.2-.5-.5V9.8l7.5,5.6,7.5-5.6V17zm0-9.1L12,13.6,4.5,7.9V7c0-.3.2-.5.5-.5h14c.3,0,.5.2.5.5v.9z\"><\/path><\/svg><span class=\"wp-block-social-link-label screen-reader-text\">Mail<\/span><\/a><\/li>\n\n<li class=\"wp-social-link wp-social-link-wordpress  wp-block-social-link\"><a rel=\"noopener nofollow\" target=\"_blank\" href=\"https:\/\/www.pfk.is\/\" class=\"wp-block-social-link-anchor\"><svg width=\"24\" height=\"24\" viewBox=\"0 0 24 24\" version=\"1.1\" xmlns=\"http:\/\/www.w3.org\/2000\/svg\" aria-hidden=\"true\" focusable=\"false\"><path d=\"M12.158,12.786L9.46,20.625c0.806,0.237,1.657,0.366,2.54,0.366c1.047,0,2.051-0.181,2.986-0.51 c-0.024-0.038-0.046-0.079-0.065-0.124L12.158,12.786z M3.009,12c0,3.559,2.068,6.634,5.067,8.092L3.788,8.341 C3.289,9.459,3.009,10.696,3.009,12z M18.069,11.546c0-1.112-0.399-1.881-0.741-2.48c-0.456-0.741-0.883-1.368-0.883-2.109 c0-0.826,0.627-1.596,1.51-1.596c0.04,0,0.078,0.005,0.116,0.007C16.472,3.904,14.34,3.009,12,3.009 c-3.141,0-5.904,1.612-7.512,4.052c0.211,0.007,0.41,0.011,0.579,0.011c0.94,0,2.396-0.114,2.396-0.114 C7.947,6.93,8.004,7.642,7.52,7.699c0,0-0.487,0.057-1.029,0.085l3.274,9.739l1.968-5.901l-1.401-3.838 C9.848,7.756,9.389,7.699,9.389,7.699C8.904,7.67,8.961,6.93,9.446,6.958c0,0,1.484,0.114,2.368,0.114 c0.94,0,2.397-0.114,2.397-0.114c0.485-0.028,0.542,0.684,0.057,0.741c0,0-0.488,0.057-1.029,0.085l3.249,9.665l0.897-2.996 C17.841,13.284,18.069,12.316,18.069,11.546z M19.889,7.686c0.039,0.286,0.06,0.593,0.06,0.924c0,0.912-0.171,1.938-0.684,3.22 l-2.746,7.94c2.673-1.558,4.47-4.454,4.47-7.771C20.991,10.436,20.591,8.967,19.889,7.686z M12,22C6.486,22,2,17.514,2,12 C2,6.486,6.486,2,12,2c5.514,0,10,4.486,10,10C22,17.514,17.514,22,12,22z\"><\/path><\/svg><span class=\"wp-block-social-link-label screen-reader-text\">WordPress<\/span><\/a><\/li><\/ul>\n\n\n\n<iframe src=\"https:\/\/www.google.com\/maps\/embed?pb=!1m18!1m12!1m3!1d1742.1544603167736!2d-21.877044802695888!3d64.10966286104632!2m3!1f0!2f0!3f0!3m2!1i1024!2i768!4f13.1!3m3!1m2!1s0x48d673507dcf91b5%3A0xad9e905f02073210!2zNDQ1SCtWNUMsIFNrw6FsYWhlacOwaSAyLCAyMDAgS8OzcGF2b2d1cg!5e0!3m2!1sen!2sis!4v1761961600577!5m2!1sen!2sis\" width=\"600\" height=\"450\" style=\"border:0;\" allowfullscreen=\"\" loading=\"lazy\" referrerpolicy=\"no-referrer-when-downgrade\"><\/iframe>\n","protected":false},"excerpt":{"rendered":"<p>P\u00edluf\u00e9lag K\u00f3pavogsSk\u00e1lahei\u00f0i 2, 200 K\u00f3pavogur \u00c6fingar fyrir b\u00f6rn og unglinga (6-16 \u00e1ra)\u00deri\u00f0judagar kl 18:00-19:00Fimmtudagar kl 18:00-19:00Laugardagar kl 13:00-14:00<\/p>\n","protected":false},"author":86,"featured_media":19384,"parent":10218,"menu_order":0,"comment_status":"closed","ping_status":"closed","template":"","meta":{"footnotes":""},"class_list":["post-19547","page","type-page","status-publish","has-post-thumbnail","hentry"],"yoast_head":"<!-- This site is optimized with the Yoast SEO plugin v27.1.1 - https:\/\/yoast.com\/product\/yoast-seo-wordpress\/ -->\n<title>P\u00edluf\u00e9lag K\u00f3pavogs<\/title>\n<meta name=\"robots\" content=\"index, follow, max-snippet:-1, max-image-preview:large, max-video-preview:-1\" \/>\n<link rel=\"canonical\" href=\"https:\/\/dart.is\/en\/adild-ad-ips\/adildarfelog\/pilufelag-kopavogs\/\" \/>\n<meta property=\"og:locale\" content=\"en_GB\" \/>\n<meta property=\"og:locale:alternate\" content=\"is_IS\" \/>\n<meta property=\"og:type\" content=\"article\" \/>\n<meta property=\"og:title\" content=\"P\u00edluf\u00e9lag K\u00f3pavogs\" \/>\n<meta property=\"og:description\" content=\"P\u00edluf\u00e9lag K\u00f3pavogsSk\u00e1lahei\u00f0i 2, 200 K\u00f3pavogur \u00c6fingar fyrir b\u00f6rn og unglinga (6-16 \u00e1ra)\u00deri\u00f0judagar kl 18:00-19:00Fimmtudagar kl 18:00-19:00Laugardagar kl 13:00-14:00\" \/>\n<meta property=\"og:url\" content=\"https:\/\/dart.is\/en\/adild-ad-ips\/adildarfelog\/pilufelag-kopavogs\/\" \/>\n<meta property=\"og:site_name\" content=\"\u00cdPS -\u00a0Dart.is\" \/>\n<meta property=\"article:publisher\" content=\"http:\/\/www.facebook.com\/ipsdart.is\" \/>\n<meta property=\"article:modified_time\" content=\"2025-11-09T12:41:30+00:00\" \/>\n<meta property=\"og:image\" content=\"http:\/\/dart.is\/wp-content\/uploads\/2025\/10\/Kopavogur-Logo-1.jpg\" \/>\n\t<meta property=\"og:image:width\" content=\"636\" \/>\n\t<meta property=\"og:image:height\" content=\"621\" \/>\n\t<meta property=\"og:image:type\" content=\"image\/jpeg\" \/>\n<meta name=\"twitter:card\" content=\"summary_large_image\" \/>\n<meta name=\"twitter:site\" content=\"@livedarticeland\" \/>\n<meta name=\"twitter:label1\" content=\"Estimated reading time\" \/>\n\t<meta name=\"twitter:data1\" content=\"1 minute\" \/>\n<script type=\"application\/ld+json\" class=\"yoast-schema-graph\">{\"@context\":\"https:\/\/schema.org\",\"@graph\":[{\"@type\":\"WebPage\",\"@id\":\"https:\/\/dart.is\/adild-ad-ips\/adildarfelog\/pilufelag-kopavogs\/\",\"url\":\"https:\/\/dart.is\/adild-ad-ips\/adildarfelog\/pilufelag-kopavogs\/\",\"name\":\"P\u00edluf\u00e9lag K\u00f3pavogs\",\"isPartOf\":{\"@id\":\"https:\/\/dart.is\/#website\"},\"primaryImageOfPage\":{\"@id\":\"https:\/\/dart.is\/adild-ad-ips\/adildarfelog\/pilufelag-kopavogs\/#primaryimage\"},\"image\":{\"@id\":\"https:\/\/dart.is\/adild-ad-ips\/adildarfelog\/pilufelag-kopavogs\/#primaryimage\"},\"thumbnailUrl\":\"https:\/\/i0.wp.com\/dart.is\/wp-content\/uploads\/2025\/10\/Kopavogur-Logo-1.jpg?fit=636%2C621&ssl=1\",\"datePublished\":\"2025-11-01T01:50:36+00:00\",\"dateModified\":\"2025-11-09T12:41:30+00:00\",\"breadcrumb\":{\"@id\":\"https:\/\/dart.is\/adild-ad-ips\/adildarfelog\/pilufelag-kopavogs\/#breadcrumb\"},\"inLanguage\":\"en\",\"potentialAction\":[{\"@type\":\"ReadAction\",\"target\":[\"https:\/\/dart.is\/adild-ad-ips\/adildarfelog\/pilufelag-kopavogs\/\"]}]},{\"@type\":\"ImageObject\",\"inLanguage\":\"en\",\"@id\":\"https:\/\/dart.is\/adild-ad-ips\/adildarfelog\/pilufelag-kopavogs\/#primaryimage\",\"url\":\"https:\/\/i0.wp.com\/dart.is\/wp-content\/uploads\/2025\/10\/Kopavogur-Logo-1.jpg?fit=636%2C621&ssl=1\",\"contentUrl\":\"https:\/\/i0.wp.com\/dart.is\/wp-content\/uploads\/2025\/10\/Kopavogur-Logo-1.jpg?fit=636%2C621&ssl=1\",\"width\":636,\"height\":621},{\"@type\":\"BreadcrumbList\",\"@id\":\"https:\/\/dart.is\/adild-ad-ips\/adildarfelog\/pilufelag-kopavogs\/#breadcrumb\",\"itemListElement\":[{\"@type\":\"ListItem\",\"position\":1,\"name\":\"Home\",\"item\":\"https:\/\/dart.is\/\"},{\"@type\":\"ListItem\",\"position\":2,\"name\":\"A\u00f0ild a\u00f0 \u00cdPS\",\"item\":\"https:\/\/dart.is\/adild-ad-ips\/\"},{\"@type\":\"ListItem\",\"position\":3,\"name\":\"A\u00f0ildarf\u00e9l\u00f6g\",\"item\":\"https:\/\/dart.is\/adild-ad-ips\/adildarfelog\/\"},{\"@type\":\"ListItem\",\"position\":4,\"name\":\"P\u00edluf\u00e9lag K\u00f3pavogs\"}]},{\"@type\":\"WebSite\",\"@id\":\"https:\/\/dart.is\/#website\",\"url\":\"https:\/\/dart.is\/\",\"name\":\"\u00cdPS -\u00a0Dart.is\",\"description\":\"Full member of The World Darts Federation\",\"publisher\":{\"@id\":\"https:\/\/dart.is\/#organization\"},\"potentialAction\":[{\"@type\":\"SearchAction\",\"target\":{\"@type\":\"EntryPoint\",\"urlTemplate\":\"https:\/\/dart.is\/?s={search_term_string}\"},\"query-input\":{\"@type\":\"PropertyValueSpecification\",\"valueRequired\":true,\"valueName\":\"search_term_string\"}}],\"inLanguage\":\"en\"},{\"@type\":\"Organization\",\"@id\":\"https:\/\/dart.is\/#organization\",\"name\":\"\u00cdPS -\u00a0Dart.is\",\"url\":\"https:\/\/dart.is\/\",\"logo\":{\"@type\":\"ImageObject\",\"inLanguage\":\"en\",\"@id\":\"https:\/\/dart.is\/#\/schema\/logo\/image\/\",\"url\":\"https:\/\/i0.wp.com\/dart.is\/wp-content\/uploads\/2023\/05\/cropped-ips-new-header.png?fit=2200%2C250&ssl=1\",\"contentUrl\":\"https:\/\/i0.wp.com\/dart.is\/wp-content\/uploads\/2023\/05\/cropped-ips-new-header.png?fit=2200%2C250&ssl=1\",\"width\":2200,\"height\":250,\"caption\":\"\u00cdPS -\u00a0Dart.is\"},\"image\":{\"@id\":\"https:\/\/dart.is\/#\/schema\/logo\/image\/\"},\"sameAs\":[\"http:\/\/www.facebook.com\/ipsdart.is\",\"https:\/\/x.com\/livedarticeland\"]}]}<\/script>\n<!-- \/ Yoast SEO plugin. -->","yoast_head_json":{"title":"P\u00edluf\u00e9lag K\u00f3pavogs","robots":{"index":"index","follow":"follow","max-snippet":"max-snippet:-1","max-image-preview":"max-image-preview:large","max-video-preview":"max-video-preview:-1"},"canonical":"https:\/\/dart.is\/en\/adild-ad-ips\/adildarfelog\/pilufelag-kopavogs\/","og_locale":"en_GB","og_type":"article","og_title":"[:is]P\u00edluf\u00e9lag K\u00f3pavogs[:] - \u00cdPS -\u00a0Dart.is","og_description":"P\u00edluf\u00e9lag K\u00f3pavogsSk\u00e1lahei\u00f0i 2, 200 K\u00f3pavogur \u00c6fingar fyrir b\u00f6rn og unglinga (6-16 \u00e1ra)\u00deri\u00f0judagar kl 18:00-19:00Fimmtudagar kl 18:00-19:00Laugardagar kl 13:00-14:00","og_url":"https:\/\/dart.is\/en\/adild-ad-ips\/adildarfelog\/pilufelag-kopavogs\/","og_site_name":"\u00cdPS -\u00a0Dart.is","article_publisher":"http:\/\/www.facebook.com\/ipsdart.is","article_modified_time":"2025-11-09T12:41:30+00:00","og_image":[{"width":636,"height":621,"url":"http:\/\/dart.is\/wp-content\/uploads\/2025\/10\/Kopavogur-Logo-1.jpg","type":"image\/jpeg"}],"twitter_card":"summary_large_image","twitter_site":"@livedarticeland","twitter_misc":{"Estimated reading time":"1 minute"},"schema":{"@context":"https:\/\/schema.org","@graph":[{"@type":"WebPage","@id":"https:\/\/dart.is\/adild-ad-ips\/adildarfelog\/pilufelag-kopavogs\/","url":"https:\/\/dart.is\/adild-ad-ips\/adildarfelog\/pilufelag-kopavogs\/","name":"P\u00edluf\u00e9lag K\u00f3pavogs","isPartOf":{"@id":"https:\/\/dart.is\/#website"},"primaryImageOfPage":{"@id":"https:\/\/dart.is\/adild-ad-ips\/adildarfelog\/pilufelag-kopavogs\/#primaryimage"},"image":{"@id":"https:\/\/dart.is\/adild-ad-ips\/adildarfelog\/pilufelag-kopavogs\/#primaryimage"},"thumbnailUrl":"https:\/\/i0.wp.com\/dart.is\/wp-content\/uploads\/2025\/10\/Kopavogur-Logo-1.jpg?fit=636%2C621&ssl=1","datePublished":"2025-11-01T01:50:36+00:00","dateModified":"2025-11-09T12:41:30+00:00","breadcrumb":{"@id":"https:\/\/dart.is\/adild-ad-ips\/adildarfelog\/pilufelag-kopavogs\/#breadcrumb"},"inLanguage":"en","potentialAction":[{"@type":"ReadAction","target":["https:\/\/dart.is\/adild-ad-ips\/adildarfelog\/pilufelag-kopavogs\/"]}]},{"@type":"ImageObject","inLanguage":"en","@id":"https:\/\/dart.is\/adild-ad-ips\/adildarfelog\/pilufelag-kopavogs\/#primaryimage","url":"https:\/\/i0.wp.com\/dart.is\/wp-content\/uploads\/2025\/10\/Kopavogur-Logo-1.jpg?fit=636%2C621&ssl=1","contentUrl":"https:\/\/i0.wp.com\/dart.is\/wp-content\/uploads\/2025\/10\/Kopavogur-Logo-1.jpg?fit=636%2C621&ssl=1","width":636,"height":621},{"@type":"BreadcrumbList","@id":"https:\/\/dart.is\/adild-ad-ips\/adildarfelog\/pilufelag-kopavogs\/#breadcrumb","itemListElement":[{"@type":"ListItem","position":1,"name":"Home","item":"https:\/\/dart.is\/"},{"@type":"ListItem","position":2,"name":"A\u00f0ild a\u00f0 \u00cdPS","item":"https:\/\/dart.is\/adild-ad-ips\/"},{"@type":"ListItem","position":3,"name":"A\u00f0ildarf\u00e9l\u00f6g","item":"https:\/\/dart.is\/adild-ad-ips\/adildarfelog\/"},{"@type":"ListItem","position":4,"name":"P\u00edluf\u00e9lag K\u00f3pavogs"}]},{"@type":"WebSite","@id":"https:\/\/dart.is\/#website","url":"https:\/\/dart.is\/","name":"\u00cdPS -\u00a0Dart.is","description":"Full member of The World Darts Federation","publisher":{"@id":"https:\/\/dart.is\/#organization"},"potentialAction":[{"@type":"SearchAction","target":{"@type":"EntryPoint","urlTemplate":"https:\/\/dart.is\/?s={search_term_string}"},"query-input":{"@type":"PropertyValueSpecification","valueRequired":true,"valueName":"search_term_string"}}],"inLanguage":"en"},{"@type":"Organization","@id":"https:\/\/dart.is\/#organization","name":"\u00cdPS -\u00a0Dart.is","url":"https:\/\/dart.is\/","logo":{"@type":"ImageObject","inLanguage":"en","@id":"https:\/\/dart.is\/#\/schema\/logo\/image\/","url":"https:\/\/i0.wp.com\/dart.is\/wp-content\/uploads\/2023\/05\/cropped-ips-new-header.png?fit=2200%2C250&ssl=1","contentUrl":"https:\/\/i0.wp.com\/dart.is\/wp-content\/uploads\/2023\/05\/cropped-ips-new-header.png?fit=2200%2C250&ssl=1","width":2200,"height":250,"caption":"\u00cdPS -\u00a0Dart.is"},"image":{"@id":"https:\/\/dart.is\/#\/schema\/logo\/image\/"},"sameAs":["http:\/\/www.facebook.com\/ipsdart.is","https:\/\/x.com\/livedarticeland"]}]}},"jetpack_likes_enabled":true,"jetpack_sharing_enabled":true,"_links":{"self":[{"href":"https:\/\/dart.is\/en\/wp-json\/wp\/v2\/pages\/19547","targetHints":{"allow":["GET"]}}],"collection":[{"href":"https:\/\/dart.is\/en\/wp-json\/wp\/v2\/pages"}],"about":[{"href":"https:\/\/dart.is\/en\/wp-json\/wp\/v2\/types\/page"}],"author":[{"embeddable":true,"href":"https:\/\/dart.is\/en\/wp-json\/wp\/v2\/users\/86"}],"replies":[{"embeddable":true,"href":"https:\/\/dart.is\/en\/wp-json\/wp\/v2\/comments?post=19547"}],"version-history":[{"count":3,"href":"https:\/\/dart.is\/en\/wp-json\/wp\/v2\/pages\/19547\/revisions"}],"predecessor-version":[{"id":19692,"href":"https:\/\/dart.is\/en\/wp-json\/wp\/v2\/pages\/19547\/revisions\/19692"}],"up":[{"embeddable":true,"href":"https:\/\/dart.is\/en\/wp-json\/wp\/v2\/pages\/10218"}],"wp:featuredmedia":[{"embeddable":true,"href":"https:\/\/dart.is\/en\/wp-json\/wp\/v2\/media\/19384"}],"wp:attachment":[{"href":"https:\/\/dart.is\/en\/wp-json\/wp\/v2\/media?parent=19547"}],"curies":[{"name":"wp","href":"https:\/\/api.w.org\/{rel}","templated":true}]}}