{"id":19693,"date":"2025-11-09T12:31:13","date_gmt":"2025-11-09T12:31:13","guid":{"rendered":"https:\/\/dart.is\/?page_id=19693"},"modified":"2026-01-13T16:30:09","modified_gmt":"2026-01-13T16:30:09","slug":"pilufelag-reykjanesbaejar","status":"publish","type":"page","link":"https:\/\/dart.is\/en\/adild-ad-ips\/adildarfelog\/pilufelag-reykjanesbaejar\/","title":{"rendered":"P\u00edluf\u00e9lag Reykjanesb\u00e6jar"},"content":{"rendered":"\n<p><strong>P\u00edluf\u00e9lag<\/strong> <strong>Reykjanesb\u00e6jar<\/strong><br>Keilisbraut 755, \u00c1sbr\u00fa<\/p>\n\n\n\n<p><strong>M\u00e1nudagar:<\/strong><br><strong>\u00c6fingar 9-16 \u00e1ra<\/strong> kl. 16:30-18:00<br><strong>Li\u00f0am\u00f3t B-Deild <\/strong>kl. 18:30<br><\/p>\n\n\n\n<p><strong>\u00deri\u00f0judagar:<\/strong><br><strong>Li\u00f0am\u00f3t A-Deild <\/strong>kl. 18:30<\/p>\n\n\n\n<p><strong>Mi\u00f0vikudagar:<\/strong><br><strong>Stj\u00f3rnarfundur <\/strong>kl. 19:30<\/p>\n\n\n\n<p><strong>Fimmtudagar:<\/strong><br><strong>\u00c6fingar 9-16 \u00e1ra<\/strong> kl. 16:30-18:00<br><strong>Li\u00f0am\u00f3t \u00darvalsdeild <\/strong>kl. 18:30<\/p>\n\n\n\n<p><strong>F\u00f6studagar:<\/strong><br><strong>S\u00c9R-\u00c6fingar<\/strong> <strong>9-16 \u00e1ra<\/strong> kl 14:30-15:30<br><strong>S\u00c9R-\u00c6fingar<\/strong> <strong>Fullor\u00f0nir<\/strong> kl 15:00-16:00<br><strong>Skemmtim\u00f3t<\/strong> kl 18:30 (Augl\u00fdsingar m\u00e1 finna \u00e1 <a href=\"https:\/\/www.facebook.com\/p\/P%C3%ADluf%C3%A9lag-Reykjanesb%C3%A6jar-100009690789446\/\">FB<\/a> s\u00ed\u00f0u PR)<\/p>\n\n\n\n<p>L\u00e1nsp\u00edlur \u00e1 sta\u00f0num og allir velkomnir a\u00f0 koma og pr\u00f3fa<br>Skr\u00e1ning fer fram \u00e1\u00a0Sportabler og\/e\u00f0a \u00e1 netfangi f\u00e9lagsins <a href=\"mailto:pilapr180@gmail.com\">pilapr180@gmail.com<\/a>\u00a0\u00a0<\/p>\n\n\n\n<p><strong>\u00dej\u00e1lfarar:<\/strong><br>Mar\u00eda Steinunn J\u00f3hannesd\u00f3ttir<br>P\u00e9tur R\u00fa\u00f0rik Gu\u00f0mundsson<br><\/p>\n\n\n\n<ul class=\"wp-block-social-links aligncenter is-style-pill-shape is-layout-flex wp-block-social-links-is-layout-flex\"><li class=\"wp-social-link wp-social-link-facebook  wp-block-social-link\"><a rel=\"noopener nofollow\" target=\"_blank\" href=\"https:\/\/www.facebook.com\/p\/P%C3%ADluf%C3%A9lag-Reykjanesb%C3%A6jar-100009690789446\/\" class=\"wp-block-social-link-anchor\"><svg width=\"24\" height=\"24\" viewBox=\"0 0 24 24\" version=\"1.1\" xmlns=\"http:\/\/www.w3.org\/2000\/svg\" aria-hidden=\"true\" focusable=\"false\"><path d=\"M12 2C6.5 2 2 6.5 2 12c0 5 3.7 9.1 8.4 9.9v-7H7.9V12h2.5V9.8c0-2.5 1.5-3.9 3.8-3.9 1.1 0 2.2.2 2.2.2v2.5h-1.3c-1.2 0-1.6.8-1.6 1.6V12h2.8l-.4 2.9h-2.3v7C18.3 21.1 22 17 22 12c0-5.5-4.5-10-10-10z\"><\/path><\/svg><span class=\"wp-block-social-link-label screen-reader-text\">Facebook<\/span><\/a><\/li>\n\n<li class=\"wp-social-link wp-social-link-mail  wp-block-social-link\"><a rel=\"noopener nofollow\" target=\"_blank\" href=\"mailto:p&#105;la&#112;&#114;&#049;8&#048;&#064;g&#109;a&#105;&#108;&#046;c&#111;&#109;\" class=\"wp-block-social-link-anchor\"><svg width=\"24\" height=\"24\" viewBox=\"0 0 24 24\" version=\"1.1\" xmlns=\"http:\/\/www.w3.org\/2000\/svg\" aria-hidden=\"true\" focusable=\"false\"><path d=\"M19,5H5c-1.1,0-2,.9-2,2v10c0,1.1.9,2,2,2h14c1.1,0,2-.9,2-2V7c0-1.1-.9-2-2-2zm.5,12c0,.3-.2.5-.5.5H5c-.3,0-.5-.2-.5-.5V9.8l7.5,5.6,7.5-5.6V17zm0-9.1L12,13.6,4.5,7.9V7c0-.3.2-.5.5-.5h14c.3,0,.5.2.5.5v.9z\"><\/path><\/svg><span class=\"wp-block-social-link-label screen-reader-text\">Mail<\/span><\/a><\/li>\n\n<li class=\"wp-social-link wp-social-link-wordpress  wp-block-social-link\"><a rel=\"noopener nofollow\" target=\"_blank\" href=\"https:\/\/www.pilapr.is\/?fbclid=IwY2xjawN9YxFleHRuA2FlbQIxMABicmlkETBsN2FDdm1oZmh3VEpReXJQc3J0YwZhcHBfaWQQMjIyMDM5MTc4ODIwMDg5MgABHmEkD5VdlZhSI-Lp79SQbNys3ezGfQBvycSZEqQIY0mRV8HLUChAAxBIK4Nb_aem_-oGP_p0NoAApiAkibE07fg\" class=\"wp-block-social-link-anchor\"><svg width=\"24\" height=\"24\" viewBox=\"0 0 24 24\" version=\"1.1\" xmlns=\"http:\/\/www.w3.org\/2000\/svg\" aria-hidden=\"true\" focusable=\"false\"><path d=\"M12.158,12.786L9.46,20.625c0.806,0.237,1.657,0.366,2.54,0.366c1.047,0,2.051-0.181,2.986-0.51 c-0.024-0.038-0.046-0.079-0.065-0.124L12.158,12.786z M3.009,12c0,3.559,2.068,6.634,5.067,8.092L3.788,8.341 C3.289,9.459,3.009,10.696,3.009,12z M18.069,11.546c0-1.112-0.399-1.881-0.741-2.48c-0.456-0.741-0.883-1.368-0.883-2.109 c0-0.826,0.627-1.596,1.51-1.596c0.04,0,0.078,0.005,0.116,0.007C16.472,3.904,14.34,3.009,12,3.009 c-3.141,0-5.904,1.612-7.512,4.052c0.211,0.007,0.41,0.011,0.579,0.011c0.94,0,2.396-0.114,2.396-0.114 C7.947,6.93,8.004,7.642,7.52,7.699c0,0-0.487,0.057-1.029,0.085l3.274,9.739l1.968-5.901l-1.401-3.838 C9.848,7.756,9.389,7.699,9.389,7.699C8.904,7.67,8.961,6.93,9.446,6.958c0,0,1.484,0.114,2.368,0.114 c0.94,0,2.397-0.114,2.397-0.114c0.485-0.028,0.542,0.684,0.057,0.741c0,0-0.488,0.057-1.029,0.085l3.249,9.665l0.897-2.996 C17.841,13.284,18.069,12.316,18.069,11.546z M19.889,7.686c0.039,0.286,0.06,0.593,0.06,0.924c0,0.912-0.171,1.938-0.684,3.22 l-2.746,7.94c2.673-1.558,4.47-4.454,4.47-7.771C20.991,10.436,20.591,8.967,19.889,7.686z M12,22C6.486,22,2,17.514,2,12 C2,6.486,6.486,2,12,2c5.514,0,10,4.486,10,10C22,17.514,17.514,22,12,22z\"><\/path><\/svg><span class=\"wp-block-social-link-label screen-reader-text\">WordPress<\/span><\/a><\/li><\/ul>\n\n\n\n<iframe src=\"https:\/\/www.google.com\/maps\/embed?pb=!1m18!1m12!1m3!1d1750.8011538223398!2d-22.579880322461666!3d63.9715578311862!2m3!1f0!2f0!3f0!3m2!1i1024!2i768!4f13.1!3m3!1m2!1s0x48d602762ce71ea7%3A0xfffd8e3360e8e327!2sKeilisbraut%20755%2C%20262!5e0!3m2!1sis!2sis!4v1762691089185!5m2!1sis!2sis\" width=\"600\" height=\"450\" style=\"border:0;\" allowfullscreen=\"\" loading=\"lazy\" referrerpolicy=\"no-referrer-when-downgrade\"><\/iframe>\n","protected":false},"excerpt":{"rendered":"<p>P\u00edluf\u00e9lag Reykjanesb\u00e6jarKeilisbraut 755, \u00c1sbr\u00fa M\u00e1nudagar:\u00c6fingar 9-16 \u00e1ra kl. 16:30-18:00Li\u00f0am\u00f3t B-Deild kl. 18:30 \u00deri\u00f0judagar:Li\u00f0am\u00f3t A-Deild kl. 18:30 Mi\u00f0vikudagar:Stj\u00f3rnarfundur kl.<\/p>\n","protected":false},"author":86,"featured_media":19407,"parent":10218,"menu_order":0,"comment_status":"closed","ping_status":"closed","template":"","meta":{"footnotes":""},"class_list":["post-19693","page","type-page","status-publish","has-post-thumbnail","hentry"],"yoast_head":"<!-- This site is optimized with the Yoast SEO plugin v27.1.1 - https:\/\/yoast.com\/product\/yoast-seo-wordpress\/ -->\n<title>P\u00edluf\u00e9lag Reykjanesb\u00e6jar<\/title>\n<meta name=\"robots\" content=\"index, follow, max-snippet:-1, max-image-preview:large, max-video-preview:-1\" \/>\n<link rel=\"canonical\" href=\"https:\/\/dart.is\/en\/adild-ad-ips\/adildarfelog\/pilufelag-reykjanesbaejar\/\" \/>\n<meta property=\"og:locale\" content=\"en_GB\" \/>\n<meta property=\"og:locale:alternate\" content=\"is_IS\" \/>\n<meta property=\"og:type\" content=\"article\" \/>\n<meta property=\"og:title\" content=\"P\u00edluf\u00e9lag Reykjanesb\u00e6jar\" \/>\n<meta property=\"og:description\" content=\"P\u00edluf\u00e9lag Reykjanesb\u00e6jarKeilisbraut 755, \u00c1sbr\u00fa M\u00e1nudagar:\u00c6fingar 9-16 \u00e1ra kl. 16:30-18:00Li\u00f0am\u00f3t B-Deild kl. 18:30 \u00deri\u00f0judagar:Li\u00f0am\u00f3t A-Deild kl. 18:30 Mi\u00f0vikudagar:Stj\u00f3rnarfundur kl.\" \/>\n<meta property=\"og:url\" content=\"https:\/\/dart.is\/en\/adild-ad-ips\/adildarfelog\/pilufelag-reykjanesbaejar\/\" \/>\n<meta property=\"og:site_name\" content=\"\u00cdPS -\u00a0Dart.is\" \/>\n<meta property=\"article:publisher\" content=\"http:\/\/www.facebook.com\/ipsdart.is\" \/>\n<meta property=\"article:modified_time\" content=\"2026-01-13T16:30:09+00:00\" \/>\n<meta property=\"og:image\" content=\"http:\/\/dart.is\/wp-content\/uploads\/2025\/10\/logo-pilufelag-reykjanesbaejar.jpg\" \/>\n\t<meta property=\"og:image:width\" content=\"844\" \/>\n\t<meta property=\"og:image:height\" content=\"559\" \/>\n\t<meta property=\"og:image:type\" content=\"image\/jpeg\" \/>\n<meta name=\"twitter:card\" content=\"summary_large_image\" \/>\n<meta name=\"twitter:site\" content=\"@livedarticeland\" \/>\n<meta name=\"twitter:label1\" content=\"Estimated reading time\" \/>\n\t<meta name=\"twitter:data1\" content=\"1 minute\" \/>\n<script type=\"application\/ld+json\" class=\"yoast-schema-graph\">{\"@context\":\"https:\/\/schema.org\",\"@graph\":[{\"@type\":\"WebPage\",\"@id\":\"https:\/\/dart.is\/adild-ad-ips\/adildarfelog\/pilufelag-reykjanesbaejar\/\",\"url\":\"https:\/\/dart.is\/adild-ad-ips\/adildarfelog\/pilufelag-reykjanesbaejar\/\",\"name\":\"P\u00edluf\u00e9lag Reykjanesb\u00e6jar\",\"isPartOf\":{\"@id\":\"https:\/\/dart.is\/#website\"},\"primaryImageOfPage\":{\"@id\":\"https:\/\/dart.is\/adild-ad-ips\/adildarfelog\/pilufelag-reykjanesbaejar\/#primaryimage\"},\"image\":{\"@id\":\"https:\/\/dart.is\/adild-ad-ips\/adildarfelog\/pilufelag-reykjanesbaejar\/#primaryimage\"},\"thumbnailUrl\":\"https:\/\/i0.wp.com\/dart.is\/wp-content\/uploads\/2025\/10\/logo-pilufelag-reykjanesbaejar.jpg?fit=844%2C559&ssl=1\",\"datePublished\":\"2025-11-09T12:31:13+00:00\",\"dateModified\":\"2026-01-13T16:30:09+00:00\",\"breadcrumb\":{\"@id\":\"https:\/\/dart.is\/adild-ad-ips\/adildarfelog\/pilufelag-reykjanesbaejar\/#breadcrumb\"},\"inLanguage\":\"en\",\"potentialAction\":[{\"@type\":\"ReadAction\",\"target\":[\"https:\/\/dart.is\/adild-ad-ips\/adildarfelog\/pilufelag-reykjanesbaejar\/\"]}]},{\"@type\":\"ImageObject\",\"inLanguage\":\"en\",\"@id\":\"https:\/\/dart.is\/adild-ad-ips\/adildarfelog\/pilufelag-reykjanesbaejar\/#primaryimage\",\"url\":\"https:\/\/i0.wp.com\/dart.is\/wp-content\/uploads\/2025\/10\/logo-pilufelag-reykjanesbaejar.jpg?fit=844%2C559&ssl=1\",\"contentUrl\":\"https:\/\/i0.wp.com\/dart.is\/wp-content\/uploads\/2025\/10\/logo-pilufelag-reykjanesbaejar.jpg?fit=844%2C559&ssl=1\",\"width\":844,\"height\":559},{\"@type\":\"BreadcrumbList\",\"@id\":\"https:\/\/dart.is\/adild-ad-ips\/adildarfelog\/pilufelag-reykjanesbaejar\/#breadcrumb\",\"itemListElement\":[{\"@type\":\"ListItem\",\"position\":1,\"name\":\"Home\",\"item\":\"https:\/\/dart.is\/\"},{\"@type\":\"ListItem\",\"position\":2,\"name\":\"A\u00f0ild a\u00f0 \u00cdPS\",\"item\":\"https:\/\/dart.is\/adild-ad-ips\/\"},{\"@type\":\"ListItem\",\"position\":3,\"name\":\"A\u00f0ildarf\u00e9l\u00f6g\",\"item\":\"https:\/\/dart.is\/adild-ad-ips\/adildarfelog\/\"},{\"@type\":\"ListItem\",\"position\":4,\"name\":\"P\u00edluf\u00e9lag Reykjanesb\u00e6jar\"}]},{\"@type\":\"WebSite\",\"@id\":\"https:\/\/dart.is\/#website\",\"url\":\"https:\/\/dart.is\/\",\"name\":\"\u00cdPS -\u00a0Dart.is\",\"description\":\"Full member of The World Darts Federation\",\"publisher\":{\"@id\":\"https:\/\/dart.is\/#organization\"},\"potentialAction\":[{\"@type\":\"SearchAction\",\"target\":{\"@type\":\"EntryPoint\",\"urlTemplate\":\"https:\/\/dart.is\/?s={search_term_string}\"},\"query-input\":{\"@type\":\"PropertyValueSpecification\",\"valueRequired\":true,\"valueName\":\"search_term_string\"}}],\"inLanguage\":\"en\"},{\"@type\":\"Organization\",\"@id\":\"https:\/\/dart.is\/#organization\",\"name\":\"\u00cdPS -\u00a0Dart.is\",\"url\":\"https:\/\/dart.is\/\",\"logo\":{\"@type\":\"ImageObject\",\"inLanguage\":\"en\",\"@id\":\"https:\/\/dart.is\/#\/schema\/logo\/image\/\",\"url\":\"https:\/\/i0.wp.com\/dart.is\/wp-content\/uploads\/2023\/05\/cropped-ips-new-header.png?fit=2200%2C250&ssl=1\",\"contentUrl\":\"https:\/\/i0.wp.com\/dart.is\/wp-content\/uploads\/2023\/05\/cropped-ips-new-header.png?fit=2200%2C250&ssl=1\",\"width\":2200,\"height\":250,\"caption\":\"\u00cdPS -\u00a0Dart.is\"},\"image\":{\"@id\":\"https:\/\/dart.is\/#\/schema\/logo\/image\/\"},\"sameAs\":[\"http:\/\/www.facebook.com\/ipsdart.is\",\"https:\/\/x.com\/livedarticeland\"]}]}<\/script>\n<!-- \/ Yoast SEO plugin. -->","yoast_head_json":{"title":"P\u00edluf\u00e9lag Reykjanesb\u00e6jar","robots":{"index":"index","follow":"follow","max-snippet":"max-snippet:-1","max-image-preview":"max-image-preview:large","max-video-preview":"max-video-preview:-1"},"canonical":"https:\/\/dart.is\/en\/adild-ad-ips\/adildarfelog\/pilufelag-reykjanesbaejar\/","og_locale":"en_GB","og_type":"article","og_title":"[:is]P\u00edluf\u00e9lag Reykjanesb\u00e6jar[:] - \u00cdPS -\u00a0Dart.is","og_description":"P\u00edluf\u00e9lag Reykjanesb\u00e6jarKeilisbraut 755, \u00c1sbr\u00fa M\u00e1nudagar:\u00c6fingar 9-16 \u00e1ra kl. 16:30-18:00Li\u00f0am\u00f3t B-Deild kl. 18:30 \u00deri\u00f0judagar:Li\u00f0am\u00f3t A-Deild kl. 18:30 Mi\u00f0vikudagar:Stj\u00f3rnarfundur kl.","og_url":"https:\/\/dart.is\/en\/adild-ad-ips\/adildarfelog\/pilufelag-reykjanesbaejar\/","og_site_name":"\u00cdPS -\u00a0Dart.is","article_publisher":"http:\/\/www.facebook.com\/ipsdart.is","article_modified_time":"2026-01-13T16:30:09+00:00","og_image":[{"width":844,"height":559,"url":"http:\/\/dart.is\/wp-content\/uploads\/2025\/10\/logo-pilufelag-reykjanesbaejar.jpg","type":"image\/jpeg"}],"twitter_card":"summary_large_image","twitter_site":"@livedarticeland","twitter_misc":{"Estimated reading time":"1 minute"},"schema":{"@context":"https:\/\/schema.org","@graph":[{"@type":"WebPage","@id":"https:\/\/dart.is\/adild-ad-ips\/adildarfelog\/pilufelag-reykjanesbaejar\/","url":"https:\/\/dart.is\/adild-ad-ips\/adildarfelog\/pilufelag-reykjanesbaejar\/","name":"P\u00edluf\u00e9lag Reykjanesb\u00e6jar","isPartOf":{"@id":"https:\/\/dart.is\/#website"},"primaryImageOfPage":{"@id":"https:\/\/dart.is\/adild-ad-ips\/adildarfelog\/pilufelag-reykjanesbaejar\/#primaryimage"},"image":{"@id":"https:\/\/dart.is\/adild-ad-ips\/adildarfelog\/pilufelag-reykjanesbaejar\/#primaryimage"},"thumbnailUrl":"https:\/\/i0.wp.com\/dart.is\/wp-content\/uploads\/2025\/10\/logo-pilufelag-reykjanesbaejar.jpg?fit=844%2C559&ssl=1","datePublished":"2025-11-09T12:31:13+00:00","dateModified":"2026-01-13T16:30:09+00:00","breadcrumb":{"@id":"https:\/\/dart.is\/adild-ad-ips\/adildarfelog\/pilufelag-reykjanesbaejar\/#breadcrumb"},"inLanguage":"en","potentialAction":[{"@type":"ReadAction","target":["https:\/\/dart.is\/adild-ad-ips\/adildarfelog\/pilufelag-reykjanesbaejar\/"]}]},{"@type":"ImageObject","inLanguage":"en","@id":"https:\/\/dart.is\/adild-ad-ips\/adildarfelog\/pilufelag-reykjanesbaejar\/#primaryimage","url":"https:\/\/i0.wp.com\/dart.is\/wp-content\/uploads\/2025\/10\/logo-pilufelag-reykjanesbaejar.jpg?fit=844%2C559&ssl=1","contentUrl":"https:\/\/i0.wp.com\/dart.is\/wp-content\/uploads\/2025\/10\/logo-pilufelag-reykjanesbaejar.jpg?fit=844%2C559&ssl=1","width":844,"height":559},{"@type":"BreadcrumbList","@id":"https:\/\/dart.is\/adild-ad-ips\/adildarfelog\/pilufelag-reykjanesbaejar\/#breadcrumb","itemListElement":[{"@type":"ListItem","position":1,"name":"Home","item":"https:\/\/dart.is\/"},{"@type":"ListItem","position":2,"name":"A\u00f0ild a\u00f0 \u00cdPS","item":"https:\/\/dart.is\/adild-ad-ips\/"},{"@type":"ListItem","position":3,"name":"A\u00f0ildarf\u00e9l\u00f6g","item":"https:\/\/dart.is\/adild-ad-ips\/adildarfelog\/"},{"@type":"ListItem","position":4,"name":"P\u00edluf\u00e9lag Reykjanesb\u00e6jar"}]},{"@type":"WebSite","@id":"https:\/\/dart.is\/#website","url":"https:\/\/dart.is\/","name":"\u00cdPS -\u00a0Dart.is","description":"Full member of The World Darts Federation","publisher":{"@id":"https:\/\/dart.is\/#organization"},"potentialAction":[{"@type":"SearchAction","target":{"@type":"EntryPoint","urlTemplate":"https:\/\/dart.is\/?s={search_term_string}"},"query-input":{"@type":"PropertyValueSpecification","valueRequired":true,"valueName":"search_term_string"}}],"inLanguage":"en"},{"@type":"Organization","@id":"https:\/\/dart.is\/#organization","name":"\u00cdPS -\u00a0Dart.is","url":"https:\/\/dart.is\/","logo":{"@type":"ImageObject","inLanguage":"en","@id":"https:\/\/dart.is\/#\/schema\/logo\/image\/","url":"https:\/\/i0.wp.com\/dart.is\/wp-content\/uploads\/2023\/05\/cropped-ips-new-header.png?fit=2200%2C250&ssl=1","contentUrl":"https:\/\/i0.wp.com\/dart.is\/wp-content\/uploads\/2023\/05\/cropped-ips-new-header.png?fit=2200%2C250&ssl=1","width":2200,"height":250,"caption":"\u00cdPS -\u00a0Dart.is"},"image":{"@id":"https:\/\/dart.is\/#\/schema\/logo\/image\/"},"sameAs":["http:\/\/www.facebook.com\/ipsdart.is","https:\/\/x.com\/livedarticeland"]}]}},"jetpack_likes_enabled":true,"jetpack_sharing_enabled":true,"_links":{"self":[{"href":"https:\/\/dart.is\/en\/wp-json\/wp\/v2\/pages\/19693","targetHints":{"allow":["GET"]}}],"collection":[{"href":"https:\/\/dart.is\/en\/wp-json\/wp\/v2\/pages"}],"about":[{"href":"https:\/\/dart.is\/en\/wp-json\/wp\/v2\/types\/page"}],"author":[{"embeddable":true,"href":"https:\/\/dart.is\/en\/wp-json\/wp\/v2\/users\/86"}],"replies":[{"embeddable":true,"href":"https:\/\/dart.is\/en\/wp-json\/wp\/v2\/comments?post=19693"}],"version-history":[{"count":3,"href":"https:\/\/dart.is\/en\/wp-json\/wp\/v2\/pages\/19693\/revisions"}],"predecessor-version":[{"id":20006,"href":"https:\/\/dart.is\/en\/wp-json\/wp\/v2\/pages\/19693\/revisions\/20006"}],"up":[{"embeddable":true,"href":"https:\/\/dart.is\/en\/wp-json\/wp\/v2\/pages\/10218"}],"wp:featuredmedia":[{"embeddable":true,"href":"https:\/\/dart.is\/en\/wp-json\/wp\/v2\/media\/19407"}],"wp:attachment":[{"href":"https:\/\/dart.is\/en\/wp-json\/wp\/v2\/media?parent=19693"}],"curies":[{"name":"wp","href":"https:\/\/api.w.org\/{rel}","templated":true}]}}