{"id":250,"date":"2015-07-02T19:26:09","date_gmt":"2015-07-02T19:26:09","guid":{"rendered":"http:\/\/dev.dart.is\/?page_id=250"},"modified":"2026-03-07T21:53:50","modified_gmt":"2026-03-07T21:53:50","slug":"konur","status":"publish","type":"page","link":"https:\/\/dart.is\/en\/islandsmeistarar\/301-2\/tvimenningur\/konur\/","title":{"rendered":"Konur"},"content":{"rendered":"<p style=\"text-align: center;\">_______<\/p>\n<p style=\"text-align: center;\"><strong>2025<\/strong><\/p>\n<p style=\"text-align: center;\"><strong>Sandra Gu\u00f0laugsd\u00f3ttir &#038; Steinunn Ingvarsd\u00f3ttir<\/strong><\/p>\n<p style=\"text-align: center;\">_______<\/p>\n<p style=\"text-align: center;\"><strong>2024<\/strong><\/p>\n<p style=\"text-align: center;\"><strong>Sandra Gu\u00f0laugsd\u00f3ttir &#038; Steinunn Ingvarsd\u00f3ttir<\/strong><\/p>\n<p style=\"text-align: center;\">_______<\/p>\n<p style=\"text-align: center;\"><strong>2023<\/strong><\/p>\n<p style=\"text-align: center;\"><strong>\u00c1rd\u00eds Sif Gu\u00f0j\u00f3nsd\u00f3ttir &#038; Svana Hammer<\/strong><\/p>\n<p style=\"text-align: center;\">_______<\/p>\n<p style=\"text-align: center;\"><strong>2022<\/strong><\/p>\n<p style=\"text-align: center;\"><strong>FittnessSport meistarar<\/strong><\/p>\n<p style=\"text-align: center;\"><strong>Ingibj\u00f6rg Magn\u00fasd\u00f3ttir &#038; Krist\u00edn Einarsd\u00f3ttir\u00a0<\/strong><\/p>\n<p style=\"text-align: center;\">_______<\/p>\n<p style=\"text-align: center;\"><strong>2021<\/strong><\/p>\n<p style=\"text-align: center;\"><strong>Arna Rut Gunnlaugsd\u00f3ttir &#038; Brynja Herborg J\u00f3nsd\u00f3ttir<\/strong><\/p>\n<p style=\"text-align: center;\">_______<\/p>\n<p style=\"text-align: center;\"><strong>2020<\/strong><\/p>\n<p style=\"text-align: center;\"><strong>Ingibj\u00f6rg Magn\u00fasd\u00f3ttir og J\u00f3hanna Bergsd\u00f3ttir<\/strong><\/p>\n<p style=\"text-align: center;\"><strong>______<\/strong><\/p>\n<p style=\"text-align: center;\"><strong>2019<\/strong><\/p>\n<p style=\"text-align: center;\"><strong>Ingibj\u00f6rg Magn\u00fasd\u00f3ttir og J\u00f3hanna Bergsd\u00f3ttir<\/strong><\/p>\n<p style=\"text-align: center;\"><strong>______<\/strong><\/p>\n<p style=\"text-align: center;\"><strong>2018<\/strong><\/p>\n<p style=\"text-align: center;\"><strong>Ingibj\u00f6rg Magn\u00fasd\u00f3ttir og \u00de\u00f3rey \u00d3sk Arndal Gunnarsd\u00f3ttir<\/strong><\/p>\n<p style=\"text-align: center;\"><strong>______<\/strong><\/p>\n<p style=\"text-align: center;\"><strong>2017<\/strong><\/p>\n<p style=\"text-align: center;\"><strong>Ingibj\u00f6rg Magn\u00fasd\u00f3ttir og J\u00f3hanna Bergsd\u00f3ttir<\/strong><\/p>\n<p style=\"text-align: center;\"><strong>______<\/strong><\/p>\n<p style=\"text-align: center;\"><strong>2016<\/strong><\/p>\n<p style=\"text-align: center;\"><strong>Ingibj\u00f6rg Magn\u00fasd\u00f3ttir og J\u00f3hanna Bergsd\u00f3ttir<\/strong><\/p>\n<p style=\"text-align: center;\"><strong>______<\/strong><\/p>\n<p style=\"text-align: center;\"><strong>2015<\/strong><\/p>\n<p style=\"text-align: center;\"><strong>Petrea Kr. Fri\u00f0riksd\u00f3ttir &#038; Sigr\u00ed\u00f0ur G. J\u00f3nsd\u00f3ttir<\/strong><\/p>\n<p style=\"text-align: center;\"><strong>______<\/strong><\/p>\n<p style=\"text-align: center;\"><strong>2014<\/strong><\/p>\n<p style=\"text-align: center;\"><strong>Petrea Kr. Fri\u00f0riksd\u00f3ttir &#038; Sigr\u00ed\u00f0ur G. J\u00f3nsd\u00f3ttir<\/strong><\/p>\n<p style=\"text-align: center;\">______<\/p>\n<p style=\"text-align: center;\"><strong>2013<\/strong><\/p>\n<p style=\"text-align: center;\"><strong>\u00d3laf\u00eda Gu\u00f0mundsd\u00f3ttir &#038; \u00de\u00f3rd\u00eds Andersen<\/strong><\/p>\n<p style=\"text-align: center;\">______<\/p>\n<p style=\"text-align: center;\"><strong>2012<\/strong><\/p>\n<p style=\"text-align: center;\"><strong>Petrea Kr. Fri\u00f0riksd\u00f3ttir &#038; Sigr\u00ed\u00f0ur G. J\u00f3nsd\u00f3ttir<\/strong><\/p>\n<p style=\"text-align: center;\">______<\/p>\n<p style=\"text-align: center;\"><strong>2011<\/strong><\/p>\n<p style=\"text-align: center;\"><strong>Mar\u00eda Steinunn J\u00f3hannesd\u00f3ttir &#038; Gu\u00f0finna Sigur\u00f0ard\u00f3ttir<\/strong><\/p>\n<p style=\"text-align: center;\">______<\/p>\n<p style=\"text-align: center;\"><strong>2010<\/strong><\/p>\n<p style=\"text-align: center;\"><strong>Petrea Kr. Fri\u00f0rikd\u00f3ttir &#038; Gu\u00f0finna Sigur\u00f0ard\u00f3ttir<\/strong><\/p>\n<p style=\"text-align: center;\">______<\/p>\n<p style=\"text-align: center;\"><strong>2009 <\/strong><\/p>\n<p style=\"text-align: center;\"><strong>Sigr\u00ed\u00f0ur G. J\u00f3nsd\u00f3ttir &#038; Elinborg Bj\u00f6rnsd\u00f3ttir<\/strong><\/p>\n","protected":false},"excerpt":{"rendered":"<p>_______ 2025 Sandra Gu\u00f0laugsd\u00f3ttir &#038; Steinunn Ingvarsd\u00f3ttir _______ 2024 Sandra Gu\u00f0laugsd\u00f3ttir &#038; Steinunn Ingvarsd\u00f3ttir _______ 2023 \u00c1rd\u00eds Sif<\/p>\n","protected":false},"author":1,"featured_media":0,"parent":245,"menu_order":0,"comment_status":"closed","ping_status":"closed","template":"","meta":{"footnotes":""},"class_list":["post-250","page","type-page","status-publish","hentry"],"yoast_head":"<!-- This site is optimized with the Yoast SEO plugin v27.1.1 - https:\/\/yoast.com\/product\/yoast-seo-wordpress\/ -->\n<title>Konur<\/title>\n<meta name=\"robots\" content=\"index, follow, max-snippet:-1, max-image-preview:large, max-video-preview:-1\" \/>\n<link rel=\"canonical\" href=\"https:\/\/dart.is\/en\/islandsmeistarar\/301-2\/tvimenningur\/konur\/\" \/>\n<meta property=\"og:locale\" content=\"en_GB\" \/>\n<meta property=\"og:locale:alternate\" content=\"is_IS\" \/>\n<meta property=\"og:type\" content=\"article\" \/>\n<meta property=\"og:title\" content=\"Konur\" \/>\n<meta property=\"og:description\" content=\"_______ 2025 Sandra Gu\u00f0laugsd\u00f3ttir &amp; Steinunn Ingvarsd\u00f3ttir _______ 2024 Sandra Gu\u00f0laugsd\u00f3ttir &amp; Steinunn Ingvarsd\u00f3ttir _______ 2023 \u00c1rd\u00eds Sif\" \/>\n<meta property=\"og:url\" content=\"https:\/\/dart.is\/en\/islandsmeistarar\/301-2\/tvimenningur\/konur\/\" \/>\n<meta property=\"og:site_name\" content=\"\u00cdPS -\u00a0Dart.is\" \/>\n<meta property=\"article:publisher\" content=\"http:\/\/www.facebook.com\/ipsdart.is\" \/>\n<meta property=\"article:modified_time\" content=\"2026-03-07T21:53:50+00:00\" \/>\n<meta name=\"twitter:card\" content=\"summary_large_image\" \/>\n<meta name=\"twitter:site\" content=\"@livedarticeland\" \/>\n<meta name=\"twitter:label1\" content=\"Estimated reading time\" \/>\n\t<meta name=\"twitter:data1\" content=\"1 minute\" \/>\n<script type=\"application\/ld+json\" class=\"yoast-schema-graph\">{\"@context\":\"https:\/\/schema.org\",\"@graph\":[{\"@type\":\"WebPage\",\"@id\":\"https:\/\/dart.is\/islandsmeistarar\/301-2\/tvimenningur\/konur\/\",\"url\":\"https:\/\/dart.is\/islandsmeistarar\/301-2\/tvimenningur\/konur\/\",\"name\":\"Konur\",\"isPartOf\":{\"@id\":\"https:\/\/dart.is\/#website\"},\"datePublished\":\"2015-07-02T19:26:09+00:00\",\"dateModified\":\"2026-03-07T21:53:50+00:00\",\"breadcrumb\":{\"@id\":\"https:\/\/dart.is\/islandsmeistarar\/301-2\/tvimenningur\/konur\/#breadcrumb\"},\"inLanguage\":\"en\",\"potentialAction\":[{\"@type\":\"ReadAction\",\"target\":[\"https:\/\/dart.is\/islandsmeistarar\/301-2\/tvimenningur\/konur\/\"]}]},{\"@type\":\"BreadcrumbList\",\"@id\":\"https:\/\/dart.is\/islandsmeistarar\/301-2\/tvimenningur\/konur\/#breadcrumb\",\"itemListElement\":[{\"@type\":\"ListItem\",\"position\":1,\"name\":\"Home\",\"item\":\"https:\/\/dart.is\/\"},{\"@type\":\"ListItem\",\"position\":2,\"name\":\"\u00cdslandsmeistarar\",\"item\":\"https:\/\/dart.is\/islandsmeistarar\/\"},{\"@type\":\"ListItem\",\"position\":3,\"name\":\"301\",\"item\":\"https:\/\/dart.is\/islandsmeistarar\/301-2\/\"},{\"@type\":\"ListItem\",\"position\":4,\"name\":\"Tv\u00edmenningur\",\"item\":\"https:\/\/dart.is\/islandsmeistarar\/301-2\/tvimenningur\/\"},{\"@type\":\"ListItem\",\"position\":5,\"name\":\"Konur\"}]},{\"@type\":\"WebSite\",\"@id\":\"https:\/\/dart.is\/#website\",\"url\":\"https:\/\/dart.is\/\",\"name\":\"\u00cdPS -\u00a0Dart.is\",\"description\":\"Full member of The World Darts Federation\",\"publisher\":{\"@id\":\"https:\/\/dart.is\/#organization\"},\"potentialAction\":[{\"@type\":\"SearchAction\",\"target\":{\"@type\":\"EntryPoint\",\"urlTemplate\":\"https:\/\/dart.is\/?s={search_term_string}\"},\"query-input\":{\"@type\":\"PropertyValueSpecification\",\"valueRequired\":true,\"valueName\":\"search_term_string\"}}],\"inLanguage\":\"en\"},{\"@type\":\"Organization\",\"@id\":\"https:\/\/dart.is\/#organization\",\"name\":\"\u00cdPS -\u00a0Dart.is\",\"url\":\"https:\/\/dart.is\/\",\"logo\":{\"@type\":\"ImageObject\",\"inLanguage\":\"en\",\"@id\":\"https:\/\/dart.is\/#\/schema\/logo\/image\/\",\"url\":\"https:\/\/i0.wp.com\/dart.is\/wp-content\/uploads\/2023\/05\/cropped-ips-new-header.png?fit=2200%2C250&ssl=1\",\"contentUrl\":\"https:\/\/i0.wp.com\/dart.is\/wp-content\/uploads\/2023\/05\/cropped-ips-new-header.png?fit=2200%2C250&ssl=1\",\"width\":2200,\"height\":250,\"caption\":\"\u00cdPS -\u00a0Dart.is\"},\"image\":{\"@id\":\"https:\/\/dart.is\/#\/schema\/logo\/image\/\"},\"sameAs\":[\"http:\/\/www.facebook.com\/ipsdart.is\",\"https:\/\/x.com\/livedarticeland\"]}]}<\/script>\n<!-- \/ Yoast SEO plugin. -->","yoast_head_json":{"title":"Konur","robots":{"index":"index","follow":"follow","max-snippet":"max-snippet:-1","max-image-preview":"max-image-preview:large","max-video-preview":"max-video-preview:-1"},"canonical":"https:\/\/dart.is\/en\/islandsmeistarar\/301-2\/tvimenningur\/konur\/","og_locale":"en_GB","og_type":"article","og_title":"[:is]Konur[:] - \u00cdPS -\u00a0Dart.is","og_description":"_______ 2025 Sandra Gu\u00f0laugsd\u00f3ttir &#038; Steinunn Ingvarsd\u00f3ttir _______ 2024 Sandra Gu\u00f0laugsd\u00f3ttir &#038; Steinunn Ingvarsd\u00f3ttir _______ 2023 \u00c1rd\u00eds Sif","og_url":"https:\/\/dart.is\/en\/islandsmeistarar\/301-2\/tvimenningur\/konur\/","og_site_name":"\u00cdPS -\u00a0Dart.is","article_publisher":"http:\/\/www.facebook.com\/ipsdart.is","article_modified_time":"2026-03-07T21:53:50+00:00","twitter_card":"summary_large_image","twitter_site":"@livedarticeland","twitter_misc":{"Estimated reading time":"1 minute"},"schema":{"@context":"https:\/\/schema.org","@graph":[{"@type":"WebPage","@id":"https:\/\/dart.is\/islandsmeistarar\/301-2\/tvimenningur\/konur\/","url":"https:\/\/dart.is\/islandsmeistarar\/301-2\/tvimenningur\/konur\/","name":"Konur","isPartOf":{"@id":"https:\/\/dart.is\/#website"},"datePublished":"2015-07-02T19:26:09+00:00","dateModified":"2026-03-07T21:53:50+00:00","breadcrumb":{"@id":"https:\/\/dart.is\/islandsmeistarar\/301-2\/tvimenningur\/konur\/#breadcrumb"},"inLanguage":"en","potentialAction":[{"@type":"ReadAction","target":["https:\/\/dart.is\/islandsmeistarar\/301-2\/tvimenningur\/konur\/"]}]},{"@type":"BreadcrumbList","@id":"https:\/\/dart.is\/islandsmeistarar\/301-2\/tvimenningur\/konur\/#breadcrumb","itemListElement":[{"@type":"ListItem","position":1,"name":"Home","item":"https:\/\/dart.is\/"},{"@type":"ListItem","position":2,"name":"\u00cdslandsmeistarar","item":"https:\/\/dart.is\/islandsmeistarar\/"},{"@type":"ListItem","position":3,"name":"301","item":"https:\/\/dart.is\/islandsmeistarar\/301-2\/"},{"@type":"ListItem","position":4,"name":"Tv\u00edmenningur","item":"https:\/\/dart.is\/islandsmeistarar\/301-2\/tvimenningur\/"},{"@type":"ListItem","position":5,"name":"Konur"}]},{"@type":"WebSite","@id":"https:\/\/dart.is\/#website","url":"https:\/\/dart.is\/","name":"\u00cdPS -\u00a0Dart.is","description":"Full member of The World Darts Federation","publisher":{"@id":"https:\/\/dart.is\/#organization"},"potentialAction":[{"@type":"SearchAction","target":{"@type":"EntryPoint","urlTemplate":"https:\/\/dart.is\/?s={search_term_string}"},"query-input":{"@type":"PropertyValueSpecification","valueRequired":true,"valueName":"search_term_string"}}],"inLanguage":"en"},{"@type":"Organization","@id":"https:\/\/dart.is\/#organization","name":"\u00cdPS -\u00a0Dart.is","url":"https:\/\/dart.is\/","logo":{"@type":"ImageObject","inLanguage":"en","@id":"https:\/\/dart.is\/#\/schema\/logo\/image\/","url":"https:\/\/i0.wp.com\/dart.is\/wp-content\/uploads\/2023\/05\/cropped-ips-new-header.png?fit=2200%2C250&ssl=1","contentUrl":"https:\/\/i0.wp.com\/dart.is\/wp-content\/uploads\/2023\/05\/cropped-ips-new-header.png?fit=2200%2C250&ssl=1","width":2200,"height":250,"caption":"\u00cdPS -\u00a0Dart.is"},"image":{"@id":"https:\/\/dart.is\/#\/schema\/logo\/image\/"},"sameAs":["http:\/\/www.facebook.com\/ipsdart.is","https:\/\/x.com\/livedarticeland"]}]}},"jetpack_likes_enabled":true,"jetpack_sharing_enabled":true,"_links":{"self":[{"href":"https:\/\/dart.is\/en\/wp-json\/wp\/v2\/pages\/250","targetHints":{"allow":["GET"]}}],"collection":[{"href":"https:\/\/dart.is\/en\/wp-json\/wp\/v2\/pages"}],"about":[{"href":"https:\/\/dart.is\/en\/wp-json\/wp\/v2\/types\/page"}],"author":[{"embeddable":true,"href":"https:\/\/dart.is\/en\/wp-json\/wp\/v2\/users\/1"}],"replies":[{"embeddable":true,"href":"https:\/\/dart.is\/en\/wp-json\/wp\/v2\/comments?post=250"}],"version-history":[{"count":9,"href":"https:\/\/dart.is\/en\/wp-json\/wp\/v2\/pages\/250\/revisions"}],"predecessor-version":[{"id":20793,"href":"https:\/\/dart.is\/en\/wp-json\/wp\/v2\/pages\/250\/revisions\/20793"}],"up":[{"embeddable":true,"href":"https:\/\/dart.is\/en\/wp-json\/wp\/v2\/pages\/245"}],"wp:attachment":[{"href":"https:\/\/dart.is\/en\/wp-json\/wp\/v2\/media?parent=250"}],"curies":[{"name":"wp","href":"https:\/\/api.w.org\/{rel}","templated":true}]}}