{"id":2677,"date":"2018-02-07T09:17:59","date_gmt":"2018-02-07T09:17:59","guid":{"rendered":"http:\/\/dart.is\/?page_id=2677"},"modified":"2019-11-27T09:08:12","modified_gmt":"2019-11-27T09:08:12","slug":"fundargerdir","status":"publish","type":"page","link":"https:\/\/dart.is\/en\/ips\/fundargerdir\/","title":{"rendered":"Fundarger\u00f0ir"},"content":{"rendered":"\n<p>FUNDARGER\u00d0<\/p>\n\n\n\n<p>\u00cdPS fundur 6. September\n2019&nbsp; kl 14.&nbsp;<\/p>\n\n\n\n<p>Fundin s\u00e1tu \u00d3lafur, Gu\u00f0r\u00fan,\nMatt\u00edas og \u00de\u00f3r\u00f3lfur. Funda\u00f0 \u00ed gegnum s\u00edma.<\/p>\n\n\n\n<p>Umr\u00e6\u00f0a tekin um stigam\u00f3t en \u00feau eru 12 \u00e1ri. Eitthva\u00f0 var b\u00fai\u00f0 a\u00f0 flakka me\u00f0 t\u00edmasetningar \u00e1 \u00feeim og gagnr\u00fdni \u00e1 \u00fe\u00e6r t\u00edmasetningar b\u00e1rust stj\u00f3rn sem var tekin til greina. N\u00e6stu helgi eru 3 stigam\u00f3t og undankeppni til \u00cdslandsm\u00f3t \u00ed Reykjanesb\u00e6. \u00dea\u00f0 vantar sta\u00f0setningu \u00e1 eina undankeppni (\u00fe\u00e1 s\u00ed\u00f0ustu)&nbsp;en h\u00fan ver\u00f0ur a\u00f0 \u00f6llum l\u00edkundum haldin anna\u00f0hvort \u00ed Grindav\u00edk e\u00f0a Reykjav\u00edk.<\/p>\n\n\n\n<p>R\u00e6tt var um dagsetningu \u00e1 Winmau Iceland Open og \u00cdslandsm\u00f3t \u00ed 501 \u00e1 n\u00e6sta \u00e1ri. \u00cdslandsm\u00f3ti\u00f0 ver\u00f0ur l\u00edklega \u00ed jan\u00faar 2020 en \u00fea\u00f0 getur breyst og ver\u00f0ur r\u00e6tt \u00e1 auka a\u00f0alfundi sem ver\u00f0ur haldin fyrstu helgina \u00ed okt\u00f3ber. \u00c1 sama fundi ver\u00f0ur r\u00e6tt dagsetning \u00e1 Winmau 2020 en stefnan er a\u00f0 hafa m\u00f3ti\u00f0 um p\u00e1skana. \u00d3lafur \u00e6tlar a\u00f0 reyna f\u00e1 leigt Officera kl\u00fabbinn \u00e1 \u00c1sbr\u00fa undir WIO. Matti \u00e6tlar a\u00f0 athuga lausar dagsetningar hj\u00e1 WDF. Fj\u00e1rm\u00e1l \u00cdPS ver\u00f0a b\u00fain a\u00f0 fara til endursko\u00f0anda og ver\u00f0a tekin fyrir \u00e1 auka a\u00f0alfundi \u00ed okt\u00f3ber.&nbsp;<\/p>\n\n\n\n<p>Tekin var umr\u00e6\u00f0a um m\u00e6tingar \u00ed \u00cdPS m\u00f3t \u00fe.e fyrirvari \u00e1 skr\u00e1ningu og \u00e1kve\u00f0i\u00f0 a\u00f0 breyta ekki \u00fev\u00ed fyrirkomulagi sem er til sta\u00f0ar \u00ed dag eins og er. S\u00f6mulei\u00f0is var \u00e1kve\u00f0i\u00f0 a\u00f0 lei\u00f0r\u00e9tta stig hj\u00e1 Gar\u00f0ari Magn\u00fassyni og \u00de\u00f3rey \u00d3sk Gunnarsd\u00f3ttur sem kom upp \u00e1 s\u00ed\u00f0ustu stigam\u00f3tahelgi. Gu\u00f0r\u00fan spur\u00f0i um fer\u00f0astyrk vegna \u00fart\u00f6kum\u00f3ts \u00ed ma\u00ed. s.l. \u00dea\u00f0 ver\u00f0ur afgreitt \u00e1 n\u00e6stu d\u00f6gum.&nbsp;<\/p>\n\n\n\n<p>A\u00f0 lokum var tekin stutt umr\u00e6\u00f0a um landsli\u00f0sfer\u00f0ina til R\u00famen\u00edu \u00ed okt\u00f3ber 2019. Allt er klappa\u00f0 og kl\u00e1rt nema \u00fea\u00f0 \u00e1 eftir a\u00f0 grei\u00f0a fyrir h\u00f3tel keppenda.<\/p>\n\n\n\n<p>Fundi var sliti\u00f0 kl 15:00.<\/p>\n\n\n\n<p>Fyrir h\u00f6nd stj\u00f3rnar,<\/p>\n\n\n\n<p>\u00de\u00f3r\u00f3lfur S\u00e6var S\u00e6mundsson.<\/p>\n\n\n\n<p><a href=\"http:\/\/dart.is\/adalfundur-27-1-2019\/\">A\u00f0alfundur 27.1.2019<\/a><\/p>\n","protected":false},"excerpt":{"rendered":"<p>FUNDARGER\u00d0 \u00cdPS fundur 6. September 2019&nbsp; kl 14.&nbsp; Fundin s\u00e1tu \u00d3lafur, Gu\u00f0r\u00fan, Matt\u00edas og \u00de\u00f3r\u00f3lfur. Funda\u00f0 \u00ed gegnum<\/p>\n","protected":false},"author":1,"featured_media":0,"parent":104,"menu_order":9,"comment_status":"closed","ping_status":"closed","template":"","meta":{"footnotes":""},"class_list":["post-2677","page","type-page","status-publish","hentry"],"yoast_head":"<!-- This site is optimized with the Yoast SEO plugin v27.1.1 - https:\/\/yoast.com\/product\/yoast-seo-wordpress\/ -->\n<title>Fundarger\u00f0ir<\/title>\n<meta name=\"robots\" content=\"index, follow, max-snippet:-1, max-image-preview:large, max-video-preview:-1\" \/>\n<link rel=\"canonical\" href=\"https:\/\/dart.is\/en\/ips\/fundargerdir\/\" \/>\n<meta property=\"og:locale\" content=\"en_GB\" \/>\n<meta property=\"og:locale:alternate\" content=\"is_IS\" \/>\n<meta property=\"og:type\" content=\"article\" \/>\n<meta property=\"og:title\" content=\"Fundarger\u00f0ir\" \/>\n<meta property=\"og:description\" content=\"FUNDARGER\u00d0 \u00cdPS fundur 6. September 2019&nbsp; kl 14.&nbsp; Fundin s\u00e1tu \u00d3lafur, Gu\u00f0r\u00fan, Matt\u00edas og \u00de\u00f3r\u00f3lfur. Funda\u00f0 \u00ed gegnum\" \/>\n<meta property=\"og:url\" content=\"https:\/\/dart.is\/en\/ips\/fundargerdir\/\" \/>\n<meta property=\"og:site_name\" content=\"\u00cdPS -\u00a0Dart.is\" \/>\n<meta property=\"article:publisher\" content=\"http:\/\/www.facebook.com\/ipsdart.is\" \/>\n<meta property=\"article:modified_time\" content=\"2019-11-27T09:08:12+00:00\" \/>\n<meta name=\"twitter:card\" content=\"summary_large_image\" \/>\n<meta name=\"twitter:site\" content=\"@livedarticeland\" \/>\n<meta name=\"twitter:label1\" content=\"Estimated reading time\" \/>\n\t<meta name=\"twitter:data1\" content=\"2 minutes\" \/>\n<script type=\"application\/ld+json\" class=\"yoast-schema-graph\">{\"@context\":\"https:\/\/schema.org\",\"@graph\":[{\"@type\":\"WebPage\",\"@id\":\"https:\/\/dart.is\/ips\/fundargerdir\/\",\"url\":\"https:\/\/dart.is\/ips\/fundargerdir\/\",\"name\":\"Fundarger\u00f0ir\",\"isPartOf\":{\"@id\":\"https:\/\/dart.is\/#website\"},\"datePublished\":\"2018-02-07T09:17:59+00:00\",\"dateModified\":\"2019-11-27T09:08:12+00:00\",\"breadcrumb\":{\"@id\":\"https:\/\/dart.is\/ips\/fundargerdir\/#breadcrumb\"},\"inLanguage\":\"en\",\"potentialAction\":[{\"@type\":\"ReadAction\",\"target\":[\"https:\/\/dart.is\/ips\/fundargerdir\/\"]}]},{\"@type\":\"BreadcrumbList\",\"@id\":\"https:\/\/dart.is\/ips\/fundargerdir\/#breadcrumb\",\"itemListElement\":[{\"@type\":\"ListItem\",\"position\":1,\"name\":\"Home\",\"item\":\"https:\/\/dart.is\/\"},{\"@type\":\"ListItem\",\"position\":2,\"name\":\"\u00cdPS\",\"item\":\"https:\/\/dart.is\/ips\/\"},{\"@type\":\"ListItem\",\"position\":3,\"name\":\"Fundarger\u00f0ir\"}]},{\"@type\":\"WebSite\",\"@id\":\"https:\/\/dart.is\/#website\",\"url\":\"https:\/\/dart.is\/\",\"name\":\"\u00cdPS -\u00a0Dart.is\",\"description\":\"Full member of The World Darts Federation\",\"publisher\":{\"@id\":\"https:\/\/dart.is\/#organization\"},\"potentialAction\":[{\"@type\":\"SearchAction\",\"target\":{\"@type\":\"EntryPoint\",\"urlTemplate\":\"https:\/\/dart.is\/?s={search_term_string}\"},\"query-input\":{\"@type\":\"PropertyValueSpecification\",\"valueRequired\":true,\"valueName\":\"search_term_string\"}}],\"inLanguage\":\"en\"},{\"@type\":\"Organization\",\"@id\":\"https:\/\/dart.is\/#organization\",\"name\":\"\u00cdPS -\u00a0Dart.is\",\"url\":\"https:\/\/dart.is\/\",\"logo\":{\"@type\":\"ImageObject\",\"inLanguage\":\"en\",\"@id\":\"https:\/\/dart.is\/#\/schema\/logo\/image\/\",\"url\":\"https:\/\/i0.wp.com\/dart.is\/wp-content\/uploads\/2023\/05\/cropped-ips-new-header.png?fit=2200%2C250&ssl=1\",\"contentUrl\":\"https:\/\/i0.wp.com\/dart.is\/wp-content\/uploads\/2023\/05\/cropped-ips-new-header.png?fit=2200%2C250&ssl=1\",\"width\":2200,\"height\":250,\"caption\":\"\u00cdPS -\u00a0Dart.is\"},\"image\":{\"@id\":\"https:\/\/dart.is\/#\/schema\/logo\/image\/\"},\"sameAs\":[\"http:\/\/www.facebook.com\/ipsdart.is\",\"https:\/\/x.com\/livedarticeland\"]}]}<\/script>\n<!-- \/ Yoast SEO plugin. -->","yoast_head_json":{"title":"Fundarger\u00f0ir","robots":{"index":"index","follow":"follow","max-snippet":"max-snippet:-1","max-image-preview":"max-image-preview:large","max-video-preview":"max-video-preview:-1"},"canonical":"https:\/\/dart.is\/en\/ips\/fundargerdir\/","og_locale":"en_GB","og_type":"article","og_title":"[:is]Fundarger\u00f0ir[:] - \u00cdPS -\u00a0Dart.is","og_description":"FUNDARGER\u00d0 \u00cdPS fundur 6. September 2019&nbsp; kl 14.&nbsp; Fundin s\u00e1tu \u00d3lafur, Gu\u00f0r\u00fan, Matt\u00edas og \u00de\u00f3r\u00f3lfur. Funda\u00f0 \u00ed gegnum","og_url":"https:\/\/dart.is\/en\/ips\/fundargerdir\/","og_site_name":"\u00cdPS -\u00a0Dart.is","article_publisher":"http:\/\/www.facebook.com\/ipsdart.is","article_modified_time":"2019-11-27T09:08:12+00:00","twitter_card":"summary_large_image","twitter_site":"@livedarticeland","twitter_misc":{"Estimated reading time":"2 minutes"},"schema":{"@context":"https:\/\/schema.org","@graph":[{"@type":"WebPage","@id":"https:\/\/dart.is\/ips\/fundargerdir\/","url":"https:\/\/dart.is\/ips\/fundargerdir\/","name":"Fundarger\u00f0ir","isPartOf":{"@id":"https:\/\/dart.is\/#website"},"datePublished":"2018-02-07T09:17:59+00:00","dateModified":"2019-11-27T09:08:12+00:00","breadcrumb":{"@id":"https:\/\/dart.is\/ips\/fundargerdir\/#breadcrumb"},"inLanguage":"en","potentialAction":[{"@type":"ReadAction","target":["https:\/\/dart.is\/ips\/fundargerdir\/"]}]},{"@type":"BreadcrumbList","@id":"https:\/\/dart.is\/ips\/fundargerdir\/#breadcrumb","itemListElement":[{"@type":"ListItem","position":1,"name":"Home","item":"https:\/\/dart.is\/"},{"@type":"ListItem","position":2,"name":"\u00cdPS","item":"https:\/\/dart.is\/ips\/"},{"@type":"ListItem","position":3,"name":"Fundarger\u00f0ir"}]},{"@type":"WebSite","@id":"https:\/\/dart.is\/#website","url":"https:\/\/dart.is\/","name":"\u00cdPS -\u00a0Dart.is","description":"Full member of The World Darts Federation","publisher":{"@id":"https:\/\/dart.is\/#organization"},"potentialAction":[{"@type":"SearchAction","target":{"@type":"EntryPoint","urlTemplate":"https:\/\/dart.is\/?s={search_term_string}"},"query-input":{"@type":"PropertyValueSpecification","valueRequired":true,"valueName":"search_term_string"}}],"inLanguage":"en"},{"@type":"Organization","@id":"https:\/\/dart.is\/#organization","name":"\u00cdPS -\u00a0Dart.is","url":"https:\/\/dart.is\/","logo":{"@type":"ImageObject","inLanguage":"en","@id":"https:\/\/dart.is\/#\/schema\/logo\/image\/","url":"https:\/\/i0.wp.com\/dart.is\/wp-content\/uploads\/2023\/05\/cropped-ips-new-header.png?fit=2200%2C250&ssl=1","contentUrl":"https:\/\/i0.wp.com\/dart.is\/wp-content\/uploads\/2023\/05\/cropped-ips-new-header.png?fit=2200%2C250&ssl=1","width":2200,"height":250,"caption":"\u00cdPS -\u00a0Dart.is"},"image":{"@id":"https:\/\/dart.is\/#\/schema\/logo\/image\/"},"sameAs":["http:\/\/www.facebook.com\/ipsdart.is","https:\/\/x.com\/livedarticeland"]}]}},"jetpack_likes_enabled":true,"jetpack_sharing_enabled":true,"_links":{"self":[{"href":"https:\/\/dart.is\/en\/wp-json\/wp\/v2\/pages\/2677","targetHints":{"allow":["GET"]}}],"collection":[{"href":"https:\/\/dart.is\/en\/wp-json\/wp\/v2\/pages"}],"about":[{"href":"https:\/\/dart.is\/en\/wp-json\/wp\/v2\/types\/page"}],"author":[{"embeddable":true,"href":"https:\/\/dart.is\/en\/wp-json\/wp\/v2\/users\/1"}],"replies":[{"embeddable":true,"href":"https:\/\/dart.is\/en\/wp-json\/wp\/v2\/comments?post=2677"}],"version-history":[{"count":3,"href":"https:\/\/dart.is\/en\/wp-json\/wp\/v2\/pages\/2677\/revisions"}],"predecessor-version":[{"id":4541,"href":"https:\/\/dart.is\/en\/wp-json\/wp\/v2\/pages\/2677\/revisions\/4541"}],"up":[{"embeddable":true,"href":"https:\/\/dart.is\/en\/wp-json\/wp\/v2\/pages\/104"}],"wp:attachment":[{"href":"https:\/\/dart.is\/en\/wp-json\/wp\/v2\/media?parent=2677"}],"curies":[{"name":"wp","href":"https:\/\/api.w.org\/{rel}","templated":true}]}}