{"id":332,"date":"2015-07-03T19:10:03","date_gmt":"2015-07-03T19:10:03","guid":{"rendered":"http:\/\/dev.dart.is\/?page_id=332"},"modified":"2018-02-07T09:15:08","modified_gmt":"2018-02-07T09:15:08","slug":"felagatal","status":"publish","type":"page","link":"https:\/\/dart.is\/en\/pilufelog\/felagatal\/","title":{"rendered":"F\u00e9lagatal"},"content":{"rendered":"<p>H\u00e9r \u00ed flipunum m\u00e1 finna F\u00e9lagaskr\u00e1 P\u00edluf\u00e9laga \u00cdslands.<\/p>\n<p>Allir sem a\u00f0 eru \u00e1 \u00feessum listum hafa greitt \u00e1rgjald til s\u00edns p\u00edluf\u00e9lags sem s\u00e9r s\u00ed\u00f0an um a\u00f0 grei\u00f0a fyrir \u00fe\u00e1 \u00e1rgjald til \u00cdPS.\u00a0Allir sem a\u00f0 eru \u00e1 \u00feessum listum hafa a\u00f0gang a\u00f0 \u00f6llum m\u00f3tum \u00e1 vegum \u00cdPS, s\u00e9u m\u00f3tsskilyr\u00f0i uppfyllt.<\/p>\n<p>F\u00e9lagsmenn \u00cdPS eru 135<\/p>\n<p>H\u00e9r er listinn \u00ed stafr\u00f3fsr\u00f6\u00f0:<\/p>\n<p><a href=\"http:\/\/dart.is\/wp-content\/uploads\/2015\/07\/ips-f\u00e9lagatal-2016-Sheet1.pdf\" rel=\"\">F\u00e9lagatal \u00cdPS 2016<\/a><\/p>\n","protected":false},"excerpt":{"rendered":"<p>H\u00e9r \u00ed flipunum m\u00e1 finna F\u00e9lagaskr\u00e1 P\u00edluf\u00e9laga \u00cdslands. Allir sem a\u00f0 eru \u00e1 \u00feessum listum hafa greitt \u00e1rgjald<\/p>\n","protected":false},"author":1,"featured_media":0,"parent":100,"menu_order":2,"comment_status":"closed","ping_status":"closed","template":"","meta":{"footnotes":""},"class_list":["post-332","page","type-page","status-publish","hentry"],"yoast_head":"<!-- This site is optimized with the Yoast SEO plugin v27.1.1 - https:\/\/yoast.com\/product\/yoast-seo-wordpress\/ -->\n<title>F\u00e9lagatal - \u00cdPS -\u00a0Dart.is<\/title>\n<meta name=\"robots\" content=\"index, follow, max-snippet:-1, max-image-preview:large, max-video-preview:-1\" \/>\n<link rel=\"canonical\" href=\"https:\/\/dart.is\/en\/pilufelog\/felagatal\/\" \/>\n<meta property=\"og:locale\" content=\"en_GB\" \/>\n<meta property=\"og:locale:alternate\" content=\"is_IS\" \/>\n<meta property=\"og:type\" content=\"article\" \/>\n<meta property=\"og:title\" content=\"F\u00e9lagatal - \u00cdPS -\u00a0Dart.is\" \/>\n<meta property=\"og:description\" content=\"H\u00e9r \u00ed flipunum m\u00e1 finna F\u00e9lagaskr\u00e1 P\u00edluf\u00e9laga \u00cdslands. Allir sem a\u00f0 eru \u00e1 \u00feessum listum hafa greitt \u00e1rgjald\" \/>\n<meta property=\"og:url\" content=\"https:\/\/dart.is\/en\/pilufelog\/felagatal\/\" \/>\n<meta property=\"og:site_name\" content=\"\u00cdPS -\u00a0Dart.is\" \/>\n<meta property=\"article:publisher\" content=\"http:\/\/www.facebook.com\/ipsdart.is\" \/>\n<meta property=\"article:modified_time\" content=\"2018-02-07T09:15:08+00:00\" \/>\n<meta name=\"twitter:card\" content=\"summary_large_image\" \/>\n<meta name=\"twitter:site\" content=\"@livedarticeland\" \/>\n<script type=\"application\/ld+json\" class=\"yoast-schema-graph\">{\"@context\":\"https:\/\/schema.org\",\"@graph\":[{\"@type\":\"WebPage\",\"@id\":\"https:\/\/dart.is\/en\/pilufelog\/felagatal\/\",\"url\":\"https:\/\/dart.is\/en\/pilufelog\/felagatal\/\",\"name\":\"F\u00e9lagatal - \u00cdPS -\u00a0Dart.is\",\"isPartOf\":{\"@id\":\"https:\/\/dart.is\/#website\"},\"datePublished\":\"2015-07-03T19:10:03+00:00\",\"dateModified\":\"2018-02-07T09:15:08+00:00\",\"breadcrumb\":{\"@id\":\"https:\/\/dart.is\/en\/pilufelog\/felagatal\/#breadcrumb\"},\"inLanguage\":\"en\",\"potentialAction\":[{\"@type\":\"ReadAction\",\"target\":[\"https:\/\/dart.is\/en\/pilufelog\/felagatal\/\"]}]},{\"@type\":\"BreadcrumbList\",\"@id\":\"https:\/\/dart.is\/en\/pilufelog\/felagatal\/#breadcrumb\",\"itemListElement\":[{\"@type\":\"ListItem\",\"position\":1,\"name\":\"Home\",\"item\":\"https:\/\/dart.is\/\"},{\"@type\":\"ListItem\",\"position\":2,\"name\":\"P\u00edluf\u00e9l\u00f6g\",\"item\":\"https:\/\/dart.is\/en\/pilufelog\/\"},{\"@type\":\"ListItem\",\"position\":3,\"name\":\"F\u00e9lagatal\"}]},{\"@type\":\"WebSite\",\"@id\":\"https:\/\/dart.is\/#website\",\"url\":\"https:\/\/dart.is\/\",\"name\":\"\u00cdPS -\u00a0Dart.is\",\"description\":\"Full member of The World Darts Federation\",\"publisher\":{\"@id\":\"https:\/\/dart.is\/#organization\"},\"potentialAction\":[{\"@type\":\"SearchAction\",\"target\":{\"@type\":\"EntryPoint\",\"urlTemplate\":\"https:\/\/dart.is\/?s={search_term_string}\"},\"query-input\":{\"@type\":\"PropertyValueSpecification\",\"valueRequired\":true,\"valueName\":\"search_term_string\"}}],\"inLanguage\":\"en\"},{\"@type\":\"Organization\",\"@id\":\"https:\/\/dart.is\/#organization\",\"name\":\"\u00cdPS -\u00a0Dart.is\",\"url\":\"https:\/\/dart.is\/\",\"logo\":{\"@type\":\"ImageObject\",\"inLanguage\":\"en\",\"@id\":\"https:\/\/dart.is\/#\/schema\/logo\/image\/\",\"url\":\"https:\/\/i0.wp.com\/dart.is\/wp-content\/uploads\/2023\/05\/cropped-ips-new-header.png?fit=2200%2C250&ssl=1\",\"contentUrl\":\"https:\/\/i0.wp.com\/dart.is\/wp-content\/uploads\/2023\/05\/cropped-ips-new-header.png?fit=2200%2C250&ssl=1\",\"width\":2200,\"height\":250,\"caption\":\"\u00cdPS -\u00a0Dart.is\"},\"image\":{\"@id\":\"https:\/\/dart.is\/#\/schema\/logo\/image\/\"},\"sameAs\":[\"http:\/\/www.facebook.com\/ipsdart.is\",\"https:\/\/x.com\/livedarticeland\"]}]}<\/script>\n<!-- \/ Yoast SEO plugin. -->","yoast_head_json":{"title":"F\u00e9lagatal - \u00cdPS -\u00a0Dart.is","robots":{"index":"index","follow":"follow","max-snippet":"max-snippet:-1","max-image-preview":"max-image-preview:large","max-video-preview":"max-video-preview:-1"},"canonical":"https:\/\/dart.is\/en\/pilufelog\/felagatal\/","og_locale":"en_GB","og_type":"article","og_title":"F\u00e9lagatal - \u00cdPS -\u00a0Dart.is","og_description":"H\u00e9r \u00ed flipunum m\u00e1 finna F\u00e9lagaskr\u00e1 P\u00edluf\u00e9laga \u00cdslands. Allir sem a\u00f0 eru \u00e1 \u00feessum listum hafa greitt \u00e1rgjald","og_url":"https:\/\/dart.is\/en\/pilufelog\/felagatal\/","og_site_name":"\u00cdPS -\u00a0Dart.is","article_publisher":"http:\/\/www.facebook.com\/ipsdart.is","article_modified_time":"2018-02-07T09:15:08+00:00","twitter_card":"summary_large_image","twitter_site":"@livedarticeland","schema":{"@context":"https:\/\/schema.org","@graph":[{"@type":"WebPage","@id":"https:\/\/dart.is\/en\/pilufelog\/felagatal\/","url":"https:\/\/dart.is\/en\/pilufelog\/felagatal\/","name":"F\u00e9lagatal - \u00cdPS -\u00a0Dart.is","isPartOf":{"@id":"https:\/\/dart.is\/#website"},"datePublished":"2015-07-03T19:10:03+00:00","dateModified":"2018-02-07T09:15:08+00:00","breadcrumb":{"@id":"https:\/\/dart.is\/en\/pilufelog\/felagatal\/#breadcrumb"},"inLanguage":"en","potentialAction":[{"@type":"ReadAction","target":["https:\/\/dart.is\/en\/pilufelog\/felagatal\/"]}]},{"@type":"BreadcrumbList","@id":"https:\/\/dart.is\/en\/pilufelog\/felagatal\/#breadcrumb","itemListElement":[{"@type":"ListItem","position":1,"name":"Home","item":"https:\/\/dart.is\/"},{"@type":"ListItem","position":2,"name":"P\u00edluf\u00e9l\u00f6g","item":"https:\/\/dart.is\/en\/pilufelog\/"},{"@type":"ListItem","position":3,"name":"F\u00e9lagatal"}]},{"@type":"WebSite","@id":"https:\/\/dart.is\/#website","url":"https:\/\/dart.is\/","name":"\u00cdPS -\u00a0Dart.is","description":"Full member of The World Darts Federation","publisher":{"@id":"https:\/\/dart.is\/#organization"},"potentialAction":[{"@type":"SearchAction","target":{"@type":"EntryPoint","urlTemplate":"https:\/\/dart.is\/?s={search_term_string}"},"query-input":{"@type":"PropertyValueSpecification","valueRequired":true,"valueName":"search_term_string"}}],"inLanguage":"en"},{"@type":"Organization","@id":"https:\/\/dart.is\/#organization","name":"\u00cdPS -\u00a0Dart.is","url":"https:\/\/dart.is\/","logo":{"@type":"ImageObject","inLanguage":"en","@id":"https:\/\/dart.is\/#\/schema\/logo\/image\/","url":"https:\/\/i0.wp.com\/dart.is\/wp-content\/uploads\/2023\/05\/cropped-ips-new-header.png?fit=2200%2C250&ssl=1","contentUrl":"https:\/\/i0.wp.com\/dart.is\/wp-content\/uploads\/2023\/05\/cropped-ips-new-header.png?fit=2200%2C250&ssl=1","width":2200,"height":250,"caption":"\u00cdPS -\u00a0Dart.is"},"image":{"@id":"https:\/\/dart.is\/#\/schema\/logo\/image\/"},"sameAs":["http:\/\/www.facebook.com\/ipsdart.is","https:\/\/x.com\/livedarticeland"]}]}},"jetpack_likes_enabled":true,"jetpack_sharing_enabled":true,"_links":{"self":[{"href":"https:\/\/dart.is\/en\/wp-json\/wp\/v2\/pages\/332","targetHints":{"allow":["GET"]}}],"collection":[{"href":"https:\/\/dart.is\/en\/wp-json\/wp\/v2\/pages"}],"about":[{"href":"https:\/\/dart.is\/en\/wp-json\/wp\/v2\/types\/page"}],"author":[{"embeddable":true,"href":"https:\/\/dart.is\/en\/wp-json\/wp\/v2\/users\/1"}],"replies":[{"embeddable":true,"href":"https:\/\/dart.is\/en\/wp-json\/wp\/v2\/comments?post=332"}],"version-history":[{"count":5,"href":"https:\/\/dart.is\/en\/wp-json\/wp\/v2\/pages\/332\/revisions"}],"predecessor-version":[{"id":1171,"href":"https:\/\/dart.is\/en\/wp-json\/wp\/v2\/pages\/332\/revisions\/1171"}],"up":[{"embeddable":true,"href":"https:\/\/dart.is\/en\/wp-json\/wp\/v2\/pages\/100"}],"wp:attachment":[{"href":"https:\/\/dart.is\/en\/wp-json\/wp\/v2\/media?parent=332"}],"curies":[{"name":"wp","href":"https:\/\/api.w.org\/{rel}","templated":true}]}}