{"id":6664,"date":"2022-06-21T11:11:15","date_gmt":"2022-06-21T11:11:15","guid":{"rendered":"http:\/\/dart.is\/?page_id=6664"},"modified":"2022-06-21T11:11:16","modified_gmt":"2022-06-21T11:11:16","slug":"landslidstreyja-ips","status":"publish","type":"page","link":"https:\/\/dart.is\/en\/landslidstreyja-ips\/","title":{"rendered":"Landsli\u00f0streyja \u00cdPS"},"content":{"rendered":"\n<p>\u00cdPS, \u00ed samstarfi vi\u00f0 RUBIX, Macron, GoDartsPro.com og Bullseye, hafa hanna\u00f0 landsli\u00f0streyju sem \u00ed bo\u00f0i ver\u00f0ur a\u00f0 kaupa og styrkja sambandi\u00f0 um lei\u00f0. Ver\u00f0 \u00e1 treyju er 8.900kr og h\u00e6gt er a\u00f0 leggja inn p\u00f6ntun me\u00f0 \u00fev\u00ed a\u00f0 fylla \u00fat formi\u00f0 h\u00e9r fyrir ne\u00f0an.<\/p>\n\n\n\n<figure class=\"wp-block-image size-large\"><a href=\"https:\/\/i0.wp.com\/dart.is\/wp-content\/uploads\/2022\/05\/280063003_1091732455018000_6799096976194923406_n.jpg\"><img data-recalc-dims=\"1\" loading=\"lazy\" decoding=\"async\" width=\"640\" height=\"853\" src=\"https:\/\/i0.wp.com\/dart.is\/wp-content\/uploads\/2022\/05\/280063003_1091732455018000_6799096976194923406_n.jpg?resize=640%2C853\" alt=\"\" class=\"wp-image-6538\" srcset=\"https:\/\/i0.wp.com\/dart.is\/wp-content\/uploads\/2022\/05\/280063003_1091732455018000_6799096976194923406_n.jpg?resize=768%2C1024&amp;ssl=1 768w, https:\/\/i0.wp.com\/dart.is\/wp-content\/uploads\/2022\/05\/280063003_1091732455018000_6799096976194923406_n.jpg?resize=225%2C300&amp;ssl=1 225w, https:\/\/i0.wp.com\/dart.is\/wp-content\/uploads\/2022\/05\/280063003_1091732455018000_6799096976194923406_n.jpg?resize=1152%2C1536&amp;ssl=1 1152w, https:\/\/i0.wp.com\/dart.is\/wp-content\/uploads\/2022\/05\/280063003_1091732455018000_6799096976194923406_n.jpg?w=1536&amp;ssl=1 1536w, https:\/\/i0.wp.com\/dart.is\/wp-content\/uploads\/2022\/05\/280063003_1091732455018000_6799096976194923406_n.jpg?w=1280 1280w\" sizes=\"auto, (max-width: 640px) 100vw, 640px\" \/><\/a><\/figure>\n\n\n\n<iframe loading=\"lazy\" src=\"https:\/\/docs.google.com\/forms\/d\/e\/1FAIpQLScvI3lFPqpknqiZU0EToMXSE6P2y_xQ2lc5D3XKUmNXGEJmlA\/viewform?embedded=true\" width=\"640\" height=\"1694\" frameborder=\"0\" marginheight=\"0\" marginwidth=\"0\">Loading\u2026<\/iframe>\n","protected":false},"excerpt":{"rendered":"<p>\u00cdPS, \u00ed samstarfi vi\u00f0 RUBIX, Macron, GoDartsPro.com og Bullseye, hafa hanna\u00f0 landsli\u00f0streyju sem \u00ed bo\u00f0i ver\u00f0ur a\u00f0 kaupa<\/p>\n","protected":false},"author":7,"featured_media":0,"parent":0,"menu_order":0,"comment_status":"closed","ping_status":"closed","template":"","meta":{"footnotes":""},"class_list":["post-6664","page","type-page","status-publish","hentry"],"yoast_head":"<!-- This site is optimized with the Yoast SEO plugin v27.1.1 - https:\/\/yoast.com\/product\/yoast-seo-wordpress\/ -->\n<title>Landsli\u00f0streyja \u00cdPS<\/title>\n<meta name=\"robots\" content=\"index, follow, max-snippet:-1, max-image-preview:large, max-video-preview:-1\" \/>\n<link rel=\"canonical\" href=\"https:\/\/dart.is\/en\/landslidstreyja-ips\/\" \/>\n<meta property=\"og:locale\" content=\"en_GB\" \/>\n<meta property=\"og:locale:alternate\" content=\"is_IS\" \/>\n<meta property=\"og:type\" content=\"article\" \/>\n<meta property=\"og:title\" content=\"Landsli\u00f0streyja \u00cdPS\" \/>\n<meta property=\"og:description\" content=\"\u00cdPS, \u00ed samstarfi vi\u00f0 RUBIX, Macron, GoDartsPro.com og Bullseye, hafa hanna\u00f0 landsli\u00f0streyju sem \u00ed bo\u00f0i ver\u00f0ur a\u00f0 kaupa\" \/>\n<meta property=\"og:url\" content=\"https:\/\/dart.is\/en\/landslidstreyja-ips\/\" \/>\n<meta property=\"og:site_name\" content=\"\u00cdPS -\u00a0Dart.is\" \/>\n<meta property=\"article:publisher\" content=\"http:\/\/www.facebook.com\/ipsdart.is\" \/>\n<meta property=\"article:modified_time\" content=\"2022-06-21T11:11:16+00:00\" \/>\n<meta property=\"og:image\" content=\"http:\/\/dart.is\/wp-content\/uploads\/2022\/05\/280063003_1091732455018000_6799096976194923406_n-768x1024.jpg\" \/>\n<meta name=\"twitter:card\" content=\"summary_large_image\" \/>\n<meta name=\"twitter:site\" content=\"@livedarticeland\" \/>\n<script type=\"application\/ld+json\" class=\"yoast-schema-graph\">{\"@context\":\"https:\/\/schema.org\",\"@graph\":[{\"@type\":\"WebPage\",\"@id\":\"https:\/\/dart.is\/landslidstreyja-ips\/\",\"url\":\"https:\/\/dart.is\/landslidstreyja-ips\/\",\"name\":\"Landsli\u00f0streyja \u00cdPS\",\"isPartOf\":{\"@id\":\"https:\/\/dart.is\/#website\"},\"primaryImageOfPage\":{\"@id\":\"https:\/\/dart.is\/landslidstreyja-ips\/#primaryimage\"},\"image\":{\"@id\":\"https:\/\/dart.is\/landslidstreyja-ips\/#primaryimage\"},\"thumbnailUrl\":\"http:\/\/dart.is\/wp-content\/uploads\/2022\/05\/280063003_1091732455018000_6799096976194923406_n-768x1024.jpg\",\"datePublished\":\"2022-06-21T11:11:15+00:00\",\"dateModified\":\"2022-06-21T11:11:16+00:00\",\"breadcrumb\":{\"@id\":\"https:\/\/dart.is\/landslidstreyja-ips\/#breadcrumb\"},\"inLanguage\":\"en\",\"potentialAction\":[{\"@type\":\"ReadAction\",\"target\":[\"https:\/\/dart.is\/landslidstreyja-ips\/\"]}]},{\"@type\":\"ImageObject\",\"inLanguage\":\"en\",\"@id\":\"https:\/\/dart.is\/landslidstreyja-ips\/#primaryimage\",\"url\":\"http:\/\/dart.is\/wp-content\/uploads\/2022\/05\/280063003_1091732455018000_6799096976194923406_n-768x1024.jpg\",\"contentUrl\":\"http:\/\/dart.is\/wp-content\/uploads\/2022\/05\/280063003_1091732455018000_6799096976194923406_n-768x1024.jpg\"},{\"@type\":\"BreadcrumbList\",\"@id\":\"https:\/\/dart.is\/landslidstreyja-ips\/#breadcrumb\",\"itemListElement\":[{\"@type\":\"ListItem\",\"position\":1,\"name\":\"Home\",\"item\":\"https:\/\/dart.is\/\"},{\"@type\":\"ListItem\",\"position\":2,\"name\":\"Landsli\u00f0streyja \u00cdPS\"}]},{\"@type\":\"WebSite\",\"@id\":\"https:\/\/dart.is\/#website\",\"url\":\"https:\/\/dart.is\/\",\"name\":\"\u00cdPS -\u00a0Dart.is\",\"description\":\"Full member of The World Darts Federation\",\"publisher\":{\"@id\":\"https:\/\/dart.is\/#organization\"},\"potentialAction\":[{\"@type\":\"SearchAction\",\"target\":{\"@type\":\"EntryPoint\",\"urlTemplate\":\"https:\/\/dart.is\/?s={search_term_string}\"},\"query-input\":{\"@type\":\"PropertyValueSpecification\",\"valueRequired\":true,\"valueName\":\"search_term_string\"}}],\"inLanguage\":\"en\"},{\"@type\":\"Organization\",\"@id\":\"https:\/\/dart.is\/#organization\",\"name\":\"\u00cdPS -\u00a0Dart.is\",\"url\":\"https:\/\/dart.is\/\",\"logo\":{\"@type\":\"ImageObject\",\"inLanguage\":\"en\",\"@id\":\"https:\/\/dart.is\/#\/schema\/logo\/image\/\",\"url\":\"https:\/\/i0.wp.com\/dart.is\/wp-content\/uploads\/2023\/05\/cropped-ips-new-header.png?fit=2200%2C250&ssl=1\",\"contentUrl\":\"https:\/\/i0.wp.com\/dart.is\/wp-content\/uploads\/2023\/05\/cropped-ips-new-header.png?fit=2200%2C250&ssl=1\",\"width\":2200,\"height\":250,\"caption\":\"\u00cdPS -\u00a0Dart.is\"},\"image\":{\"@id\":\"https:\/\/dart.is\/#\/schema\/logo\/image\/\"},\"sameAs\":[\"http:\/\/www.facebook.com\/ipsdart.is\",\"https:\/\/x.com\/livedarticeland\"]}]}<\/script>\n<!-- \/ Yoast SEO plugin. -->","yoast_head_json":{"title":"Landsli\u00f0streyja \u00cdPS","robots":{"index":"index","follow":"follow","max-snippet":"max-snippet:-1","max-image-preview":"max-image-preview:large","max-video-preview":"max-video-preview:-1"},"canonical":"https:\/\/dart.is\/en\/landslidstreyja-ips\/","og_locale":"en_GB","og_type":"article","og_title":"[:is]Landsli\u00f0streyja \u00cdPS[:] - \u00cdPS -\u00a0Dart.is","og_description":"\u00cdPS, \u00ed samstarfi vi\u00f0 RUBIX, Macron, GoDartsPro.com og Bullseye, hafa hanna\u00f0 landsli\u00f0streyju sem \u00ed bo\u00f0i ver\u00f0ur a\u00f0 kaupa","og_url":"https:\/\/dart.is\/en\/landslidstreyja-ips\/","og_site_name":"\u00cdPS -\u00a0Dart.is","article_publisher":"http:\/\/www.facebook.com\/ipsdart.is","article_modified_time":"2022-06-21T11:11:16+00:00","og_image":[{"url":"http:\/\/dart.is\/wp-content\/uploads\/2022\/05\/280063003_1091732455018000_6799096976194923406_n-768x1024.jpg","type":"","width":"","height":""}],"twitter_card":"summary_large_image","twitter_site":"@livedarticeland","schema":{"@context":"https:\/\/schema.org","@graph":[{"@type":"WebPage","@id":"https:\/\/dart.is\/landslidstreyja-ips\/","url":"https:\/\/dart.is\/landslidstreyja-ips\/","name":"Landsli\u00f0streyja \u00cdPS","isPartOf":{"@id":"https:\/\/dart.is\/#website"},"primaryImageOfPage":{"@id":"https:\/\/dart.is\/landslidstreyja-ips\/#primaryimage"},"image":{"@id":"https:\/\/dart.is\/landslidstreyja-ips\/#primaryimage"},"thumbnailUrl":"http:\/\/dart.is\/wp-content\/uploads\/2022\/05\/280063003_1091732455018000_6799096976194923406_n-768x1024.jpg","datePublished":"2022-06-21T11:11:15+00:00","dateModified":"2022-06-21T11:11:16+00:00","breadcrumb":{"@id":"https:\/\/dart.is\/landslidstreyja-ips\/#breadcrumb"},"inLanguage":"en","potentialAction":[{"@type":"ReadAction","target":["https:\/\/dart.is\/landslidstreyja-ips\/"]}]},{"@type":"ImageObject","inLanguage":"en","@id":"https:\/\/dart.is\/landslidstreyja-ips\/#primaryimage","url":"http:\/\/dart.is\/wp-content\/uploads\/2022\/05\/280063003_1091732455018000_6799096976194923406_n-768x1024.jpg","contentUrl":"http:\/\/dart.is\/wp-content\/uploads\/2022\/05\/280063003_1091732455018000_6799096976194923406_n-768x1024.jpg"},{"@type":"BreadcrumbList","@id":"https:\/\/dart.is\/landslidstreyja-ips\/#breadcrumb","itemListElement":[{"@type":"ListItem","position":1,"name":"Home","item":"https:\/\/dart.is\/"},{"@type":"ListItem","position":2,"name":"Landsli\u00f0streyja \u00cdPS"}]},{"@type":"WebSite","@id":"https:\/\/dart.is\/#website","url":"https:\/\/dart.is\/","name":"\u00cdPS -\u00a0Dart.is","description":"Full member of The World Darts Federation","publisher":{"@id":"https:\/\/dart.is\/#organization"},"potentialAction":[{"@type":"SearchAction","target":{"@type":"EntryPoint","urlTemplate":"https:\/\/dart.is\/?s={search_term_string}"},"query-input":{"@type":"PropertyValueSpecification","valueRequired":true,"valueName":"search_term_string"}}],"inLanguage":"en"},{"@type":"Organization","@id":"https:\/\/dart.is\/#organization","name":"\u00cdPS -\u00a0Dart.is","url":"https:\/\/dart.is\/","logo":{"@type":"ImageObject","inLanguage":"en","@id":"https:\/\/dart.is\/#\/schema\/logo\/image\/","url":"https:\/\/i0.wp.com\/dart.is\/wp-content\/uploads\/2023\/05\/cropped-ips-new-header.png?fit=2200%2C250&ssl=1","contentUrl":"https:\/\/i0.wp.com\/dart.is\/wp-content\/uploads\/2023\/05\/cropped-ips-new-header.png?fit=2200%2C250&ssl=1","width":2200,"height":250,"caption":"\u00cdPS -\u00a0Dart.is"},"image":{"@id":"https:\/\/dart.is\/#\/schema\/logo\/image\/"},"sameAs":["http:\/\/www.facebook.com\/ipsdart.is","https:\/\/x.com\/livedarticeland"]}]}},"jetpack_likes_enabled":true,"jetpack_sharing_enabled":true,"_links":{"self":[{"href":"https:\/\/dart.is\/en\/wp-json\/wp\/v2\/pages\/6664","targetHints":{"allow":["GET"]}}],"collection":[{"href":"https:\/\/dart.is\/en\/wp-json\/wp\/v2\/pages"}],"about":[{"href":"https:\/\/dart.is\/en\/wp-json\/wp\/v2\/types\/page"}],"author":[{"embeddable":true,"href":"https:\/\/dart.is\/en\/wp-json\/wp\/v2\/users\/7"}],"replies":[{"embeddable":true,"href":"https:\/\/dart.is\/en\/wp-json\/wp\/v2\/comments?post=6664"}],"version-history":[{"count":1,"href":"https:\/\/dart.is\/en\/wp-json\/wp\/v2\/pages\/6664\/revisions"}],"predecessor-version":[{"id":6665,"href":"https:\/\/dart.is\/en\/wp-json\/wp\/v2\/pages\/6664\/revisions\/6665"}],"wp:attachment":[{"href":"https:\/\/dart.is\/en\/wp-json\/wp\/v2\/media?parent=6664"}],"curies":[{"name":"wp","href":"https:\/\/api.w.org\/{rel}","templated":true}]}}