{"id":7732,"date":"2022-11-19T23:56:07","date_gmt":"2022-11-19T23:56:07","guid":{"rendered":"https:\/\/dart.is\/?page_id=7732"},"modified":"2025-10-26T11:58:26","modified_gmt":"2025-10-26T11:58:26","slug":"adalfundir","status":"publish","type":"page","link":"https:\/\/dart.is\/en\/adalfundir\/","title":{"rendered":"A\u00f0alfundir"},"content":{"rendered":"\n<p>H\u00e9r m\u00e1 finna a\u00f0alfundarger\u00f0ir \u00cdPS fr\u00e1 \u00e1rinu 2016<\/p>\n\n\n\n<p><a href=\"http:\/\/dart.is\/wp-content\/uploads\/2025\/10\/Piluthing-Fundargerd-2025.pdf\">P\u00edlu\u00feing 2025<\/a><\/p>\n\n\n\n<p><a href=\"http:\/\/dart.is\/wp-content\/uploads\/2024\/08\/Framhalds-adalfundur-IPS-2024.pdf\" target=\"_blank\" rel=\"noreferrer noopener\">Framhalds-a\u00f0alfundur 2024<\/a><\/p>\n\n\n\n<p><a href=\"http:\/\/dart.is\/wp-content\/uploads\/2024\/08\/Adalfundur-IPS-2024.pdf\" target=\"_blank\" rel=\"noreferrer noopener\">A\u00f0alfundur 2024<\/a><\/p>\n\n\n\n<p><a href=\"https:\/\/dart.is\/fundargerd-framhalds-adalfundar-26-januar-2023\/\">Framhalds-a\u00f0alfundur 2023<\/a><\/p>\n\n\n\n<p><a href=\"https:\/\/dart.is\/adalfundur-ips-2023-fundagerd\/\">A\u00f0alfundur 2023<\/a><\/p>\n\n\n\n<p><a href=\"https:\/\/dart.is\/wp-content\/uploads\/2022\/05\/Adalfundagerd-I%cc%81PS.pdf\">A\u00f0alfundur 2022<\/a><\/p>\n\n\n\n<p><a href=\"https:\/\/dart.is\/wp-content\/uploads\/2022\/11\/Adalfundargerd-2021.pdf\">A\u00f0alfundur 2021<\/a><\/p>\n\n\n\n<p><a href=\"https:\/\/dart.is\/wp-content\/uploads\/2022\/11\/Fundargerd-2020.pdf\">A\u00f0alfundur 2020<\/a><\/p>\n\n\n\n<p><a href=\"https:\/\/dart.is\/auka-adalfundur-2019\/\">Auka-a\u00f0alfundur 2019<\/a><\/p>\n\n\n\n<p><a href=\"https:\/\/dart.is\/ips\/fundargerdir\/adalfundur-2019\/\">A\u00f0alfundur 2019<\/a><\/p>\n\n\n\n<p><a href=\"https:\/\/dart.is\/ips\/fundargerdir\/adalfundur-2018\/\">A\u00f0alfundur 2018<\/a><\/p>\n\n\n\n<p><a href=\"https:\/\/dart.is\/ips\/fundargerdir\/adalfundur-2017\/\">A\u00f0alfundur 2017<\/a><\/p>\n\n\n\n<p><a href=\"https:\/\/dart.is\/ips\/fundargerdir\/adalfundur-2016\/\">A\u00f0alfundur 2016<\/a><\/p>\n","protected":false},"excerpt":{"rendered":"<p>H\u00e9r m\u00e1 finna a\u00f0alfundarger\u00f0ir \u00cdPS fr\u00e1 \u00e1rinu 2016 P\u00edlu\u00feing 2025 Framhalds-a\u00f0alfundur 2024 A\u00f0alfundur 2024 Framhalds-a\u00f0alfundur 2023 A\u00f0alfundur 2023<\/p>\n","protected":false},"author":68,"featured_media":0,"parent":0,"menu_order":0,"comment_status":"closed","ping_status":"closed","template":"","meta":{"footnotes":""},"class_list":["post-7732","page","type-page","status-publish","hentry"],"yoast_head":"<!-- This site is optimized with the Yoast SEO plugin v27.1.1 - https:\/\/yoast.com\/product\/yoast-seo-wordpress\/ -->\n<title>A\u00f0alfundir<\/title>\n<meta name=\"robots\" content=\"index, follow, max-snippet:-1, max-image-preview:large, max-video-preview:-1\" \/>\n<link rel=\"canonical\" href=\"https:\/\/dart.is\/en\/adalfundir\/\" \/>\n<meta property=\"og:locale\" content=\"en_GB\" \/>\n<meta property=\"og:locale:alternate\" content=\"is_IS\" \/>\n<meta property=\"og:type\" content=\"article\" \/>\n<meta property=\"og:title\" content=\"A\u00f0alfundir\" \/>\n<meta property=\"og:description\" content=\"H\u00e9r m\u00e1 finna a\u00f0alfundarger\u00f0ir \u00cdPS fr\u00e1 \u00e1rinu 2016 P\u00edlu\u00feing 2025 Framhalds-a\u00f0alfundur 2024 A\u00f0alfundur 2024 Framhalds-a\u00f0alfundur 2023 A\u00f0alfundur 2023\" \/>\n<meta property=\"og:url\" content=\"https:\/\/dart.is\/en\/adalfundir\/\" \/>\n<meta property=\"og:site_name\" content=\"\u00cdPS -\u00a0Dart.is\" \/>\n<meta property=\"article:publisher\" content=\"http:\/\/www.facebook.com\/ipsdart.is\" \/>\n<meta property=\"article:modified_time\" content=\"2025-10-26T11:58:26+00:00\" \/>\n<meta name=\"twitter:card\" content=\"summary_large_image\" \/>\n<meta name=\"twitter:site\" content=\"@livedarticeland\" \/>\n<meta name=\"twitter:label1\" content=\"Estimated reading time\" \/>\n\t<meta name=\"twitter:data1\" content=\"1 minute\" \/>\n<script type=\"application\/ld+json\" class=\"yoast-schema-graph\">{\"@context\":\"https:\/\/schema.org\",\"@graph\":[{\"@type\":\"WebPage\",\"@id\":\"https:\/\/dart.is\/adalfundir\/\",\"url\":\"https:\/\/dart.is\/adalfundir\/\",\"name\":\"A\u00f0alfundir\",\"isPartOf\":{\"@id\":\"https:\/\/dart.is\/#website\"},\"datePublished\":\"2022-11-19T23:56:07+00:00\",\"dateModified\":\"2025-10-26T11:58:26+00:00\",\"breadcrumb\":{\"@id\":\"https:\/\/dart.is\/adalfundir\/#breadcrumb\"},\"inLanguage\":\"en\",\"potentialAction\":[{\"@type\":\"ReadAction\",\"target\":[\"https:\/\/dart.is\/adalfundir\/\"]}]},{\"@type\":\"BreadcrumbList\",\"@id\":\"https:\/\/dart.is\/adalfundir\/#breadcrumb\",\"itemListElement\":[{\"@type\":\"ListItem\",\"position\":1,\"name\":\"Home\",\"item\":\"https:\/\/dart.is\/\"},{\"@type\":\"ListItem\",\"position\":2,\"name\":\"A\u00f0alfundir\"}]},{\"@type\":\"WebSite\",\"@id\":\"https:\/\/dart.is\/#website\",\"url\":\"https:\/\/dart.is\/\",\"name\":\"\u00cdPS -\u00a0Dart.is\",\"description\":\"Full member of The World Darts Federation\",\"publisher\":{\"@id\":\"https:\/\/dart.is\/#organization\"},\"potentialAction\":[{\"@type\":\"SearchAction\",\"target\":{\"@type\":\"EntryPoint\",\"urlTemplate\":\"https:\/\/dart.is\/?s={search_term_string}\"},\"query-input\":{\"@type\":\"PropertyValueSpecification\",\"valueRequired\":true,\"valueName\":\"search_term_string\"}}],\"inLanguage\":\"en\"},{\"@type\":\"Organization\",\"@id\":\"https:\/\/dart.is\/#organization\",\"name\":\"\u00cdPS -\u00a0Dart.is\",\"url\":\"https:\/\/dart.is\/\",\"logo\":{\"@type\":\"ImageObject\",\"inLanguage\":\"en\",\"@id\":\"https:\/\/dart.is\/#\/schema\/logo\/image\/\",\"url\":\"https:\/\/i0.wp.com\/dart.is\/wp-content\/uploads\/2023\/05\/cropped-ips-new-header.png?fit=2200%2C250&ssl=1\",\"contentUrl\":\"https:\/\/i0.wp.com\/dart.is\/wp-content\/uploads\/2023\/05\/cropped-ips-new-header.png?fit=2200%2C250&ssl=1\",\"width\":2200,\"height\":250,\"caption\":\"\u00cdPS -\u00a0Dart.is\"},\"image\":{\"@id\":\"https:\/\/dart.is\/#\/schema\/logo\/image\/\"},\"sameAs\":[\"http:\/\/www.facebook.com\/ipsdart.is\",\"https:\/\/x.com\/livedarticeland\"]}]}<\/script>\n<!-- \/ Yoast SEO plugin. -->","yoast_head_json":{"title":"A\u00f0alfundir","robots":{"index":"index","follow":"follow","max-snippet":"max-snippet:-1","max-image-preview":"max-image-preview:large","max-video-preview":"max-video-preview:-1"},"canonical":"https:\/\/dart.is\/en\/adalfundir\/","og_locale":"en_GB","og_type":"article","og_title":"[:is]A\u00f0alfundir[:] - \u00cdPS -\u00a0Dart.is","og_description":"H\u00e9r m\u00e1 finna a\u00f0alfundarger\u00f0ir \u00cdPS fr\u00e1 \u00e1rinu 2016 P\u00edlu\u00feing 2025 Framhalds-a\u00f0alfundur 2024 A\u00f0alfundur 2024 Framhalds-a\u00f0alfundur 2023 A\u00f0alfundur 2023","og_url":"https:\/\/dart.is\/en\/adalfundir\/","og_site_name":"\u00cdPS -\u00a0Dart.is","article_publisher":"http:\/\/www.facebook.com\/ipsdart.is","article_modified_time":"2025-10-26T11:58:26+00:00","twitter_card":"summary_large_image","twitter_site":"@livedarticeland","twitter_misc":{"Estimated reading time":"1 minute"},"schema":{"@context":"https:\/\/schema.org","@graph":[{"@type":"WebPage","@id":"https:\/\/dart.is\/adalfundir\/","url":"https:\/\/dart.is\/adalfundir\/","name":"A\u00f0alfundir","isPartOf":{"@id":"https:\/\/dart.is\/#website"},"datePublished":"2022-11-19T23:56:07+00:00","dateModified":"2025-10-26T11:58:26+00:00","breadcrumb":{"@id":"https:\/\/dart.is\/adalfundir\/#breadcrumb"},"inLanguage":"en","potentialAction":[{"@type":"ReadAction","target":["https:\/\/dart.is\/adalfundir\/"]}]},{"@type":"BreadcrumbList","@id":"https:\/\/dart.is\/adalfundir\/#breadcrumb","itemListElement":[{"@type":"ListItem","position":1,"name":"Home","item":"https:\/\/dart.is\/"},{"@type":"ListItem","position":2,"name":"A\u00f0alfundir"}]},{"@type":"WebSite","@id":"https:\/\/dart.is\/#website","url":"https:\/\/dart.is\/","name":"\u00cdPS -\u00a0Dart.is","description":"Full member of The World Darts Federation","publisher":{"@id":"https:\/\/dart.is\/#organization"},"potentialAction":[{"@type":"SearchAction","target":{"@type":"EntryPoint","urlTemplate":"https:\/\/dart.is\/?s={search_term_string}"},"query-input":{"@type":"PropertyValueSpecification","valueRequired":true,"valueName":"search_term_string"}}],"inLanguage":"en"},{"@type":"Organization","@id":"https:\/\/dart.is\/#organization","name":"\u00cdPS -\u00a0Dart.is","url":"https:\/\/dart.is\/","logo":{"@type":"ImageObject","inLanguage":"en","@id":"https:\/\/dart.is\/#\/schema\/logo\/image\/","url":"https:\/\/i0.wp.com\/dart.is\/wp-content\/uploads\/2023\/05\/cropped-ips-new-header.png?fit=2200%2C250&ssl=1","contentUrl":"https:\/\/i0.wp.com\/dart.is\/wp-content\/uploads\/2023\/05\/cropped-ips-new-header.png?fit=2200%2C250&ssl=1","width":2200,"height":250,"caption":"\u00cdPS -\u00a0Dart.is"},"image":{"@id":"https:\/\/dart.is\/#\/schema\/logo\/image\/"},"sameAs":["http:\/\/www.facebook.com\/ipsdart.is","https:\/\/x.com\/livedarticeland"]}]}},"jetpack_likes_enabled":true,"jetpack_sharing_enabled":true,"_links":{"self":[{"href":"https:\/\/dart.is\/en\/wp-json\/wp\/v2\/pages\/7732","targetHints":{"allow":["GET"]}}],"collection":[{"href":"https:\/\/dart.is\/en\/wp-json\/wp\/v2\/pages"}],"about":[{"href":"https:\/\/dart.is\/en\/wp-json\/wp\/v2\/types\/page"}],"author":[{"embeddable":true,"href":"https:\/\/dart.is\/en\/wp-json\/wp\/v2\/users\/68"}],"replies":[{"embeddable":true,"href":"https:\/\/dart.is\/en\/wp-json\/wp\/v2\/comments?post=7732"}],"version-history":[{"count":10,"href":"https:\/\/dart.is\/en\/wp-json\/wp\/v2\/pages\/7732\/revisions"}],"predecessor-version":[{"id":19501,"href":"https:\/\/dart.is\/en\/wp-json\/wp\/v2\/pages\/7732\/revisions\/19501"}],"wp:attachment":[{"href":"https:\/\/dart.is\/en\/wp-json\/wp\/v2\/media?parent=7732"}],"curies":[{"name":"wp","href":"https:\/\/api.w.org\/{rel}","templated":true}]}}