{"id":18130,"date":"2025-05-07T17:32:23","date_gmt":"2025-05-07T17:32:23","guid":{"rendered":"https:\/\/dart.is\/?post_type=product&#038;p=18130"},"modified":"2026-04-10T10:05:13","modified_gmt":"2026-04-10T10:05:13","slug":"islandsmot-ungmenna-2026","status":"publish","type":"product","link":"https:\/\/dart.is\/en\/product\/islandsmot-ungmenna-2026\/","title":{"rendered":"\u00cdslandsm\u00f3t Ungmenna 2026"},"content":{"rendered":"<p>\u00cdslandsm\u00f3t Ungmenna 2026 ver\u00f0ur haldi\u00f0 laugardaginn 25. apr\u00edl.<br \/>\nSta\u00f0setning er ekki sta\u00f0fest en m\u00f3ti\u00f0 ver\u00f0ur haldi\u00f0 \u00e1 h\u00f6fu\u00f0borgarsv\u00e6\u00f0inu.<br \/>\nSta\u00f0setning fer eftir fj\u00f6lda skr\u00e1ninga.<\/p>\n<p>Keppt ver\u00f0ur \u00ed tveimur aldursflokkum, b\u00e6\u00f0i drengja og st\u00falkna.<\/p>\n<p><strong>Flokkarnir eru:<\/strong><\/p>\n<ul>\n<li>Undir 18 \u00e1ra (f\u00e6\u00f0ingar\u00e1r 2008-2012)<\/li>\n<li>Undir 13 \u00e1ra (f\u00e6\u00f0ingar\u00e1r 2013-2017).<\/li>\n<\/ul>\n<p><strong>Spila\u00f0 ver\u00f0ur 501 <\/strong><\/p>\n<ul>\n<li>U13 &#038; U 18\n<ul>\n<li>Best af 5 \u00ed ri\u00f0lum<\/li>\n<li>Best af 7 \u00ed \u00fatsl\u00e6tti<\/li>\n<li>\u00darslit eru einnig spilu\u00f0 best af 7<\/li>\n<\/ul>\n<\/li>\n<\/ul>\n<p>Vi\u00f0 viljum benda \u00e1 a\u00f0 ef yngri systkini komi me\u00f0 keppendum a\u00f0 \u00feau s\u00e9u \u00e1 abyrg\u00f0 foreldra og a\u00f0 foreldrar passi a\u00f0 l\u00edtil sem engin truflun ver\u00f0i. B\u00f6rn yngri en 16 ver\u00f0a a\u00f0 hafa minnsta kosti einn forr\u00e1\u00f0amann me\u00f0 s\u00e9r\u2026. Var\u00f0andi kl\u00e6\u00f0na\u00f0 \u00e1 m\u00f3tinu er keppendum og forr\u00e1\u00f0amenn bent \u00e1 a\u00f0 sko\u00f0a fatareglur \u00cdPS en \u00fe\u00e6r er h\u00e6gt a\u00f0 finna \u00e1 \u00feessari sl\u00f3\u00f0 \u2013> <a href=\"https:\/\/dart.is\/fatareglur-i-ips-motum-players-attire-in\/\">Reglur um fatna\u00f0<\/a><br \/>\nEinnig eru li\u00f0s\u00ed\u00fer\u00f3ttatreyjur ekki leyf\u00f0ar. ( t.d eins og f\u00f3tbolta,k\u00f6rfubolta og handbolta)<\/p>\n","protected":false},"excerpt":{"rendered":"<p>\u00cdslandsm\u00f3t Ungmenna 2026 ver\u00f0ur haldi\u00f0 laugardaginn 25. apr\u00edl. Sta\u00f0setning er ekki sta\u00f0fest en m\u00f3ti\u00f0 ver\u00f0ur haldi\u00f0 \u00e1 h\u00f6fu\u00f0borgarsv\u00e6\u00f0inu.<\/p>\n","protected":false},"featured_media":17989,"template":"","meta":{"jetpack_publicize_message":"","jetpack_publicize_feature_enabled":true,"jetpack_social_post_already_shared":true,"jetpack_social_options":{"image_generator_settings":{"template":"highway","default_image_id":0,"font":"","enabled":false},"version":2}},"product_brand":[],"product_cat":[218],"product_tag":[],"class_list":{"0":"post-18130","1":"product","2":"type-product","3":"status-publish","4":"has-post-thumbnail","6":"product_cat-islandsmot","8":"first","9":"instock","10":"virtual","11":"sold-individually","12":"purchasable","13":"product-type-simple"},"yoast_head":"<!-- This site is optimized with the Yoast SEO plugin v27.1.1 - https:\/\/yoast.com\/product\/yoast-seo-wordpress\/ -->\n<title>\u00cdslandsm\u00f3t Ungmenna 2026<\/title>\n<meta name=\"robots\" content=\"index, follow, max-snippet:-1, max-image-preview:large, max-video-preview:-1\" \/>\n<link rel=\"canonical\" href=\"https:\/\/dart.is\/en\/product\/islandsmot-ungmenna-2026\/\" \/>\n<meta property=\"og:locale\" content=\"en_GB\" \/>\n<meta property=\"og:locale:alternate\" content=\"is_IS\" \/>\n<meta property=\"og:type\" content=\"article\" \/>\n<meta property=\"og:title\" content=\"\u00cdslandsm\u00f3t Ungmenna 2026\" \/>\n<meta property=\"og:description\" content=\"\u00cdslandsm\u00f3t Ungmenna 2026 ver\u00f0ur haldi\u00f0 laugardaginn 25. apr\u00edl. Sta\u00f0setning er ekki sta\u00f0fest en m\u00f3ti\u00f0 ver\u00f0ur haldi\u00f0 \u00e1 h\u00f6fu\u00f0borgarsv\u00e6\u00f0inu.\" \/>\n<meta property=\"og:url\" content=\"https:\/\/dart.is\/en\/product\/islandsmot-ungmenna-2026\/\" \/>\n<meta property=\"og:site_name\" content=\"\u00cdPS -\u00a0Dart.is\" \/>\n<meta property=\"article:publisher\" content=\"http:\/\/www.facebook.com\/ipsdart.is\" \/>\n<meta property=\"article:modified_time\" content=\"2026-04-10T10:05:13+00:00\" \/>\n<meta property=\"og:image\" content=\"http:\/\/dart.is\/wp-content\/uploads\/2025\/04\/ips-email-header.webp\" \/>\n\t<meta property=\"og:image:width\" content=\"1278\" \/>\n\t<meta property=\"og:image:height\" content=\"478\" \/>\n\t<meta property=\"og:image:type\" content=\"image\/webp\" \/>\n<meta name=\"twitter:card\" content=\"summary_large_image\" \/>\n<meta name=\"twitter:site\" content=\"@livedarticeland\" \/>\n<meta name=\"twitter:label1\" content=\"Estimated reading time\" \/>\n\t<meta name=\"twitter:data1\" content=\"1 minute\" \/>\n<script type=\"application\/ld+json\" class=\"yoast-schema-graph\">{\"@context\":\"https:\/\/schema.org\",\"@graph\":[{\"@type\":\"WebPage\",\"@id\":\"https:\/\/dart.is\/product\/islandsmot-ungmenna-2026\/\",\"url\":\"https:\/\/dart.is\/product\/islandsmot-ungmenna-2026\/\",\"name\":\"\u00cdslandsm\u00f3t Ungmenna 2026\",\"isPartOf\":{\"@id\":\"https:\/\/dart.is\/#website\"},\"primaryImageOfPage\":{\"@id\":\"https:\/\/dart.is\/product\/islandsmot-ungmenna-2026\/#primaryimage\"},\"image\":{\"@id\":\"https:\/\/dart.is\/product\/islandsmot-ungmenna-2026\/#primaryimage\"},\"thumbnailUrl\":\"https:\/\/i0.wp.com\/dart.is\/wp-content\/uploads\/2025\/04\/ips-email-header.webp?fit=1278%2C478&ssl=1\",\"datePublished\":\"2025-05-07T17:32:23+00:00\",\"dateModified\":\"2026-04-10T10:05:13+00:00\",\"breadcrumb\":{\"@id\":\"https:\/\/dart.is\/product\/islandsmot-ungmenna-2026\/#breadcrumb\"},\"inLanguage\":\"en\",\"potentialAction\":[{\"@type\":\"ReadAction\",\"target\":[\"https:\/\/dart.is\/product\/islandsmot-ungmenna-2026\/\"]}]},{\"@type\":\"ImageObject\",\"inLanguage\":\"en\",\"@id\":\"https:\/\/dart.is\/product\/islandsmot-ungmenna-2026\/#primaryimage\",\"url\":\"https:\/\/i0.wp.com\/dart.is\/wp-content\/uploads\/2025\/04\/ips-email-header.webp?fit=1278%2C478&ssl=1\",\"contentUrl\":\"https:\/\/i0.wp.com\/dart.is\/wp-content\/uploads\/2025\/04\/ips-email-header.webp?fit=1278%2C478&ssl=1\",\"width\":1278,\"height\":478},{\"@type\":\"BreadcrumbList\",\"@id\":\"https:\/\/dart.is\/product\/islandsmot-ungmenna-2026\/#breadcrumb\",\"itemListElement\":[{\"@type\":\"ListItem\",\"position\":1,\"name\":\"Home\",\"item\":\"https:\/\/dart.is\/\"},{\"@type\":\"ListItem\",\"position\":2,\"name\":\"Verslun \u00cdPS\",\"item\":\"https:\/\/dart.is\/verslun\/\"},{\"@type\":\"ListItem\",\"position\":3,\"name\":\"\u00cdslandsm\u00f3t Ungmenna 2026\"}]},{\"@type\":\"WebSite\",\"@id\":\"https:\/\/dart.is\/#website\",\"url\":\"https:\/\/dart.is\/\",\"name\":\"\u00cdPS -\u00a0Dart.is\",\"description\":\"Full member of The World Darts Federation\",\"publisher\":{\"@id\":\"https:\/\/dart.is\/#organization\"},\"potentialAction\":[{\"@type\":\"SearchAction\",\"target\":{\"@type\":\"EntryPoint\",\"urlTemplate\":\"https:\/\/dart.is\/?s={search_term_string}\"},\"query-input\":{\"@type\":\"PropertyValueSpecification\",\"valueRequired\":true,\"valueName\":\"search_term_string\"}}],\"inLanguage\":\"en\"},{\"@type\":\"Organization\",\"@id\":\"https:\/\/dart.is\/#organization\",\"name\":\"\u00cdPS -\u00a0Dart.is\",\"url\":\"https:\/\/dart.is\/\",\"logo\":{\"@type\":\"ImageObject\",\"inLanguage\":\"en\",\"@id\":\"https:\/\/dart.is\/#\/schema\/logo\/image\/\",\"url\":\"https:\/\/i0.wp.com\/dart.is\/wp-content\/uploads\/2023\/05\/cropped-ips-new-header.png?fit=2200%2C250&ssl=1\",\"contentUrl\":\"https:\/\/i0.wp.com\/dart.is\/wp-content\/uploads\/2023\/05\/cropped-ips-new-header.png?fit=2200%2C250&ssl=1\",\"width\":2200,\"height\":250,\"caption\":\"\u00cdPS -\u00a0Dart.is\"},\"image\":{\"@id\":\"https:\/\/dart.is\/#\/schema\/logo\/image\/\"},\"sameAs\":[\"http:\/\/www.facebook.com\/ipsdart.is\",\"https:\/\/x.com\/livedarticeland\"]}]}<\/script>\n<!-- \/ Yoast SEO plugin. -->","yoast_head_json":{"title":"\u00cdslandsm\u00f3t Ungmenna 2026","robots":{"index":"index","follow":"follow","max-snippet":"max-snippet:-1","max-image-preview":"max-image-preview:large","max-video-preview":"max-video-preview:-1"},"canonical":"https:\/\/dart.is\/en\/product\/islandsmot-ungmenna-2026\/","og_locale":"en_GB","og_type":"article","og_title":"[:is]\u00cdslandsm\u00f3t Ungmenna 2026[:] - \u00cdPS -\u00a0Dart.is","og_description":"\u00cdslandsm\u00f3t Ungmenna 2026 ver\u00f0ur haldi\u00f0 laugardaginn 25. apr\u00edl. Sta\u00f0setning er ekki sta\u00f0fest en m\u00f3ti\u00f0 ver\u00f0ur haldi\u00f0 \u00e1 h\u00f6fu\u00f0borgarsv\u00e6\u00f0inu.","og_url":"https:\/\/dart.is\/en\/product\/islandsmot-ungmenna-2026\/","og_site_name":"\u00cdPS -\u00a0Dart.is","article_publisher":"http:\/\/www.facebook.com\/ipsdart.is","article_modified_time":"2026-04-10T10:05:13+00:00","og_image":[{"width":1278,"height":478,"url":"http:\/\/dart.is\/wp-content\/uploads\/2025\/04\/ips-email-header.webp","type":"image\/webp"}],"twitter_card":"summary_large_image","twitter_site":"@livedarticeland","twitter_misc":{"Estimated reading time":"1 minute"},"schema":{"@context":"https:\/\/schema.org","@graph":[{"@type":"WebPage","@id":"https:\/\/dart.is\/product\/islandsmot-ungmenna-2026\/","url":"https:\/\/dart.is\/product\/islandsmot-ungmenna-2026\/","name":"\u00cdslandsm\u00f3t Ungmenna 2026","isPartOf":{"@id":"https:\/\/dart.is\/#website"},"primaryImageOfPage":{"@id":"https:\/\/dart.is\/product\/islandsmot-ungmenna-2026\/#primaryimage"},"image":{"@id":"https:\/\/dart.is\/product\/islandsmot-ungmenna-2026\/#primaryimage"},"thumbnailUrl":"https:\/\/i0.wp.com\/dart.is\/wp-content\/uploads\/2025\/04\/ips-email-header.webp?fit=1278%2C478&ssl=1","datePublished":"2025-05-07T17:32:23+00:00","dateModified":"2026-04-10T10:05:13+00:00","breadcrumb":{"@id":"https:\/\/dart.is\/product\/islandsmot-ungmenna-2026\/#breadcrumb"},"inLanguage":"en","potentialAction":[{"@type":"ReadAction","target":["https:\/\/dart.is\/product\/islandsmot-ungmenna-2026\/"]}]},{"@type":"ImageObject","inLanguage":"en","@id":"https:\/\/dart.is\/product\/islandsmot-ungmenna-2026\/#primaryimage","url":"https:\/\/i0.wp.com\/dart.is\/wp-content\/uploads\/2025\/04\/ips-email-header.webp?fit=1278%2C478&ssl=1","contentUrl":"https:\/\/i0.wp.com\/dart.is\/wp-content\/uploads\/2025\/04\/ips-email-header.webp?fit=1278%2C478&ssl=1","width":1278,"height":478},{"@type":"BreadcrumbList","@id":"https:\/\/dart.is\/product\/islandsmot-ungmenna-2026\/#breadcrumb","itemListElement":[{"@type":"ListItem","position":1,"name":"Home","item":"https:\/\/dart.is\/"},{"@type":"ListItem","position":2,"name":"Verslun \u00cdPS","item":"https:\/\/dart.is\/verslun\/"},{"@type":"ListItem","position":3,"name":"\u00cdslandsm\u00f3t Ungmenna 2026"}]},{"@type":"WebSite","@id":"https:\/\/dart.is\/#website","url":"https:\/\/dart.is\/","name":"\u00cdPS -\u00a0Dart.is","description":"Full member of The World Darts Federation","publisher":{"@id":"https:\/\/dart.is\/#organization"},"potentialAction":[{"@type":"SearchAction","target":{"@type":"EntryPoint","urlTemplate":"https:\/\/dart.is\/?s={search_term_string}"},"query-input":{"@type":"PropertyValueSpecification","valueRequired":true,"valueName":"search_term_string"}}],"inLanguage":"en"},{"@type":"Organization","@id":"https:\/\/dart.is\/#organization","name":"\u00cdPS -\u00a0Dart.is","url":"https:\/\/dart.is\/","logo":{"@type":"ImageObject","inLanguage":"en","@id":"https:\/\/dart.is\/#\/schema\/logo\/image\/","url":"https:\/\/i0.wp.com\/dart.is\/wp-content\/uploads\/2023\/05\/cropped-ips-new-header.png?fit=2200%2C250&ssl=1","contentUrl":"https:\/\/i0.wp.com\/dart.is\/wp-content\/uploads\/2023\/05\/cropped-ips-new-header.png?fit=2200%2C250&ssl=1","width":2200,"height":250,"caption":"\u00cdPS -\u00a0Dart.is"},"image":{"@id":"https:\/\/dart.is\/#\/schema\/logo\/image\/"},"sameAs":["http:\/\/www.facebook.com\/ipsdart.is","https:\/\/x.com\/livedarticeland"]}]}},"jetpack_publicize_connections":[],"jetpack_likes_enabled":true,"jetpack_sharing_enabled":true,"_links":{"self":[{"href":"https:\/\/dart.is\/en\/wp-json\/wp\/v2\/product\/18130","targetHints":{"allow":["GET"]}}],"collection":[{"href":"https:\/\/dart.is\/en\/wp-json\/wp\/v2\/product"}],"about":[{"href":"https:\/\/dart.is\/en\/wp-json\/wp\/v2\/types\/product"}],"wp:featuredmedia":[{"embeddable":true,"href":"https:\/\/dart.is\/en\/wp-json\/wp\/v2\/media\/17989"}],"wp:attachment":[{"href":"https:\/\/dart.is\/en\/wp-json\/wp\/v2\/media?parent=18130"}],"wp:term":[{"taxonomy":"product_brand","embeddable":true,"href":"https:\/\/dart.is\/en\/wp-json\/wp\/v2\/product_brand?post=18130"},{"taxonomy":"product_cat","embeddable":true,"href":"https:\/\/dart.is\/en\/wp-json\/wp\/v2\/product_cat?post=18130"},{"taxonomy":"product_tag","embeddable":true,"href":"https:\/\/dart.is\/en\/wp-json\/wp\/v2\/product_tag?post=18130"}],"curies":[{"name":"wp","href":"https:\/\/api.w.org\/{rel}","templated":true}]}}